{"id":105171,"date":"2024-12-07T14:17:44","date_gmt":"2024-12-07T14:17:44","guid":{"rendered":"https:\/\/www.tourismbih.com\/%d1%83%d1%81%d0%bb%d0%be%d0%b2%d0%b8-%d0%b8-%d0%be%d0%b4%d1%80%d0%b5%d0%b4%d0%b1%d0%b5\/"},"modified":"2025-01-17T23:06:26","modified_gmt":"2025-01-17T23:06:26","slug":"tc","status":"publish","type":"page","link":"https:\/\/www.tourismbih.com\/bs-cyrl\/tc\/","title":{"rendered":"\u0423\u0441\u043bo\u0432\u0438 \u0438 o\u0434\u0440e\u0434\u0431e"},"content":{"rendered":"\n<p><strong>Odredbe i Uslovi za Tourism BiH<\/strong><\/p>\n\n\n\n<p><strong>Uvod<\/strong><\/p>\n\n\n\n<p>Ovi Standardni Uslovi i Odredbe napisani na ovoj web stranici upravlja\u0107e va\u0161im kori\u0161tenjem na\u0161e web stranice, Tourism BiH, dostupne na https:\/\/www.tourismbih.com.<\/p>\n\n\n\n<p>Ovi uslovi primjenjiva\u0107e se u potpunosti i uticati na va\u0161e kori\u0161tenje ove web stranice. Kori\u0161tenjem ove web stranice, pristali ste da prihvatite sve ovde navedene uslove. Ne smijete koristiti ovu web stranicu ako se ne sla\u017eete sa bilo kojim od ovih Standardnih uslova i odredbi web stranice.<\/p>\n\n\n\n<p>Iako se trudimo da osiguramo da su podaci na ovoj web stranici ta\u010dni, ne daje se jemstvo, izri\u010dito ili podrazumijevano, u pogledu njihove ta\u010dnosti i ne preuzimamo odgovornost za bilo kakve pogre\u0161ke ili propuste.<\/p>\n\n\n\n<p>Upotreba web stranice je na vlastiti rizik. Ne\u0107emo biti odgovorni za bilo kakvu \u0161tetu (uklju\u010duju\u0107i, bez ograni\u010denja, \u0161tetu za gubitak poslovanja ili gubitak dobiti) koja proizlazi iz ugovora, o\u0161te\u0107enja ili na drugi na\u010din zbog upotrebe ili nemogu\u0107nosti kori\u0161tenja ove web stranice ili bilo kojeg materijala koji se na njoj nalazi, ili od bilo koje radnje ili odluke donesenih kao rezultat upotrebe ove web stranice ili bilo kojeg takvog materijala.<\/p>\n\n\n\n<p>Ne preuzimamo odgovornost za bilo koji alat ili proizvode koji su u vlasni\u0161tvu tre\u0107e strane koji su predstavljeni ili vam dostupni na na\u0161im web lokacijama ili za bilo koju tre\u0107u web lokaciju na koju se na\u0161e web lokacije mogu povezati putem bilo kojeg hiperteksta, banera, dugmadi ili druge takve funkcije. Takve veze na web stranice tre\u0107ih strana pru\u017eaju se radi va\u0161e udobnosti na &#8220;takav kakav je&#8221; bez ikakvog jamstva, izri\u010ditog ili podrazumijevanog, za podatke pru\u017eene na bilo kojim web mjestima tre\u0107ih strana.<\/p>\n\n\n\n<p><strong>Obave\u0161tenje o autorskim pravima<\/strong><\/p>\n\n\n\n<p>(1) Vlasni\u0161tvo autorskih prava<\/p>\n\n\n\n<p>Ako nije druga\u010dije navedeno, mi i na\u0161i davatelji licenci posjedujemo autorska prava na:<\/p>\n\n\n\n<p>(a) ovoj web stranici;<\/p>\n\n\n\n<p>(b) materijalu na ovoj web stranici (uklju\u010duju\u0107i, bez ograni\u010denja, tekst, ra\u010dunarski kod, umjetni\u010dko djelo, fotografije, slike, muziku, audio materijal, video materijal i audio-vizualni materijal na ovoj web stranici).<\/p>\n\n\n\n<p>(2) Licence za autorska prava<\/p>\n\n\n\n<p>Dajemo vam svjetsku, neekskluzivnu, neopozivu licencu za:<\/p>\n\n\n\n<p>(a) pregledavanje ove web stranice i materijala na ovoj web stranici na ra\u010dunaru ili mobilnom ure\u0111aju putem web pretra\u017eiva\u010da;<\/p>\n\n\n\n<p>(b) kopiranje i pohranivanje ove web stranice i materijala na ovoj web stranici u ke\u0161 memoriju svog web pretra\u017eiva\u010da; i<\/p>\n\n\n\n<p>(c) printanje stranica sa ove web stranice za svoju [li\u010dnu i nekomercijalnu] upotrebu.<\/p>\n\n\n\n<p>Ne dajemo vam nikakva druga prava koja se ti\u010du \u200b\u200bove web stranice ili materijala na ovoj web stranici. Drugim rije\u010dima, sva ostala prava su zadr\u017eana.<\/p>\n\n\n\n<p>Da biste izbjegli nedoumice, ne smijete prilago\u0111avati, ure\u0111ivati, mijenjati, transformirati, objavljivati, ponovo objavljivati, distribuirati, redistribuirati, emitirati, reprizirati ili prikazivati \u200b\u200bili reproducirati u javnosti ovu web stranicu ili materijal na ovoj web stranici (u bilo kojem obliku ili medijumu) bez na\u0161eg prethodnog pismenog odobrenja.<\/p>\n\n\n\n<p>(4) Iskopavanje podataka<\/p>\n\n\n\n<p>Automatsko i \/ ili sistematsko prikupljanje podataka s ove web stranice je zabranjeno.<\/p>\n\n\n\n<p>(5) Dozvole<\/p>\n\n\n\n<p>Mo\u017eete zatra\u017eiti dozvolu za kori\u0161\u0107enje materijala o autorskim pravima na ovoj web stranici e-po\u0161tom na adresu info@tourismbih.com<\/p>\n\n\n\n<p>(6) Provo\u0111enje autorskih prava<\/p>\n\n\n\n<p>Za\u0161titu na\u0161ih autorskih prava shva\u0107amo vrlo ozbiljno.<\/p>\n\n\n\n<p>Ako otkrijemo da ste upotrebljavali na\u0161e materijale o autorskim pravima u suprotnosti s licencom pomenutom gore, mo\u017eemo pokrenuti sudski postupak protiv vas tra\u017ee\u0107i nov\u010danu od\u0161tetu i \/ ili zabranu kako bismo vas zaustavili u kori\u0161tenju tih materijala. Moglo bi vam se nalo\u017eiti i pla\u0107anje sudskih tro\u0161kova.<\/p>\n\n\n\n<p>Ako postanete svjesni bilo kakve upotrebe na\u0161ih materijala o autorskim pravima koji su u suprotnosti ili mogu biti u suprotnosti s licencom navedenom gore, prijavite to e-po\u0161tom na adresu info@tourismbih.com<\/p>\n\n\n\n<p>(7) Zloupotrebni materijal<\/p>\n\n\n\n<p>Ako postanete svjesni bilo kojeg materijala na na\u0161oj web stranici za koji vjerujete da kr\u0161i autorska prava vas ili bilo koje druge osobe, prijavite to e-po\u0161tom na adresu info@tourismbih.com.<\/p>\n\n\n\n<p><strong>Od\u0161teta<\/strong><\/p>\n\n\n\n<p>Ovim ovde obe\u0161te\u0107ujete Tourism BiH od i protiv bilo koje i \/ ili svih obaveza, tro\u0161kova, zahtjeva, uzroka tu\u017ebe, \u0161tete i tro\u0161kova koji nastaju na bilo koji na\u010din vezan za va\u0161e kr\u0161enje bilo koje od odredaba ovih Uslova.<\/p>\n\n\n\n<p><strong>Odvojivost<\/strong><\/p>\n\n\n\n<p>Ako se bilo kojom odredbom ovih Uslova utvrdi da nije valjana prema bilo kojem primjenjivom zakonu, takve se odredbe bri\u0161u bez uticaja na ostale odredbe u ovom dokumentu.<\/p>\n\n\n\n<p><strong>Varijacija termina<\/strong><\/p>\n\n\n\n<p>Turizmu BiH dopu\u0161teno je revidirati ove Uslove u bilo koje vrijeme kada to ocijeni prikladnim, a kori\u0161tenjem ove web stranice o\u010dekuje se da redovno pregledavate ove Uslove.<\/p>\n\n\n\n<p><strong>Dodjela<\/strong><\/p>\n\n\n\n<p>Turizmu BiH je dopu\u0161teno da dodjeljuje, prenosi i ugovara svoja prava i \/ ili obveze prema ovim Uslovima&nbsp; bez ikakve najave. Me\u0111utim, nije vam dopu\u0161teno da dodijelite, prenesete ili ustupite bilo koja od svojih prava i \/ ili obaveza iz ovih Uslova.<\/p>\n\n\n\n<p><strong>\u010citav ugovor<\/strong><\/p>\n\n\n\n<p>Ovi uvjeti predstavljaju cjelokupni ugovor izme\u0111u Turizma BiH i vas u vezi s va\u0161im kori\u0161tenjem ove web stranice i zamjenjuju sve prethodne sporazume i dogovore.<\/p>\n\n\n\n<p><strong>Sadr\u017eaj koji stvara korisnik<\/strong><\/p>\n\n\n\n<p>Svaki sadr\u017eaj generisan od strane korisnika, kao \u0161to je pisani sadr\u017eaj, uklju\u010duju\u0107i blogove, fotografije, slike, audio ili video sadr\u017eaje koje ste vi ili poslali na na\u0161e web stranice podlo\u017eni su moderiranju.<\/p>\n\n\n\n<p>Smjernice za moderiranje<\/p>\n\n\n\n<p>\u201ePred moderacija\u201c zna\u010di da se komentari ne\u0107e odmah objaviti; prvo \u0107e ih provjeriti na\u0161i moderatori. Moderatori \u0107e nadgledati web stranicu tokom radnog vremena od ponedjeljka do petka, a cilj im je obraditi komentare \u0161to je br\u017ee mogu\u0107e.<\/p>\n\n\n\n<p>Ovdje se ne radi o cenzurisanju va\u0161ih stavova. Cilj je osigurati da diskusija bude fer, inkluzivna, relevantna i konstruktivna. Moderacija se ne\u0107e koristiti za suzbijanje legitimne, argumentovane rasprave o problemima u ovom dokumentu.<\/p>\n\n\n\n<p>Obi\u010dno \u0107emo odobravati komentare za objavu sve dok:<\/p>\n\n\n\n<ul class=\"wp-block-list\">\n<li>Po\u0161tuju druge ljude. Komentari ne bi trebali biti zlonamjerni ili uvredljivi i ne bi trebali predstavljati li\u010dni napad na karakter osobe;<\/li>\n\n\n\n<li>Ne podsti\u010ditu mr\u017enju na osnovu rase, religije, pola, nacionalnosti ili seksualnosti ili drugih li\u010dnih karakteristika;<\/li>\n\n\n\n<li>Ne uklju\u010duju psovanje, govor mr\u017enje ili opscenost;<\/li>\n\n\n\n<li>Ne otkrivaju li\u010dne podatke, kao \u0161to su privatne adrese, telefonski brojevi, adrese e-po\u0161te ili drugi podaci za kontakt na mre\u017ei;<\/li>\n\n\n\n<li>Ne kr\u0161e zakon &#8211; to uklju\u010duje klevetu, opro\u0161taj ilegalnim aktivnostima i kr\u0161enje autorskih prava;<\/li>\n\n\n\n<li>Dovoljno su sa\u017eeti i ne \u010dine ne\u017eeljenu po\u0161tu;<\/li>\n\n\n\n<li>Nemojte ogla\u0161avati komercijalne proizvode i usluge &#8211; mo\u017eete spomenuti relevantne proizvode i usluge sve dok oni podr\u017eavaju va\u0161 komentar;<\/li>\n\n\n\n<li>Nemojte se la\u017eno predstavljati ili la\u017eno tvrditi da zastupate osobu ili organizaciju;<\/li>\n\n\n\n<li>Su u skladu sa temom. Nemojte postavljati poruke koje nisu povezane sa ovim kanalom<\/li>\n\n\n\n<li>Ako imate 16 ili manje godina, prije nego \u0161to po\u0161aljete komentar, nabavite dozvolu svog roditelja \/ staratelja. Korisnici bez ovog pristanka ne smiju u\u010destvovati ili nam pru\u017eati li\u010dne podatke;<\/li>\n<\/ul>\n\n\n\n<p>Pridr\u017eavamo pravo suspenovanja bilo kojeg sadr\u017eaja korisnika u bilo koje vrijeme. Ako odlu\u010dimo da ne\u0107emo objaviti komentar iz nekog drugog razloga koji nije naveden gore, odgovori\u0107emo korisniku putem e-po\u0161te koji obja\u0161njava na\u0161e razloge i pozivaju\u0107i ih da izvr\u0161e odgovaraju\u0107e izmjene kako bi sadr\u017eaj mogao biti preispitan za objavljivanje na na\u0161im web stranicama.<\/p>\n\n\n\n<p>Autorska prava na originalnim tekstovima i autorska prava na svim komentarima ostaju pri svojim autorima.<\/p>\n\n\n\n<p>Ako nas \u017eelite kontaktirati za slu\u017ebenu prepisku, posjetite odjeljak \u201ekontaktirajte nas\u201c na\u0161e web stranice.<\/p>\n\n\n\n<p><strong>Proizvodi i dobavlja\u010di<\/strong><\/p>\n\n\n\n<p>Prodajemo razli\u010dite proizvode povezane s putovanjima od razli\u010ditih dobavlja\u010da i pru\u017eaoca usluga (&#8220;dobavlja\u010di&#8221;). Svaki dobavlja\u010d ima svoje odredbe i uslove koji se primjenjuju na va\u0161e posebne aran\u017emane, pored na\u0161ih op\u0161tih uslova, i trebali biste biti sigurni da ih razumijete. Odre\u0111eni softver i sadr\u017eaj koji se nalaze na na\u0161oj web stranici vlasni\u0161tvo su ili licencirani od strane nas ili na\u0161ih dobavlja\u010da, a va\u0161a upotreba mo\u017ee biti podlo\u017ena daljnjim uslovima. Na\u0161a web stranica na koju se poziva u ovom Ugovoru je www.tourismbih.com<\/p>\n\n\n\n<p>Tourism BiH djeluje kao posrednik ili &#8220;agent za rezervaciju&#8221; proizvoda i usluga koje mi direktno ne pru\u017eamo. Nismo dobavlja\u010di takvih proizvoda i usluga. S takvim \u0107ete dobavlja\u010dima zaklju\u010diti poseban ugovor u vezi s takvim proizvodima i uslugama.<\/p>\n\n\n\n<p><strong>Rezervacija putem Tourism BiH<\/strong><\/p>\n\n\n\n<p>Ako izvr\u0161ite rezervaciju putem na\u0161e web stranice za produkte koji se odnose na putovanje, rezervacija se vr\u0161i kod pru\u017eatelja putovanja na stranici rezervacije, a na\u0161a web stranica djeluje samo kao korisni\u010dki interfejs. U skladu s tim, Tourism BiH ne snosi odgovornost za rezervaciju ili turisti\u010dki proizvod, jer Tourism BiH ne sudjeluje u kreiranju opisa turisti\u010dkog proizvoda, u definisanju cijene i naknada niti u pru\u017eanju turisti\u010dkih proizvoda koje rezervi\u0161ete. Ako imate bilo kakvih problema ili sporova sa svojom rezervacijom i \/ ili turisti\u010dkim proizvodom, pristajete da ih rije\u0161ite s provajderom putovanja, a ne s nama.<\/p>\n\n\n\n<p><strong>Na\u0161e prisustvo na dru\u0161tvenim medijima<\/strong><\/p>\n\n\n\n<p>Turizam BiH ima nekoliko otvorenih aktivnih zajednica online, uklju\u010duju\u0107i, ali ne ograni\u010davaju\u0107i se na, Facebook, Instagram i Twitter. Ohrabrujemo vas da ih pogledate i uklju\u010dite se. Cijenimo otvorenu raspravu i veselimo se va\u0161im komentarima, pri\u010dama i iskustvima.<\/p>\n\n\n\n<p>Me\u0111utim, molimo da se na\u0161i sljedbenici pridr\u017eavaju odre\u0111enih dobrih praksi kako bi osigurali da je na\u0161a stranica u skladu sa zakonom i da stvore okru\u017eenje dobrodo\u0161lice za sve na\u0161e sljedbenike.<\/p>\n\n\n\n<p>Stoga \u0107emo ukloniti komentare koji:<\/p>\n\n\n\n<ol class=\"wp-block-list\">\n<li>Sadr\u017ee zakletve, zloupotrebe, uvredljive ili opscene jezike;<\/li>\n\n\n\n<li>Predstavljaju potencijalno klevetni\u010dke ili klevetni\u010dke izjave;<\/li>\n\n\n\n<li>Predstavljaju ne\u017eeljenu po\u0161tu ili promovi\u0161u ili reklamiraju proizvode, osim ako se ne radi o doga\u0111aju, publikaciji ili sli\u010dan predmet koji se direktno odnosi na nas;<\/li>\n\n\n\n<li>Sadr\u017ee materijal koji je potencijalno povjerljiv, komercijalno osjetljiv ili koji mo\u017ee prouzrokovati li\u010dne nevolje ili gubitke;<\/li>\n\n\n\n<li>Dizajnirani su tako da izazovu smetnje administratoru stranice ili drugim korisnicima;<\/li>\n\n\n\n<li>Mo\u017eemo ukloniti sve postove koji kr\u0161e gore navedena pravila bez prethodne najave, a na\u0161a \u0107e se odluka smatrati kona\u010dnom. Ne\u0107emo ure\u0111ivati nijedan va\u0161 komentar.<\/li>\n<\/ol>\n","protected":false},"excerpt":{"rendered":"<p>Odredbe i Uslovi za Tourism BiH Uvod Ovi Standardni Uslovi i Odredbe napisani na ovoj web stranici upravlja\u0107e va\u0161im kori\u0161tenjem na\u0161e web stranice, Tourism BiH, dostupne na https:\/\/www.tourismbih.com. Ovi uslovi primjenjiva\u0107e se u potpunosti i uticati na va\u0161e kori\u0161tenje ove web stranice. Kori\u0161tenjem ove web stranice, pristali ste da prihvatite sve ovde navedene uslove. Ne &#8230; <a title=\"\u0423\u0441\u043bo\u0432\u0438 \u0438 o\u0434\u0440e\u0434\u0431e\" class=\"read-more\" href=\"https:\/\/www.tourismbih.com\/bs-cyrl\/tc\/\" aria-label=\"Read more about \u0423\u0441\u043bo\u0432\u0438 \u0438 o\u0434\u0440e\u0434\u0431e\">Read more<\/a><\/p>\n","protected":false},"author":3,"featured_media":0,"parent":0,"menu_order":305,"comment_status":"closed","ping_status":"closed","template":"","meta":{"_acf_changed":false,"footnotes":""},"class_list":["post-105171","page","type-page","status-publish"],"acf":[],"yoast_head":"<!-- This site is optimized with the Yoast SEO plugin v27.3 - https:\/\/yoast.com\/product\/yoast-seo-wordpress\/ -->\n<title>Uslovi i odredbe - Tourism Bosnia and Herzegovina: Visit BiH<\/title>\n<meta name=\"robots\" content=\"index, follow, max-snippet:-1, max-image-preview:large, max-video-preview:-1\" \/>\n<link rel=\"canonical\" href=\"https:\/\/www.tourismbih.com\/bs-cyrl\/tc\/\" \/>\n<meta property=\"og:locale\" content=\"en_US\" \/>\n<meta property=\"og:type\" content=\"article\" \/>\n<meta property=\"og:title\" content=\"Uslovi i odredbe - Tourism Bosnia and Herzegovina: Visit BiH\" \/>\n<meta property=\"og:description\" content=\"Odredbe i Uslovi za Tourism BiH Uvod Ovi Standardni Uslovi i Odredbe napisani na ovoj web stranici upravlja\u0107e va\u0161im kori\u0161tenjem na\u0161e web stranice, Tourism BiH, dostupne na https:\/\/www.tourismbih.com. Ovi uslovi primjenjiva\u0107e se u potpunosti i uticati na va\u0161e kori\u0161tenje ove web stranice. Kori\u0161tenjem ove web stranice, pristali ste da prihvatite sve ovde navedene uslove. Ne ... Read more\" \/>\n<meta property=\"og:url\" content=\"https:\/\/www.tourismbih.com\/bs-cyrl\/tc\/\" \/>\n<meta property=\"og:site_name\" content=\"Tourism Bosnia and Herzegovina: Visit BiH\" \/>\n<meta property=\"article:modified_time\" content=\"2025-01-17T23:06:26+00:00\" \/>\n<meta name=\"twitter:card\" content=\"summary_large_image\" \/>\n<meta name=\"twitter:label1\" content=\"Est. reading time\" \/>\n\t<meta name=\"twitter:data1\" content=\"7 minutes\" \/>\n<script type=\"application\/ld+json\" class=\"yoast-schema-graph\">{\"@context\":\"https:\\\/\\\/schema.org\",\"@graph\":[{\"@type\":\"WebPage\",\"@id\":\"https:\\\/\\\/www.tourismbih.com\\\/bs-cyrl\\\/tc\\\/\",\"url\":\"https:\\\/\\\/www.tourismbih.com\\\/bs-cyrl\\\/tc\\\/\",\"name\":\"Uslovi i odredbe - Tourism Bosnia and Herzegovina: Visit BiH\",\"isPartOf\":{\"@id\":\"https:\\\/\\\/www.tourismbih.com\\\/bs-cyrl\\\/#website\"},\"datePublished\":\"2024-12-07T14:17:44+00:00\",\"dateModified\":\"2025-01-17T23:06:26+00:00\",\"breadcrumb\":{\"@id\":\"https:\\\/\\\/www.tourismbih.com\\\/bs-cyrl\\\/tc\\\/#breadcrumb\"},\"inLanguage\":\"bs-Cyrl-BA\",\"potentialAction\":[{\"@type\":\"ReadAction\",\"target\":[\"https:\\\/\\\/www.tourismbih.com\\\/bs-cyrl\\\/tc\\\/\"]}]},{\"@type\":\"BreadcrumbList\",\"@id\":\"https:\\\/\\\/www.tourismbih.com\\\/bs-cyrl\\\/tc\\\/#breadcrumb\",\"itemListElement\":[{\"@type\":\"ListItem\",\"position\":1,\"name\":\"Home\",\"item\":\"https:\\\/\\\/www.tourismbih.com\\\/bs-cyrl\\\/\"},{\"@type\":\"ListItem\",\"position\":2,\"name\":\"Uslovi i odredbe\"}]},{\"@type\":\"WebSite\",\"@id\":\"https:\\\/\\\/www.tourismbih.com\\\/bs-cyrl\\\/#website\",\"url\":\"https:\\\/\\\/www.tourismbih.com\\\/bs-cyrl\\\/\",\"name\":\"Tourism Bosnia and Herzegovina: Visit BiH\",\"description\":\"The heart shaped land at your fingertips\",\"publisher\":{\"@id\":\"https:\\\/\\\/www.tourismbih.com\\\/bs-cyrl\\\/#organization\"},\"potentialAction\":[{\"@type\":\"SearchAction\",\"target\":{\"@type\":\"EntryPoint\",\"urlTemplate\":\"https:\\\/\\\/www.tourismbih.com\\\/bs-cyrl\\\/?s={search_term_string}\"},\"query-input\":{\"@type\":\"PropertyValueSpecification\",\"valueRequired\":true,\"valueName\":\"search_term_string\"}}],\"inLanguage\":\"bs-Cyrl-BA\"},{\"@type\":\"Organization\",\"@id\":\"https:\\\/\\\/www.tourismbih.com\\\/bs-cyrl\\\/#organization\",\"name\":\"Tourism Bosnia and Herzegovina: Visit BiH\",\"url\":\"https:\\\/\\\/www.tourismbih.com\\\/bs-cyrl\\\/\",\"logo\":{\"@type\":\"ImageObject\",\"inLanguage\":\"bs-Cyrl-BA\",\"@id\":\"https:\\\/\\\/www.tourismbih.com\\\/bs-cyrl\\\/#\\\/schema\\\/logo\\\/image\\\/\",\"url\":\"https:\\\/\\\/www.tourismbih.com\\\/wp-content\\\/uploads\\\/2025\\\/02\\\/new-logo-white-resized.svg\",\"contentUrl\":\"https:\\\/\\\/www.tourismbih.com\\\/wp-content\\\/uploads\\\/2025\\\/02\\\/new-logo-white-resized.svg\",\"caption\":\"Tourism Bosnia and Herzegovina: Visit BiH\"},\"image\":{\"@id\":\"https:\\\/\\\/www.tourismbih.com\\\/bs-cyrl\\\/#\\\/schema\\\/logo\\\/image\\\/\"}}]}<\/script>\n<!-- \/ Yoast SEO plugin. -->","yoast_head_json":{"title":"Uslovi i odredbe - Tourism Bosnia and Herzegovina: Visit BiH","robots":{"index":"index","follow":"follow","max-snippet":"max-snippet:-1","max-image-preview":"max-image-preview:large","max-video-preview":"max-video-preview:-1"},"canonical":"https:\/\/www.tourismbih.com\/bs-cyrl\/tc\/","og_locale":"en_US","og_type":"article","og_title":"Uslovi i odredbe - Tourism Bosnia and Herzegovina: Visit BiH","og_description":"Odredbe i Uslovi za Tourism BiH Uvod Ovi Standardni Uslovi i Odredbe napisani na ovoj web stranici upravlja\u0107e va\u0161im kori\u0161tenjem na\u0161e web stranice, Tourism BiH, dostupne na https:\/\/www.tourismbih.com. Ovi uslovi primjenjiva\u0107e se u potpunosti i uticati na va\u0161e kori\u0161tenje ove web stranice. Kori\u0161tenjem ove web stranice, pristali ste da prihvatite sve ovde navedene uslove. Ne ... Read more","og_url":"https:\/\/www.tourismbih.com\/bs-cyrl\/tc\/","og_site_name":"Tourism Bosnia and Herzegovina: Visit BiH","article_modified_time":"2025-01-17T23:06:26+00:00","twitter_card":"summary_large_image","twitter_misc":{"Est. reading time":"7 minutes"},"schema":{"@context":"https:\/\/schema.org","@graph":[{"@type":"WebPage","@id":"https:\/\/www.tourismbih.com\/bs-cyrl\/tc\/","url":"https:\/\/www.tourismbih.com\/bs-cyrl\/tc\/","name":"Uslovi i odredbe - Tourism Bosnia and Herzegovina: Visit BiH","isPartOf":{"@id":"https:\/\/www.tourismbih.com\/bs-cyrl\/#website"},"datePublished":"2024-12-07T14:17:44+00:00","dateModified":"2025-01-17T23:06:26+00:00","breadcrumb":{"@id":"https:\/\/www.tourismbih.com\/bs-cyrl\/tc\/#breadcrumb"},"inLanguage":"bs-Cyrl-BA","potentialAction":[{"@type":"ReadAction","target":["https:\/\/www.tourismbih.com\/bs-cyrl\/tc\/"]}]},{"@type":"BreadcrumbList","@id":"https:\/\/www.tourismbih.com\/bs-cyrl\/tc\/#breadcrumb","itemListElement":[{"@type":"ListItem","position":1,"name":"Home","item":"https:\/\/www.tourismbih.com\/bs-cyrl\/"},{"@type":"ListItem","position":2,"name":"Uslovi i odredbe"}]},{"@type":"WebSite","@id":"https:\/\/www.tourismbih.com\/bs-cyrl\/#website","url":"https:\/\/www.tourismbih.com\/bs-cyrl\/","name":"Tourism Bosnia and Herzegovina: Visit BiH","description":"The heart shaped land at your fingertips","publisher":{"@id":"https:\/\/www.tourismbih.com\/bs-cyrl\/#organization"},"potentialAction":[{"@type":"SearchAction","target":{"@type":"EntryPoint","urlTemplate":"https:\/\/www.tourismbih.com\/bs-cyrl\/?s={search_term_string}"},"query-input":{"@type":"PropertyValueSpecification","valueRequired":true,"valueName":"search_term_string"}}],"inLanguage":"bs-Cyrl-BA"},{"@type":"Organization","@id":"https:\/\/www.tourismbih.com\/bs-cyrl\/#organization","name":"Tourism Bosnia and Herzegovina: Visit BiH","url":"https:\/\/www.tourismbih.com\/bs-cyrl\/","logo":{"@type":"ImageObject","inLanguage":"bs-Cyrl-BA","@id":"https:\/\/www.tourismbih.com\/bs-cyrl\/#\/schema\/logo\/image\/","url":"https:\/\/www.tourismbih.com\/wp-content\/uploads\/2025\/02\/new-logo-white-resized.svg","contentUrl":"https:\/\/www.tourismbih.com\/wp-content\/uploads\/2025\/02\/new-logo-white-resized.svg","caption":"Tourism Bosnia and Herzegovina: Visit BiH"},"image":{"@id":"https:\/\/www.tourismbih.com\/bs-cyrl\/#\/schema\/logo\/image\/"}}]}},"_links":{"self":[{"href":"https:\/\/www.tourismbih.com\/bs-cyrl\/wp-json\/wp\/v2\/pages\/105171","targetHints":{"allow":["GET"]}}],"collection":[{"href":"https:\/\/www.tourismbih.com\/bs-cyrl\/wp-json\/wp\/v2\/pages"}],"about":[{"href":"https:\/\/www.tourismbih.com\/bs-cyrl\/wp-json\/wp\/v2\/types\/page"}],"author":[{"embeddable":true,"href":"https:\/\/www.tourismbih.com\/bs-cyrl\/wp-json\/wp\/v2\/users\/3"}],"replies":[{"embeddable":true,"href":"https:\/\/www.tourismbih.com\/bs-cyrl\/wp-json\/wp\/v2\/comments?post=105171"}],"version-history":[{"count":4,"href":"https:\/\/www.tourismbih.com\/bs-cyrl\/wp-json\/wp\/v2\/pages\/105171\/revisions"}],"predecessor-version":[{"id":105201,"href":"https:\/\/www.tourismbih.com\/bs-cyrl\/wp-json\/wp\/v2\/pages\/105171\/revisions\/105201"}],"wp:attachment":[{"href":"https:\/\/www.tourismbih.com\/bs-cyrl\/wp-json\/wp\/v2\/media?parent=105171"}],"curies":[{"name":"wp","href":"https:\/\/api.w.org\/{rel}","templated":true}]}}