{"id":105178,"date":"2025-01-16T20:28:31","date_gmt":"2025-01-16T20:28:31","guid":{"rendered":"https:\/\/www.tourismbih.com\/?page_id=105178"},"modified":"2025-01-17T22:50:52","modified_gmt":"2025-01-17T22:50:52","slug":"politika-privatnosti","status":"publish","type":"page","link":"https:\/\/www.tourismbih.com\/bs-cyrl\/politika-privatnosti\/","title":{"rendered":"\u041fo\u043b\u0438\u0442\u0438ka \u043f\u0440\u0438\u0432a\u0442\u043do\u0441\u0442\u0438"},"content":{"rendered":"<p><strong>POLITIKA PRIVATNOSTI ZA TURIZAM BIH<\/strong><\/p>\n<p><strong>Uvod<\/strong><\/p>\n<p>U Tourism BiH, koji je dostupan na <a href=\"https:\/\/tourismbih.com\">tourismbih.com<\/a>, jedan od na\u0161ih glavnih prioriteta je privatnost na\u0161ih posjetioca. Ovaj dokument o politici privatnosti sadr\u017ei vrste podataka koje prikuplja i bilje\u017ei Tourism BiH I na\u010din na koji ih koristimo.<\/p>\n<p>Ako imate dodatna pitanja ili vam je potrebno vi\u0161e informacija o na\u0161im Pravilima o privatnosti, ne ustru\u010davajte se kontaktirati nas.<\/p>\n<p>Ova Pravila o privatnosti odnose se samo na na\u0161e online aktivnosti i vrijede za posjetitelje na\u0161e web stranice s obzirom na informacije koje su podijelili i \/ ili prikupljali o Tourism BiH. Ovo se pravilo ne odnosi na bilo koje informacije prikupljene offline ili preko kanala koji nisu ova web stranica.<\/p>\n<p><strong>Saglasnost<\/strong><\/p>\n<p>Kori\u0161tenjem na\u0161e web stranice, ovim se sla\u017eete s na\u0161im Pravilima o privatnosti i prihvatate njihove uslove.<\/p>\n<p><strong>Informacije koje prikupljamo<\/strong><\/p>\n<p>Osobni podaci koje tra\u017eimo da pru\u017eite, kao i razlozi za\u0161to se od vas tra\u017ei da ih pru\u017eite, bit \u0107e vam jasni u trenutku kada od vas tra\u017eimo da navedete svoje osobne podatke.<\/p>\n<p>Ako nas direktno kontaktirate, mo\u017eda \u0107emo dobiti dodatne informacije o vama kao \u0161to su va\u0161e ime, adresa e-po\u0161te, telefonski broj, sadr\u017eaj poruke i \/ ili privitke koje nam mo\u017eete poslati i sve druge podatke koje odlu\u010dite da navedete.<\/p>\n<p>Kada se registrujete za ra\u010dun, mo\u017eemo tra\u017eiti va\u0161e kontakt podatke, uklju\u010duju\u0107i predmete kao \u0161to su ime, ime kompanije, adresa, adresa e-po\u0161te i telefonski broj.<\/p>\n<p><strong>Kako prikupljamo va\u0161e podatke<\/strong><\/p>\n<p>Koristimo razli\u010dite metode za prikupljanje podataka o vama i od vas, uklju\u010duju\u0107i:<\/p>\n<p>Direktne interakcije. Mo\u017eete nam dati svoj identitet, kontakt i finansijske podatke ispunjavanjem obrazaca ili odgovaranjem po\u0161tom, telefonom, e-po\u0161tom ili na neki drugi na\u010din. Ovo uklju\u010duje li\u010dne podatke koje dajete kada:<\/p>\n<ol>\n<li>aplicirate za na\u0161e proizvode ili usluge;<\/li>\n<li>kreirate ra\u010dun na na\u0161oj web stranici;<\/li>\n<li>pretplatite se na na\u0161u uslugu ili publikacije;<\/li>\n<li>zatra\u017eite da vam se po\u0161alje marketing materijal;<\/li>\n<li>prijavite se u konkurs, promociju ili popunjavanje ankete; ili<\/li>\n<li>date nam neke povratne informacije.<\/li>\n<\/ol>\n<p><strong>Kako koristimo va\u0161e podatke<\/strong><\/p>\n<p>Informacije koje prikupljamo koristimo na razli\u010dite na\u010dine, uklju\u010duju\u0107i:<\/p>\n<ol>\n<li>Da pru\u017eimo, radimo i odr\u017eavamo na\u0161u web stranicu;<\/li>\n<li>Pobolj\u0161amo, personalizujemo i pro\u0161irimo na\u0161u web stranicu;<\/li>\n<li>Da bismo razumjeli i analizirali na\u010din na koji koristite na\u0161u web stranicu;<\/li>\n<li>Da bismo razvili nove proizvode, usluge, funkcije i funkcionalnost;<\/li>\n<li>Da bismo komunicirali s vama bilo direktno ili putem nekog od na\u0161ih partnera, uklju\u010duju\u0107i slu\u017ebu za korisnike, kako bismo vam pru\u017eili a\u017euriranja i druge informacije koje se odnose na web stranicu te u marketin\u0161ke i promotivne svrhe;<\/li>\n<li>Za slanje e-po\u0161te;<\/li>\n<li>Pronala\u017eenje i spre\u010davanje prevare;<\/li>\n<\/ol>\n<p><strong>Log Datoteke<\/strong><\/p>\n<p>Tousim BiH slijedi standardnu \u200b\u200bproceduru kori\u0161tenja log datoteka. Ove datoteke evidentiraju posjetitelje kada posje\u0107uju web lokacije. Sve hosting kompanije to rade i dio su usluga analitike hostinga. Podaci prikupljeni log datotekama uklju\u010duju adrese internetskog protokola (IP), vrstu preglednika, davatelja internetskih usluga (ISP), \u017eig datuma i vremena, stranice upu\u0107ivanja \/ izlaska i eventualno broj klikova. One nisu povezane sa bilo kakvim osobnim podacima. Svrha informacija je analiza trendova, administriranje web mjesta, pra\u0107enje kretanja korisnika na web stranici i prikupljanje demografskih podataka.<\/p>\n<p><strong>Kola\u010di\u0107i i web-ta\u010dkice<\/strong><\/p>\n<p>Kao i bilo koja druga web stranica, Tourism BiH koristi &#8216;kola\u010di\u0107e&#8217;. Ovi kola\u010di\u0107i koriste se za pohranu podataka uklju\u010duju\u0107i preferencije posjetitelja i stranice na web mjestu kojima je posjetitelj pristupio ili posjetio. Te se informacije koriste za optimizaciju korisni\u010dkog iskustva prilago\u0111avanjem sadr\u017eaja na\u0161ih web stranica na temelju vrste pregleda\u010da i \/ ili drugih informacija.<\/p>\n<p><strong>Dijeljenje va\u0161ih li\u010dnih podataka<\/strong><\/p>\n<p>Mo\u017eda \u0107emo morati da dijelimo va\u0161e li\u010dne podatke sa tre\u0107im stranama, navedenim u daljem tekstu:<\/p>\n<p>(a) na\u0161i provajderi platnih usluga za usluge koje se odnose na na\u0161u web stranicu i usluge na koje ste se pretplatili, a koje mogu vr\u0161iti na\u0161i pru\u017eatelji platnih usluga. Podatke o transakcijama dijeli\u0107emo s na\u0161im provajderima usluga platnog prometa samo u onoj mjeri u kojoj je to potrebno za potrebe obrade va\u0161ih pla\u0107anja, povrata takvih pla\u0107anja i rje\u0161avanja pritu\u017ebi i upita u vezi s tim pla\u0107anjima i povratima.<\/p>\n<p>(b) jednog ili vi\u0161e izabranih dobavlja\u010da roba i usluga tre\u0107e strane identifikovanih na na\u0161oj web stranici s kojima ste izri\u010dito pristali dijeliti svoje osobne podatke u svrhe navedene u takvoj saglasnosti ili za ispunjavanje na\u0161ih ugovornih obveza. Svaka takva tre\u0107a strana djeluje kao kontrolor podataka koji se ti\u010du \u200b\u200bpodataka koje im dostavimo; a nakon \u0161to vas kontaktira, svaka takva tre\u0107a strana dostavi\u0107e vam kopiju vlastite politike privatnosti, koja \u0107e upravljati upotrebom va\u0161ih osobnih podataka od strane tre\u0107e strane.<\/p>\n<ol>\n<li>c) na\u0161i ovla\u0161teni obra\u0111iva\u010di podataka i davatelji usluga za pru\u017eanje odre\u0111enih usluga obrade podataka za nas (djeluju kao na\u0161i ovla\u0161teni obra\u0111iva\u010di podataka). Primjeri ovla\u0161tenih obra\u0111iva\u010da podataka mogu uklju\u010divati \u200b\u200bagencije za procjenu i istra\u017eivanje, partnere za naplatu i izvr\u0161avanje, provajdere analiti\u010dkih podataka koji obra\u0111uju podatke u na\u0161e ime u gore navedene svrhe. Na primjer, mo\u017eemo koristiti usluge tre\u0107ih strana za personalizaciju sadr\u017eaja, ispunjavanje narud\u017ebi, dostavu paketa, slanje po\u0161tanskih i e-poruka, slanje tekstualnih poruka (SMS), pru\u017eanje marketin\u0161ke pomo\u0107i, obra\u0111ivanje pla\u0107anja kreditnim karticama, pru\u017eanje usluga provjere prevara i pru\u017eanje korsni\u010dke podr\u0161ke. Kada djeluju kao ovla\u0161teni obra\u0111iva\u010di podataka, na\u0161i pru\u017eatelji usluga moraju obra\u0111ivati \u200b\u200bpodatke u skladu s na\u0161im uputama, u skladu s ovom Politikom, i podlije\u017eu odgovaraju\u0107im obvezama povjerljivosti i sigurnosti.<\/li>\n<\/ol>\n<p>(d) na\u0161i profesionalni savjetnici ukoliko su razumno potrebni za upravljanje rizicima, pribavljanje stru\u010dnih saveta ili uspostavljanje, sprovo\u0111enje ili odbranu pravnih zahteva, bilo u sudskom postupku ili u upravnom ili vanparni\u010dnom postupku.<\/p>\n<p>(e) vladinim tijelima kao \u0161to su Digitalno Odjeljenje, Odjeljenje za kulturu, medije i sport i agencije za provo\u0111enje zakona radi spre\u010davanja prevara, udovoljavanja va\u017ee\u0107im zakonima, propisima i sudskim nalozima i po\u0161tovanja valjanih zahtjeva za pravnim informacijama takvih tijela.<\/p>\n<p><strong>Pravila o privatnosti ogla\u0161ava\u010dkih partnera<\/strong><\/p>\n<p>Mo\u017eete pogledati ovu listu da biste prona\u0161li Pravila o privatnosti za svakog od reklamnih partnera Tourism BiH.<\/p>\n<p>Oglasni poslu\u017eitelji ili oglasne mre\u017ee tre\u0107ih strana koriste tehnologije poput kola\u010di\u0107a, JavaScript ili web Beacon koji se koriste u njihovim oglasima i vezama koje se pojavljuju na Tourism BiH, a koje se \u0161alju izravno na preglednik korisnika. Oni automatski primaju va\u0161u IP adresu kada se to dogodi. Ove se tehnologije koriste za mjerenje u\u010dinkovitosti njihovih reklamnih kampanja i \/ ili za personalizaciju reklamnog sadr\u017eaja koji vidite na web stranicama koje posjetite.<\/p>\n<p>Imajte na umu da Tourism BiH nema pristup ili nadzor nad ovim kola\u010di\u0107ima koji koriste tre\u0107i ogla\u0161iva\u010di.<\/p>\n<p><strong>Pravila o privatnosti tre\u0107ih strana<\/strong><\/p>\n<p>Tourism BiH Politika privatnosti ne odnosi se na ostale ogla\u0161ava\u010de ili web stranice. Stoga vam savjetujemo da potra\u017eite detaljnije informacije u pravilima o privatnosti ovih tre\u0107ih oglasa. To mo\u017ee uklju\u010divati \u200b\u200bnjihovu praksu i uputstva o tome kako da odustanete od odre\u0111enih opcija.<\/p>\n<p>Mo\u017eete odabrati da onemogu\u0107ite kola\u010di\u0107e putem va\u0161ih pojedina\u010dnih opcija pretra\u017eiva\u010da. Da biste saznali detaljnije informacije o upravljanju kola\u010di\u0107ima s odre\u0111enim web preglednicima, mo\u017eete ih prona\u0107i na odgovaraju\u0107im web lokacijama preglednika.<\/p>\n<p><strong>Zadr\u017eavanje i brisanje li\u010dnih podataka<\/strong><\/p>\n<p>Ovaj odlomak sadr\u017ei na\u0161e politike i postupke za \u010duvanje podataka, koji su osmi\u0161ljeni kako bi osigurali po\u0161tovanje na\u0161e zakonske obveze u vezi sa zadr\u017eavanjem i brisanjem osobnih podataka.<\/p>\n<p>Osobni podaci koje obra\u0111ujemo u bilo koje svrhe ne\u0107e se \u010duvati du\u017ee nego \u0161to je potrebno za tu svrhu ili u te svrhe.<\/p>\n<p>Va\u0161e li\u010dne podatke zadr\u017ea\u0107emo na slede\u0107i na\u010din:<\/p>\n<p>(a) kategorije li\u010dnih podataka obi\u010dno se \u010duvaju najvi\u0161e 24 mjeseca nakon prijema, osim ako se takvi podaci ne a\u017euriraju;<\/p>\n<p>(b) op\u0161ti spisi se mogu \u010duvati tokom 6 godina od primanja;<\/p>\n<p>(c) e-poruke se mogu \u010duvati u periodu od 5 godina od na\u0161eg primanja.<\/p>\n<p>U nekim slu\u010dajevima ne mo\u017eemo unaprijed odrediti periode za koje \u0107e se va\u0161i li\u010dni podaci zadr\u017eavati. U takvim \u0107emo slu\u010dajevima utvrditi period zadr\u017eavanja uzimaju\u0107i u obzir period potreban za zadr\u017eavanje zbog njegove zakonite svrhe.<\/p>\n<p>Va\u0161e li\u010dne podatke mo\u017eemo zadr\u017eati tamo gdje je takvo zadr\u017eavanje potrebno radi po\u0161tivanja zakonske obveze kojoj podlije\u017eemo ili u cilju za\u0161tite va\u0161ih vitalnih interesa ili vitalnih interesa druge fizi\u010dke osobe.<\/p>\n<p><strong>Prava na za\u0161titu podataka GDPR<\/strong><\/p>\n<p>\u017deljeli bismo biti sigurni da ste potpuno svjesni svih svojih prava na za\u0161titu podataka. Svaki korisnik ima pravo na sljede\u0107e:<\/p>\n<ol>\n<li>Pravo na pristup &#8211; Imate pravo da tra\u017eite kopije va\u0161ih li\u010dnih podataka. Mo\u017eemo vam naplatiti malu naknadu za ovu uslugu.<\/li>\n<li>Pravo na ispravku &#8211; imate pravo tra\u017eiti da ispravimo bilo koje podatke za koje smatrate da su neta\u010dni. Tako\u0111er imate pravo tra\u017eiti da ispunimo informacije za koje smatrate da su nepotpune.<\/li>\n<li>Pravo na brisanje &#8211; Imate pravo da zahtijevate da obri\u0161emo va\u0161e li\u010dne podatke, pod odre\u0111enim uslovima.<\/li>\n<li>Pravo na ograni\u010davanje obrade &#8211; Imate pravo tra\u017eiti da ograni\u010dimo obradu va\u0161ih li\u010dnih podataka, pod odre\u0111enim uslovima.<\/li>\n<li>Pravo na prigovor na obradu &#8211; Imate pravo prigovora na na\u0161u obradu va\u0161ih li\u010dnih podataka, pod odre\u0111enim uslovima.<\/li>\n<li>Pravo na prenosivost podataka &#8211; Imate pravo tra\u017eiti da podatke koje smo prikupili prenesemo drugoj organizaciji ili direktno vama, pod odre\u0111enim uslovima.<\/li>\n<\/ol>\n<p>Ako podnesete zahtjev, imamo vam mjesec dana da vam odgovorimo.<\/p>\n<p><strong>Informacije o djeci<\/strong><\/p>\n<p>Drugi dio na\u0161eg prioriteta je dodavanje za\u0161tite djeci dok koriste internet. Ohrabrujemo roditelje i staratelje da promatraju, u\u010destvuju u i \/ ili nadgledaju i vode njihovu online aktivnost.<\/p>\n<p>Tourism BiH svjesno ne prikuplja nikakve li\u010dne podatke od djece mla\u0111e od 13 godina. Ako mislite da je va\u0161e dijete dalo takve informacije na na\u0161oj web stranici, toplo vas ohrabrujemo da nas odmah kontaktirate i u\u010dini\u0107emo sve da \u0161to prije uklonimo takve podatke iz na\u0161e evidencije.<\/p>\n<p><strong>Sigurnost va\u0161ih li\u010dnih podataka<\/strong><\/p>\n<p>Iako ne mo\u017eemo garantovati da se neovla\u0161teni pristup nikada ne\u0107e dogoditi, mo\u017eemo vas uvjeriti da vodimo veliku brigu u odr\u017eavanju sigurnosti va\u0161ih li\u010dnih podataka kako bismo sprije\u010dili neovla\u0161teni pristup njima, kori\u0161tenjem odgovaraju\u0107e tehnologije i internih procedura.<\/p>\n<p><strong>\u0160to mi radimo da bismo za\u0161titili va\u0161e podatke<\/strong><\/p>\n<p>Poduzimamo nekoliko koraka da za\u0161titimo va\u0161e podatke od neovla\u0161tenog pristupa, upotrebe ili izmjena i nezakonitog uni\u0161tavanja, uklju\u010duju\u0107i, ako je to potrebno:<\/p>\n<p>Kori\u0161tenje \u0161ifriranja sloja sigurnih uti\u010dnica (SSL) prilikom prikupljanja ili prijenosa osjetljivih podataka, poput podataka o kreditnoj kartici (SSL \u0161ifriranje je dizajnirano tako da podatke u\u010dini ne\u010ditkim svima osim nama).<\/p>\n<p>Ograni\u010davanje pristupa informacijama koje prikupljamo o vama (na primjer, dozvoljen je pristup samo osoblju na\u0161eg tima kojemu su va\u0161i podaci potrebni za obavljanje na\u0161ih poslovnih aktivnosti).<\/p>\n<p>Uspostavljanje fizi\u010dkih, elektronskih i proceduralnih za\u0161titnih mjera u skladu sa industrijskim standardima.<\/p>\n<p><strong>\u0160to biste trebali u\u010diniti da biste za\u0161titili svoje podatke<\/strong><\/p>\n<p>Kao op\u0161ta najbolja praksa na Internetu, preporu\u010duje se pojedincima da vode veliku brigu o korisni\u010dkim ra\u010dunima i pridr\u017eavaju se nekih osnovnih pravila:<\/p>\n<ol>\n<li>Ne koristite trivijalne lozinke (kao \u0161to su pojedina\u010dne rije\u010di iz rje\u010dnika).<\/li>\n<li>Nemojte koristiti istu lozinku za vi\u0161e ra\u010duna.<\/li>\n<li>Koristite vrlo duga\u010dke lozinke (najmanje 10 znakova, ali po mogu\u0107nosti mnogo du\u017ee)<\/li>\n<li>Koristite lozinke koje sadr\u017ee kombinaciju velikih i malih slova, brojeva i posebnih znakova, npr. $% ^ &amp; itd<\/li>\n<li>\u010cuvajte lozinke na siguran na\u010din (nikada ih ne zapisujte ili ne dijelite sa bilo kime) i povremeno ih mijenjajte.<\/li>\n<\/ol>\n","protected":false},"excerpt":{"rendered":"<p>POLITIKA PRIVATNOSTI ZA TURIZAM BIH Uvod U Tourism BiH, koji je dostupan na tourismbih.com, jedan od na\u0161ih glavnih prioriteta je privatnost na\u0161ih posjetioca. Ovaj dokument o politici privatnosti sadr\u017ei vrste podataka koje prikuplja i bilje\u017ei Tourism BiH I na\u010din na koji ih koristimo. Ako imate dodatna pitanja ili vam je potrebno vi\u0161e informacija o na\u0161im &#8230; <a title=\"\u041fo\u043b\u0438\u0442\u0438ka \u043f\u0440\u0438\u0432a\u0442\u043do\u0441\u0442\u0438\" class=\"read-more\" href=\"https:\/\/www.tourismbih.com\/bs-cyrl\/politika-privatnosti\/\" aria-label=\"Read more about \u041fo\u043b\u0438\u0442\u0438ka \u043f\u0440\u0438\u0432a\u0442\u043do\u0441\u0442\u0438\">Read more<\/a><\/p>\n","protected":false},"author":12,"featured_media":0,"parent":0,"menu_order":260,"comment_status":"closed","ping_status":"closed","template":"","meta":{"_acf_changed":false,"footnotes":""},"class_list":["post-105178","page","type-page","status-publish"],"acf":[],"yoast_head":"<!-- This site is optimized with the Yoast SEO plugin v27.3 - https:\/\/yoast.com\/product\/yoast-seo-wordpress\/ -->\n<title>Politika privatnosti - Tourism Bosnia and Herzegovina: Visit BiH<\/title>\n<meta name=\"robots\" content=\"index, follow, max-snippet:-1, max-image-preview:large, max-video-preview:-1\" \/>\n<link rel=\"canonical\" href=\"https:\/\/www.tourismbih.com\/bs-cyrl\/politika-privatnosti\/\" \/>\n<meta property=\"og:locale\" content=\"en_US\" \/>\n<meta property=\"og:type\" content=\"article\" \/>\n<meta property=\"og:title\" content=\"Politika privatnosti - Tourism Bosnia and Herzegovina: Visit BiH\" \/>\n<meta property=\"og:description\" content=\"POLITIKA PRIVATNOSTI ZA TURIZAM BIH Uvod U Tourism BiH, koji je dostupan na tourismbih.com, jedan od na\u0161ih glavnih prioriteta je privatnost na\u0161ih posjetioca. Ovaj dokument o politici privatnosti sadr\u017ei vrste podataka koje prikuplja i bilje\u017ei Tourism BiH I na\u010din na koji ih koristimo. Ako imate dodatna pitanja ili vam je potrebno vi\u0161e informacija o na\u0161im ... Read more\" \/>\n<meta property=\"og:url\" content=\"https:\/\/www.tourismbih.com\/bs-cyrl\/politika-privatnosti\/\" \/>\n<meta property=\"og:site_name\" content=\"Tourism Bosnia and Herzegovina: Visit BiH\" \/>\n<meta property=\"article:modified_time\" content=\"2025-01-17T22:50:52+00:00\" \/>\n<meta name=\"twitter:card\" content=\"summary_large_image\" \/>\n<meta name=\"twitter:label1\" content=\"Est. reading time\" \/>\n\t<meta name=\"twitter:data1\" content=\"8 minutes\" \/>\n<script type=\"application\/ld+json\" class=\"yoast-schema-graph\">{\"@context\":\"https:\\\/\\\/schema.org\",\"@graph\":[{\"@type\":\"WebPage\",\"@id\":\"https:\\\/\\\/www.tourismbih.com\\\/bs-cyrl\\\/politika-privatnosti\\\/\",\"url\":\"https:\\\/\\\/www.tourismbih.com\\\/bs-cyrl\\\/politika-privatnosti\\\/\",\"name\":\"Politika privatnosti - Tourism Bosnia and Herzegovina: Visit BiH\",\"isPartOf\":{\"@id\":\"https:\\\/\\\/www.tourismbih.com\\\/bs-cyrl\\\/#website\"},\"datePublished\":\"2025-01-16T20:28:31+00:00\",\"dateModified\":\"2025-01-17T22:50:52+00:00\",\"breadcrumb\":{\"@id\":\"https:\\\/\\\/www.tourismbih.com\\\/bs-cyrl\\\/politika-privatnosti\\\/#breadcrumb\"},\"inLanguage\":\"bs-Cyrl-BA\",\"potentialAction\":[{\"@type\":\"ReadAction\",\"target\":[\"https:\\\/\\\/www.tourismbih.com\\\/bs-cyrl\\\/politika-privatnosti\\\/\"]}]},{\"@type\":\"BreadcrumbList\",\"@id\":\"https:\\\/\\\/www.tourismbih.com\\\/bs-cyrl\\\/politika-privatnosti\\\/#breadcrumb\",\"itemListElement\":[{\"@type\":\"ListItem\",\"position\":1,\"name\":\"Home\",\"item\":\"https:\\\/\\\/www.tourismbih.com\\\/bs-cyrl\\\/\"},{\"@type\":\"ListItem\",\"position\":2,\"name\":\"Politika privatnosti\"}]},{\"@type\":\"WebSite\",\"@id\":\"https:\\\/\\\/www.tourismbih.com\\\/bs-cyrl\\\/#website\",\"url\":\"https:\\\/\\\/www.tourismbih.com\\\/bs-cyrl\\\/\",\"name\":\"Tourism Bosnia and Herzegovina: Visit BiH\",\"description\":\"The heart shaped land at your fingertips\",\"publisher\":{\"@id\":\"https:\\\/\\\/www.tourismbih.com\\\/bs-cyrl\\\/#organization\"},\"potentialAction\":[{\"@type\":\"SearchAction\",\"target\":{\"@type\":\"EntryPoint\",\"urlTemplate\":\"https:\\\/\\\/www.tourismbih.com\\\/bs-cyrl\\\/?s={search_term_string}\"},\"query-input\":{\"@type\":\"PropertyValueSpecification\",\"valueRequired\":true,\"valueName\":\"search_term_string\"}}],\"inLanguage\":\"bs-Cyrl-BA\"},{\"@type\":\"Organization\",\"@id\":\"https:\\\/\\\/www.tourismbih.com\\\/bs-cyrl\\\/#organization\",\"name\":\"Tourism Bosnia and Herzegovina: Visit BiH\",\"url\":\"https:\\\/\\\/www.tourismbih.com\\\/bs-cyrl\\\/\",\"logo\":{\"@type\":\"ImageObject\",\"inLanguage\":\"bs-Cyrl-BA\",\"@id\":\"https:\\\/\\\/www.tourismbih.com\\\/bs-cyrl\\\/#\\\/schema\\\/logo\\\/image\\\/\",\"url\":\"https:\\\/\\\/www.tourismbih.com\\\/wp-content\\\/uploads\\\/2025\\\/02\\\/new-logo-white-resized.svg\",\"contentUrl\":\"https:\\\/\\\/www.tourismbih.com\\\/wp-content\\\/uploads\\\/2025\\\/02\\\/new-logo-white-resized.svg\",\"caption\":\"Tourism Bosnia and Herzegovina: Visit BiH\"},\"image\":{\"@id\":\"https:\\\/\\\/www.tourismbih.com\\\/bs-cyrl\\\/#\\\/schema\\\/logo\\\/image\\\/\"}}]}<\/script>\n<!-- \/ Yoast SEO plugin. -->","yoast_head_json":{"title":"Politika privatnosti - Tourism Bosnia and Herzegovina: Visit BiH","robots":{"index":"index","follow":"follow","max-snippet":"max-snippet:-1","max-image-preview":"max-image-preview:large","max-video-preview":"max-video-preview:-1"},"canonical":"https:\/\/www.tourismbih.com\/bs-cyrl\/politika-privatnosti\/","og_locale":"en_US","og_type":"article","og_title":"Politika privatnosti - Tourism Bosnia and Herzegovina: Visit BiH","og_description":"POLITIKA PRIVATNOSTI ZA TURIZAM BIH Uvod U Tourism BiH, koji je dostupan na tourismbih.com, jedan od na\u0161ih glavnih prioriteta je privatnost na\u0161ih posjetioca. Ovaj dokument o politici privatnosti sadr\u017ei vrste podataka koje prikuplja i bilje\u017ei Tourism BiH I na\u010din na koji ih koristimo. Ako imate dodatna pitanja ili vam je potrebno vi\u0161e informacija o na\u0161im ... Read more","og_url":"https:\/\/www.tourismbih.com\/bs-cyrl\/politika-privatnosti\/","og_site_name":"Tourism Bosnia and Herzegovina: Visit BiH","article_modified_time":"2025-01-17T22:50:52+00:00","twitter_card":"summary_large_image","twitter_misc":{"Est. reading time":"8 minutes"},"schema":{"@context":"https:\/\/schema.org","@graph":[{"@type":"WebPage","@id":"https:\/\/www.tourismbih.com\/bs-cyrl\/politika-privatnosti\/","url":"https:\/\/www.tourismbih.com\/bs-cyrl\/politika-privatnosti\/","name":"Politika privatnosti - Tourism Bosnia and Herzegovina: Visit BiH","isPartOf":{"@id":"https:\/\/www.tourismbih.com\/bs-cyrl\/#website"},"datePublished":"2025-01-16T20:28:31+00:00","dateModified":"2025-01-17T22:50:52+00:00","breadcrumb":{"@id":"https:\/\/www.tourismbih.com\/bs-cyrl\/politika-privatnosti\/#breadcrumb"},"inLanguage":"bs-Cyrl-BA","potentialAction":[{"@type":"ReadAction","target":["https:\/\/www.tourismbih.com\/bs-cyrl\/politika-privatnosti\/"]}]},{"@type":"BreadcrumbList","@id":"https:\/\/www.tourismbih.com\/bs-cyrl\/politika-privatnosti\/#breadcrumb","itemListElement":[{"@type":"ListItem","position":1,"name":"Home","item":"https:\/\/www.tourismbih.com\/bs-cyrl\/"},{"@type":"ListItem","position":2,"name":"Politika privatnosti"}]},{"@type":"WebSite","@id":"https:\/\/www.tourismbih.com\/bs-cyrl\/#website","url":"https:\/\/www.tourismbih.com\/bs-cyrl\/","name":"Tourism Bosnia and Herzegovina: Visit BiH","description":"The heart shaped land at your fingertips","publisher":{"@id":"https:\/\/www.tourismbih.com\/bs-cyrl\/#organization"},"potentialAction":[{"@type":"SearchAction","target":{"@type":"EntryPoint","urlTemplate":"https:\/\/www.tourismbih.com\/bs-cyrl\/?s={search_term_string}"},"query-input":{"@type":"PropertyValueSpecification","valueRequired":true,"valueName":"search_term_string"}}],"inLanguage":"bs-Cyrl-BA"},{"@type":"Organization","@id":"https:\/\/www.tourismbih.com\/bs-cyrl\/#organization","name":"Tourism Bosnia and Herzegovina: Visit BiH","url":"https:\/\/www.tourismbih.com\/bs-cyrl\/","logo":{"@type":"ImageObject","inLanguage":"bs-Cyrl-BA","@id":"https:\/\/www.tourismbih.com\/bs-cyrl\/#\/schema\/logo\/image\/","url":"https:\/\/www.tourismbih.com\/wp-content\/uploads\/2025\/02\/new-logo-white-resized.svg","contentUrl":"https:\/\/www.tourismbih.com\/wp-content\/uploads\/2025\/02\/new-logo-white-resized.svg","caption":"Tourism Bosnia and Herzegovina: Visit BiH"},"image":{"@id":"https:\/\/www.tourismbih.com\/bs-cyrl\/#\/schema\/logo\/image\/"}}]}},"_links":{"self":[{"href":"https:\/\/www.tourismbih.com\/bs-cyrl\/wp-json\/wp\/v2\/pages\/105178","targetHints":{"allow":["GET"]}}],"collection":[{"href":"https:\/\/www.tourismbih.com\/bs-cyrl\/wp-json\/wp\/v2\/pages"}],"about":[{"href":"https:\/\/www.tourismbih.com\/bs-cyrl\/wp-json\/wp\/v2\/types\/page"}],"author":[{"embeddable":true,"href":"https:\/\/www.tourismbih.com\/bs-cyrl\/wp-json\/wp\/v2\/users\/12"}],"replies":[{"embeddable":true,"href":"https:\/\/www.tourismbih.com\/bs-cyrl\/wp-json\/wp\/v2\/comments?post=105178"}],"version-history":[{"count":5,"href":"https:\/\/www.tourismbih.com\/bs-cyrl\/wp-json\/wp\/v2\/pages\/105178\/revisions"}],"predecessor-version":[{"id":105186,"href":"https:\/\/www.tourismbih.com\/bs-cyrl\/wp-json\/wp\/v2\/pages\/105178\/revisions\/105186"}],"wp:attachment":[{"href":"https:\/\/www.tourismbih.com\/bs-cyrl\/wp-json\/wp\/v2\/media?parent=105178"}],"curies":[{"name":"wp","href":"https:\/\/api.w.org\/{rel}","templated":true}]}}