{"id":105196,"date":"2025-01-17T22:58:34","date_gmt":"2025-01-17T22:58:34","guid":{"rendered":"https:\/\/www.tourismbih.com\/uslovi-i-odredbe-za-sadrzaj-koji-generisu-korisnici\/"},"modified":"2025-01-17T22:58:34","modified_gmt":"2025-01-17T22:58:34","slug":"uslovi-i-odredbe-za-sadrzaj-koji-generisu-korisnici","status":"publish","type":"page","link":"https:\/\/www.tourismbih.com\/bs-cyrl\/uslovi-i-odredbe-za-sadrzaj-koji-generisu-korisnici\/","title":{"rendered":"\u0423\u0441\u043bo\u0432\u0438 \u0438 o\u0434\u0440e\u0434\u0431e \u0437a \u0441a\u0434\u0440\u0436a\u0458 ko\u0458\u0438 \u0433e\u043de\u0440\u0438\u0448\u0443 ko\u0440\u0438\u0441\u043d\u0438\u0446\u0438"},"content":{"rendered":"<p><strong>Uvod<\/strong><\/p>\n<p>Ovi Uslovi kori\u0161tenja sadr\u017eaja generisanog od strane korisnika (\u201eUGC uslovi\u201c) primjenjuju se na upotrebu Tourism BiH i \/ ili distribuciju odre\u0111enog sadr\u017eaja koji je stvorio korisnik, uklju\u010duju\u0107i, bez ograni\u010denja, upotrebu na raznim web stranicama Tourism BiH, dru\u0161tvenim kanalima, televizijskom prenosu, mobilnim aplikacijama i druge promotivne inicijative (kolektivno, &#8220;Promotivni kanali&#8221;).<\/p>\n<p>Uzimaju\u0107i u obzir da Tourism BiH koristi i \/ ili distribui\u0161e va\u0161 sadr\u017eaj, uklju\u010duju\u0107i, ali ne ograni\u010davaju\u0107i se na slike, tekst, dizajne, ilustracije, muziku, stihove, fotografije, video zapise ili drugo intelektualno vlasni\u0161tvo uklju\u010deno na njih (\u201eKorisni\u010dki sadr\u017eaj\u201c), ovim putem potvr\u0111ujete i pristajete da nakon \u0161to Turizam BiH koristi ili distribui\u0161e bilo koji Korisni\u010dki sadr\u017eaj putem promotivnih kanala Tourism BiH, ili podlicencija Tourism BiH i \/ ili brand partnera, bi\u0107ete vezani ovim UGC uslovima. Prihvatanjem ovih UGC uslova pru\u017eate Tourism BiH dozvolu za upotrebu va\u0161eg korisni\u010dkog sadr\u017eaja u skladu s ovim UGC uslovima. Ako u ime neke organizacije sklapate ovaj Ugovor, izjavljujete da ste za to ovla\u0161teni.<\/p>\n<p>Tourism BiH zadr\u017eava pravo izmjene ovih UGC uslova bez prethodne najave objavljivanjem revidirane verzije ovih UGC uslova, \u010dije \u0107e izmjene stupiti na snagu odmah. U skladu s tim, trebali biste redovno i \u010desto pregledati ove UGC Uslove.<\/p>\n<p>Prihvatate i potvr\u0111ujete upotrebu i obradu bilo kakvih li\u010dnih podataka povezanih sa va\u0161im Korisni\u010dkim sadr\u017eajem od strane Tourism BiH ili njegovih podlicencija i \/ ili brand partnera u skladu s Pravilima o privatnosti Tourism BiH.<\/p>\n<p><strong>Licenca Sadr\u017eaja Korisnika<\/strong><\/p>\n<p>Vi \u0107ete u svakom trenutku zadr\u017eati vlasni\u0161tvo nad svojim Korisni\u010dkim sadr\u017eajem. Ovim putem odobravate Tourism BiH i njegovim rukovodiocima, zaposlenima, podru\u017enicama, povezanim kompanijama, agentima, licenciranim licima, podlicenciranim licima, brand partnerima, proizvodnim partnerima, platformama dru\u0161tvenih medija, izvo\u0111a\u010dima, nasljednicima, zakonskim predstavnicima, dodijeljenima, provajderima usluga tre\u0107ih strana i njihovim odgovaraju\u0107im brand parterima, agencijama za marketing ili odnose sa javno\u0161\u0107u i ostalim podru\u017enicima (\u201elicencirane stranke\u201c) \u0161irom svijeta, trajno, neopozivo, bez naknade, potpuno pla\u0107eno, neekskluzivno, prenosivo, podlicencirano pravo i licencu za upotrebu, objavljivanje, emitovanje, prenos, distribuciju i ponovo objavljivanje \u200b\u200b(i) va\u0161eg Korisni\u010dkog sadr\u017eaja i (ii) va\u0161e korisni\u010dko ime, ime, glas, sliku, lik ili druge identifikacijske podatke (&#8220;Ime i \/ ili li\u010dnost&#8221;) kao \u0161to se pojavljuju u vezi s va\u0161im Korisni\u010dkim sadr\u017eajem , na bilo koji na\u010din koji \u0107e se odrediti prema vlastitom naho\u0111enju licenciranih strana, uklju\u010duju\u0107i ali ne ograni\u010davaju\u0107i se na web stranice i stranice dru\u0161tvenih medija kojima upravljaju licencirane stranke, u promotivnim e-mailovima i oglasima te u bilo kojem i svim ostalim marketin\u0161kim, promotivnim i reklamnim inicijativama te u bilo kojim medijima koji su sada ili dalje poznati.<\/p>\n<p>Ugovorne strane mogu koristiti, prikazivati, reprodukovati, distribuisati, prenositi, stvarati izvedene radove iz, kombinovati s drugim materijalima, mijenjati i \/ ili ure\u0111ivati \u200b\u200bva\u0161 Korisni\u010dki sadr\u017eaj na bilo koji na\u010din po vlastitom naho\u0111enju, bez ikakve obveze prema vama. Nikakva upotreba korisni\u010dkog sadr\u017eaja ili va\u0161eg imena i \/ ili sli\u010dnosti s korisni\u010dkim sadr\u017eajem ne treba vam predati na odobrenje za upotrebu od strane licenciranih stranaka.<\/p>\n<p>Bez obzira na gore navedeno, licencirane strane ne\u0107e imati obavezu koristiti bilo koje od prava koja su vam dodijeljena. Licencirane strane mogu u bilo kojem trenutku odlu\u010diti da koriste i prestanu koristiti, ponovo koriste ili ne koriste va\u0161 Korisni\u010dki sadr\u017eaj ili Ime i \/ ili Li\u010dnost. Upotreba va\u0161eg korisni\u010dkog sadr\u017eaja od strane Licenciranih Strana ili va\u0161eg imena i \/ ili li\u010dnosti ne podrazumijeva nikakvu potvrdu ili bilo kakvu povezanost s vama. Ovim se odri\u010dete bilo kojeg prava na uvid ili odobrenje bilo koje upotrebe korisni\u010dkog sadr\u017eaja ili imena i \/ ili li\u010dnosti od strane licenciranih strana kako je to dopu\u0161teno ovim Sporazumom.<\/p>\n<p><strong>Va\u0161e Predstavni<\/strong><strong>\u0161tvo<\/strong><\/p>\n<p>Zastupate i jem\u010dite da:<\/p>\n<p>(i) niste maloljetna osoba ili ste roditelj \/ staratelj svih maloljetnika prikazanih u va\u0161em Korisni\u010dkom sadr\u017eaju, ako ih ima.<\/p>\n<p>(ii) imate potpuno pravo, ovla\u0161\u0107enje i autoritet za davanje prava opisanih u ovim UGC uslovima;<\/p>\n<p>(iii) posjedujete sva prava na i za svoj Korisni\u010dki sadr\u017eaj i ime i \/ ili li\u010dnost i \/ ili ste pribavili odgovaraju\u0107a prava i dozvole od bilo kojih drugih osoba i \/ ili subjekata koji posjeduju, upravljaju ili na drugi na\u010din zahtijevaju bilo koja prava koja se ti\u010du \u200b\u200btakvog korisni\u010dkog sadr\u017eaja i Imena i \/ ili li\u010dnosti, tako da imate sve potrebne licence, prava, saglasnosti i dozvole za objavljivanje korisni\u010dkog sadr\u017eaja i imena i \/ ili podobnosti i davanje prava koja su ovdje data, uklju\u010duju\u0107i dozvolu svih osoba koje se pojavljuju i \/ ili u\u010destvuju u va\u0161em korisni\u010dkom sadr\u017eaju;<\/p>\n<p>(iv) kori\u0161tenje od strane licenciranih stranaka va\u0161eg korisni\u010dkog sadr\u017eaja i imena i \/ ili li\u010dnosti kako je ovdje opisano ne\u0107e kr\u0161iti prava bilo koje tre\u0107e strane ili bilo koji zakon, pravilo ili propis, uklju\u010duju\u0107i, ali ne ograni\u010davaju\u0107i se na za\u0161titu potro\u0161a\u010da, autorska prava, za\u0161titni znak , patent, poslovnu tajnu, privatnost, publicitet, moral, vlasni\u010dka ili druga prava i zakone;<\/p>\n<p>(v) Korisni\u010dki sadr\u017eaj i ime i \/ ili li\u010dnost nisu povjerljivi, pogrdni, klevetni\u010dki, sramotni, pornografski, nasilni, nepristojni, prijete\u0107i.<\/p>\n<p>Ovime u potpunosti osloba\u0111ate, otpu\u0161tate i sla\u017eete se da \u0107e Licencirane stranke, kao i bilo koja osoba ili entitet koji djeluje u njihovo ime, biti oslobo\u0111eni od bilo kakve odgovornosti povezane na bilo koji na\u010din za upotrebu licenciranih stranaka va\u0161eg korisni\u010dkog sadr\u017eaja i va\u0161eg imena i \/ ili li\u010dnosti.<\/p>\n<p>Ako se zatra\u017ei, potpisat \u0107ete bilo koju dokumentaciju na takav na\u010din i na lokaciji koja je potrebna da biste za\u0161titili, usavr\u0161ili ili izvr\u0161ili bilo koja od prava koja ste dodijelili Tourism BiH po ovim UGC uslovima.<\/p>\n<p><strong>Ostale Odredbe<\/strong><\/p>\n<p>Ovi uslovi kori\u0161tenja li\u010dni su vama i ne smijete ih dodijeliti ili prenijeti iz bilo kojeg razloga bez prethodne pismene suglasnosti Tourism BiH; i bilo kakva radnja ili pona\u0161anje protivno gore navedenom bi\u0107e neva\u017ee\u0107e i bez u\u010dinka.<\/p>\n<p>Sla\u017eete se da ako Tourism BiH ne izvr\u0161i neko zakonsko pravo ili ne iskoristi pravni lijek sadr\u017ean u ovim Uslovima kori\u0161tenja (ili od kojih Tourism BiH ima koristi prema bilo kojem primjenjivom zakonu), to se ne\u0107e smatrati slu\u017ebenim odricanjem od prava Tourism BiH i da \u0107e ta prava ili lijekovi i dalje biti dostupni Tourism BiH.<\/p>\n<p>Ovi uslovi kori\u0161tenja tuma\u010de se u skladu sa zakonima Bosne i Hercegovine i ako bilo koji sud koji je nadle\u017ean za odlu\u010divanje o ovom pitanju presudi da je bilo koja odredba ovih Uslova kori\u0161tenja nevaljana, tada \u0107e ta odredba biti uklonjena bez uticaja na preostale uslove kori\u0161\u0107enja. Preostale odredbe ovih Uslova upotrebe i dalje \u0107e biti na snazi \u200b\u200bi primjenjive.<\/p>\n<p>Prihvatate da Tourism BiH mo\u017ee da vas kontaktira u vezi s daljnjim mogu\u0107nostima licenciranja ili prilika za saradnju sa Influencerima.<\/p>\n","protected":false},"excerpt":{"rendered":"<p>Uvod Ovi Uslovi kori\u0161tenja sadr\u017eaja generisanog od strane korisnika (\u201eUGC uslovi\u201c) primjenjuju se na upotrebu Tourism BiH i \/ ili distribuciju odre\u0111enog sadr\u017eaja koji je stvorio korisnik, uklju\u010duju\u0107i, bez ograni\u010denja, upotrebu na raznim web stranicama Tourism BiH, dru\u0161tvenim kanalima, televizijskom prenosu, mobilnim aplikacijama i druge promotivne inicijative (kolektivno, &#8220;Promotivni kanali&#8221;). Uzimaju\u0107i u obzir da Tourism &#8230; <a title=\"\u0423\u0441\u043bo\u0432\u0438 \u0438 o\u0434\u0440e\u0434\u0431e \u0437a \u0441a\u0434\u0440\u0436a\u0458 ko\u0458\u0438 \u0433e\u043de\u0440\u0438\u0448\u0443 ko\u0440\u0438\u0441\u043d\u0438\u0446\u0438\" class=\"read-more\" href=\"https:\/\/www.tourismbih.com\/bs-cyrl\/uslovi-i-odredbe-za-sadrzaj-koji-generisu-korisnici\/\" aria-label=\"Read more about \u0423\u0441\u043bo\u0432\u0438 \u0438 o\u0434\u0440e\u0434\u0431e \u0437a \u0441a\u0434\u0440\u0436a\u0458 ko\u0458\u0438 \u0433e\u043de\u0440\u0438\u0448\u0443 ko\u0440\u0438\u0441\u043d\u0438\u0446\u0438\">Read more<\/a><\/p>\n","protected":false},"author":3,"featured_media":0,"parent":0,"menu_order":270,"comment_status":"closed","ping_status":"closed","template":"","meta":{"_acf_changed":false,"footnotes":""},"class_list":["post-105196","page","type-page","status-publish"],"acf":[],"yoast_head":"<!-- This site is optimized with the Yoast SEO plugin v27.3 - https:\/\/yoast.com\/product\/yoast-seo-wordpress\/ -->\n<title>Uslovi i odredbe za sadr\u017eaj koji generi\u0161u korisnici - Tourism Bosnia and Herzegovina: Visit BiH<\/title>\n<meta name=\"robots\" content=\"index, follow, max-snippet:-1, max-image-preview:large, max-video-preview:-1\" \/>\n<link rel=\"canonical\" href=\"https:\/\/www.tourismbih.com\/bs-cyrl\/uslovi-i-odredbe-za-sadrzaj-koji-generisu-korisnici\/\" \/>\n<meta property=\"og:locale\" content=\"en_US\" \/>\n<meta property=\"og:type\" content=\"article\" \/>\n<meta property=\"og:title\" content=\"Uslovi i odredbe za sadr\u017eaj koji generi\u0161u korisnici - Tourism Bosnia and Herzegovina: Visit BiH\" \/>\n<meta property=\"og:description\" content=\"Uvod Ovi Uslovi kori\u0161tenja sadr\u017eaja generisanog od strane korisnika (\u201eUGC uslovi\u201c) primjenjuju se na upotrebu Tourism BiH i \/ ili distribuciju odre\u0111enog sadr\u017eaja koji je stvorio korisnik, uklju\u010duju\u0107i, bez ograni\u010denja, upotrebu na raznim web stranicama Tourism BiH, dru\u0161tvenim kanalima, televizijskom prenosu, mobilnim aplikacijama i druge promotivne inicijative (kolektivno, &#8220;Promotivni kanali&#8221;). Uzimaju\u0107i u obzir da Tourism ... Read more\" \/>\n<meta property=\"og:url\" content=\"https:\/\/www.tourismbih.com\/bs-cyrl\/uslovi-i-odredbe-za-sadrzaj-koji-generisu-korisnici\/\" \/>\n<meta property=\"og:site_name\" content=\"Tourism Bosnia and Herzegovina: Visit BiH\" \/>\n<meta name=\"twitter:card\" content=\"summary_large_image\" \/>\n<meta name=\"twitter:label1\" content=\"Est. reading time\" \/>\n\t<meta name=\"twitter:data1\" content=\"6 minutes\" \/>\n<script type=\"application\/ld+json\" class=\"yoast-schema-graph\">{\"@context\":\"https:\\\/\\\/schema.org\",\"@graph\":[{\"@type\":\"WebPage\",\"@id\":\"https:\\\/\\\/www.tourismbih.com\\\/bs-cyrl\\\/uslovi-i-odredbe-za-sadrzaj-koji-generisu-korisnici\\\/\",\"url\":\"https:\\\/\\\/www.tourismbih.com\\\/bs-cyrl\\\/uslovi-i-odredbe-za-sadrzaj-koji-generisu-korisnici\\\/\",\"name\":\"Uslovi i odredbe za sadr\u017eaj koji generi\u0161u korisnici - Tourism Bosnia and Herzegovina: Visit BiH\",\"isPartOf\":{\"@id\":\"https:\\\/\\\/www.tourismbih.com\\\/bs-cyrl\\\/#website\"},\"datePublished\":\"2025-01-17T22:58:34+00:00\",\"breadcrumb\":{\"@id\":\"https:\\\/\\\/www.tourismbih.com\\\/bs-cyrl\\\/uslovi-i-odredbe-za-sadrzaj-koji-generisu-korisnici\\\/#breadcrumb\"},\"inLanguage\":\"bs-Cyrl-BA\",\"potentialAction\":[{\"@type\":\"ReadAction\",\"target\":[\"https:\\\/\\\/www.tourismbih.com\\\/bs-cyrl\\\/uslovi-i-odredbe-za-sadrzaj-koji-generisu-korisnici\\\/\"]}]},{\"@type\":\"BreadcrumbList\",\"@id\":\"https:\\\/\\\/www.tourismbih.com\\\/bs-cyrl\\\/uslovi-i-odredbe-za-sadrzaj-koji-generisu-korisnici\\\/#breadcrumb\",\"itemListElement\":[{\"@type\":\"ListItem\",\"position\":1,\"name\":\"Home\",\"item\":\"https:\\\/\\\/www.tourismbih.com\\\/bs-cyrl\\\/\"},{\"@type\":\"ListItem\",\"position\":2,\"name\":\"Uslovi i odredbe za sadr\u017eaj koji generi\u0161u korisnici\"}]},{\"@type\":\"WebSite\",\"@id\":\"https:\\\/\\\/www.tourismbih.com\\\/bs-cyrl\\\/#website\",\"url\":\"https:\\\/\\\/www.tourismbih.com\\\/bs-cyrl\\\/\",\"name\":\"Tourism Bosnia and Herzegovina: Visit BiH\",\"description\":\"The heart shaped land at your fingertips\",\"publisher\":{\"@id\":\"https:\\\/\\\/www.tourismbih.com\\\/bs-cyrl\\\/#organization\"},\"potentialAction\":[{\"@type\":\"SearchAction\",\"target\":{\"@type\":\"EntryPoint\",\"urlTemplate\":\"https:\\\/\\\/www.tourismbih.com\\\/bs-cyrl\\\/?s={search_term_string}\"},\"query-input\":{\"@type\":\"PropertyValueSpecification\",\"valueRequired\":true,\"valueName\":\"search_term_string\"}}],\"inLanguage\":\"bs-Cyrl-BA\"},{\"@type\":\"Organization\",\"@id\":\"https:\\\/\\\/www.tourismbih.com\\\/bs-cyrl\\\/#organization\",\"name\":\"Tourism Bosnia and Herzegovina: Visit BiH\",\"url\":\"https:\\\/\\\/www.tourismbih.com\\\/bs-cyrl\\\/\",\"logo\":{\"@type\":\"ImageObject\",\"inLanguage\":\"bs-Cyrl-BA\",\"@id\":\"https:\\\/\\\/www.tourismbih.com\\\/bs-cyrl\\\/#\\\/schema\\\/logo\\\/image\\\/\",\"url\":\"https:\\\/\\\/www.tourismbih.com\\\/wp-content\\\/uploads\\\/2025\\\/02\\\/new-logo-white-resized.svg\",\"contentUrl\":\"https:\\\/\\\/www.tourismbih.com\\\/wp-content\\\/uploads\\\/2025\\\/02\\\/new-logo-white-resized.svg\",\"caption\":\"Tourism Bosnia and Herzegovina: Visit BiH\"},\"image\":{\"@id\":\"https:\\\/\\\/www.tourismbih.com\\\/bs-cyrl\\\/#\\\/schema\\\/logo\\\/image\\\/\"}}]}<\/script>\n<!-- \/ Yoast SEO plugin. -->","yoast_head_json":{"title":"Uslovi i odredbe za sadr\u017eaj koji generi\u0161u korisnici - Tourism Bosnia and Herzegovina: Visit BiH","robots":{"index":"index","follow":"follow","max-snippet":"max-snippet:-1","max-image-preview":"max-image-preview:large","max-video-preview":"max-video-preview:-1"},"canonical":"https:\/\/www.tourismbih.com\/bs-cyrl\/uslovi-i-odredbe-za-sadrzaj-koji-generisu-korisnici\/","og_locale":"en_US","og_type":"article","og_title":"Uslovi i odredbe za sadr\u017eaj koji generi\u0161u korisnici - Tourism Bosnia and Herzegovina: Visit BiH","og_description":"Uvod Ovi Uslovi kori\u0161tenja sadr\u017eaja generisanog od strane korisnika (\u201eUGC uslovi\u201c) primjenjuju se na upotrebu Tourism BiH i \/ ili distribuciju odre\u0111enog sadr\u017eaja koji je stvorio korisnik, uklju\u010duju\u0107i, bez ograni\u010denja, upotrebu na raznim web stranicama Tourism BiH, dru\u0161tvenim kanalima, televizijskom prenosu, mobilnim aplikacijama i druge promotivne inicijative (kolektivno, &#8220;Promotivni kanali&#8221;). Uzimaju\u0107i u obzir da Tourism ... Read more","og_url":"https:\/\/www.tourismbih.com\/bs-cyrl\/uslovi-i-odredbe-za-sadrzaj-koji-generisu-korisnici\/","og_site_name":"Tourism Bosnia and Herzegovina: Visit BiH","twitter_card":"summary_large_image","twitter_misc":{"Est. reading time":"6 minutes"},"schema":{"@context":"https:\/\/schema.org","@graph":[{"@type":"WebPage","@id":"https:\/\/www.tourismbih.com\/bs-cyrl\/uslovi-i-odredbe-za-sadrzaj-koji-generisu-korisnici\/","url":"https:\/\/www.tourismbih.com\/bs-cyrl\/uslovi-i-odredbe-za-sadrzaj-koji-generisu-korisnici\/","name":"Uslovi i odredbe za sadr\u017eaj koji generi\u0161u korisnici - Tourism Bosnia and Herzegovina: Visit BiH","isPartOf":{"@id":"https:\/\/www.tourismbih.com\/bs-cyrl\/#website"},"datePublished":"2025-01-17T22:58:34+00:00","breadcrumb":{"@id":"https:\/\/www.tourismbih.com\/bs-cyrl\/uslovi-i-odredbe-za-sadrzaj-koji-generisu-korisnici\/#breadcrumb"},"inLanguage":"bs-Cyrl-BA","potentialAction":[{"@type":"ReadAction","target":["https:\/\/www.tourismbih.com\/bs-cyrl\/uslovi-i-odredbe-za-sadrzaj-koji-generisu-korisnici\/"]}]},{"@type":"BreadcrumbList","@id":"https:\/\/www.tourismbih.com\/bs-cyrl\/uslovi-i-odredbe-za-sadrzaj-koji-generisu-korisnici\/#breadcrumb","itemListElement":[{"@type":"ListItem","position":1,"name":"Home","item":"https:\/\/www.tourismbih.com\/bs-cyrl\/"},{"@type":"ListItem","position":2,"name":"Uslovi i odredbe za sadr\u017eaj koji generi\u0161u korisnici"}]},{"@type":"WebSite","@id":"https:\/\/www.tourismbih.com\/bs-cyrl\/#website","url":"https:\/\/www.tourismbih.com\/bs-cyrl\/","name":"Tourism Bosnia and Herzegovina: Visit BiH","description":"The heart shaped land at your fingertips","publisher":{"@id":"https:\/\/www.tourismbih.com\/bs-cyrl\/#organization"},"potentialAction":[{"@type":"SearchAction","target":{"@type":"EntryPoint","urlTemplate":"https:\/\/www.tourismbih.com\/bs-cyrl\/?s={search_term_string}"},"query-input":{"@type":"PropertyValueSpecification","valueRequired":true,"valueName":"search_term_string"}}],"inLanguage":"bs-Cyrl-BA"},{"@type":"Organization","@id":"https:\/\/www.tourismbih.com\/bs-cyrl\/#organization","name":"Tourism Bosnia and Herzegovina: Visit BiH","url":"https:\/\/www.tourismbih.com\/bs-cyrl\/","logo":{"@type":"ImageObject","inLanguage":"bs-Cyrl-BA","@id":"https:\/\/www.tourismbih.com\/bs-cyrl\/#\/schema\/logo\/image\/","url":"https:\/\/www.tourismbih.com\/wp-content\/uploads\/2025\/02\/new-logo-white-resized.svg","contentUrl":"https:\/\/www.tourismbih.com\/wp-content\/uploads\/2025\/02\/new-logo-white-resized.svg","caption":"Tourism Bosnia and Herzegovina: Visit BiH"},"image":{"@id":"https:\/\/www.tourismbih.com\/bs-cyrl\/#\/schema\/logo\/image\/"}}]}},"_links":{"self":[{"href":"https:\/\/www.tourismbih.com\/bs-cyrl\/wp-json\/wp\/v2\/pages\/105196","targetHints":{"allow":["GET"]}}],"collection":[{"href":"https:\/\/www.tourismbih.com\/bs-cyrl\/wp-json\/wp\/v2\/pages"}],"about":[{"href":"https:\/\/www.tourismbih.com\/bs-cyrl\/wp-json\/wp\/v2\/types\/page"}],"author":[{"embeddable":true,"href":"https:\/\/www.tourismbih.com\/bs-cyrl\/wp-json\/wp\/v2\/users\/3"}],"replies":[{"embeddable":true,"href":"https:\/\/www.tourismbih.com\/bs-cyrl\/wp-json\/wp\/v2\/comments?post=105196"}],"version-history":[{"count":0,"href":"https:\/\/www.tourismbih.com\/bs-cyrl\/wp-json\/wp\/v2\/pages\/105196\/revisions"}],"wp:attachment":[{"href":"https:\/\/www.tourismbih.com\/bs-cyrl\/wp-json\/wp\/v2\/media?parent=105196"}],"curies":[{"name":"wp","href":"https:\/\/api.w.org\/{rel}","templated":true}]}}