{"id":105197,"date":"2025-01-17T22:59:49","date_gmt":"2025-01-17T22:59:49","guid":{"rendered":"https:\/\/www.tourismbih.com\/izjava-o-pristupacnosti\/"},"modified":"2025-01-17T22:59:49","modified_gmt":"2025-01-17T22:59:49","slug":"izjava-o-pristupacnosti","status":"publish","type":"page","link":"https:\/\/www.tourismbih.com\/bs-cyrl\/izjava-o-pristupacnosti\/","title":{"rendered":"\u0418\u0437\u0458a\u0432a o \u043f\u0440\u0438\u0441\u0442\u0443\u043fa\u0447\u043do\u0441\u0442\u0438"},"content":{"rendered":"<p><strong>Izjava o pristupa\u010dnosti za Tourism BiH<\/strong><\/p>\n<p>Turizam BiH se zala\u017ee za osiguranje digitalne dostupnosti za osobe s invaliditetom. Neprekidno pobolj\u0161avamo korisni\u010dko iskustvo za sve i primjenjujemo relevantne standarde pristupa\u010dnosti.<\/p>\n<p><strong>\u0160ta u\u010diniti ako ne mo\u017eete pristupiti dijelovima ove web stranice<\/strong><\/p>\n<p>Molimo vas da nas kontaktirate na dolje navedene detalje ako trebate bilo koji sadr\u017eaj koji se pojavljuje na ovoj web stranici u pristupa\u010dnijem formatu, na primjer, PDF.<\/p>\n<p>email: info@tourismbih.com<\/p>\n<p>Uze\u0107emo u obzir va\u0161 zahtjev i javiti vam se u roku od deset dana.<\/p>\n<p><strong>Prijavljivanje problema sa pristupa\u010dno\u0161\u0107u na ovoj web lokaciji<\/strong><\/p>\n<p>Uvijek smo u potrazi za pobolj\u0161anjem pristupa\u010dnosti ove web stranice. Ako prona\u0111ete bilo kakve probleme koji nisu navedeni na ovoj stranici ili mislite da ne ispunjavamo zahteve za pristupa\u010dnost, kontaktirajte:<\/p>\n<p>email: info@tourismbih.com<\/p>\n","protected":false},"excerpt":{"rendered":"<p>Izjava o pristupa\u010dnosti za Tourism BiH Turizam BiH se zala\u017ee za osiguranje digitalne dostupnosti za osobe s invaliditetom. Neprekidno pobolj\u0161avamo korisni\u010dko iskustvo za sve i primjenjujemo relevantne standarde pristupa\u010dnosti. \u0160ta u\u010diniti ako ne mo\u017eete pristupiti dijelovima ove web stranice Molimo vas da nas kontaktirate na dolje navedene detalje ako trebate bilo koji sadr\u017eaj koji se &#8230; <a title=\"\u0418\u0437\u0458a\u0432a o \u043f\u0440\u0438\u0441\u0442\u0443\u043fa\u0447\u043do\u0441\u0442\u0438\" class=\"read-more\" href=\"https:\/\/www.tourismbih.com\/bs-cyrl\/izjava-o-pristupacnosti\/\" aria-label=\"Read more about \u0418\u0437\u0458a\u0432a o \u043f\u0440\u0438\u0441\u0442\u0443\u043fa\u0447\u043do\u0441\u0442\u0438\">Read more<\/a><\/p>\n","protected":false},"author":3,"featured_media":0,"parent":0,"menu_order":89,"comment_status":"closed","ping_status":"closed","template":"","meta":{"_acf_changed":false,"footnotes":""},"class_list":["post-105197","page","type-page","status-publish"],"acf":[],"yoast_head":"<!-- This site is optimized with the Yoast SEO plugin v27.3 - https:\/\/yoast.com\/product\/yoast-seo-wordpress\/ -->\n<title>Izjava o pristupa\u010dnosti - Tourism Bosnia and Herzegovina: Visit BiH<\/title>\n<meta name=\"robots\" content=\"index, follow, max-snippet:-1, max-image-preview:large, max-video-preview:-1\" \/>\n<link rel=\"canonical\" href=\"https:\/\/www.tourismbih.com\/bs-cyrl\/izjava-o-pristupacnosti\/\" \/>\n<meta property=\"og:locale\" content=\"en_US\" \/>\n<meta property=\"og:type\" content=\"article\" \/>\n<meta property=\"og:title\" content=\"Izjava o pristupa\u010dnosti - Tourism Bosnia and Herzegovina: Visit BiH\" \/>\n<meta property=\"og:description\" content=\"Izjava o pristupa\u010dnosti za Tourism BiH Turizam BiH se zala\u017ee za osiguranje digitalne dostupnosti za osobe s invaliditetom. Neprekidno pobolj\u0161avamo korisni\u010dko iskustvo za sve i primjenjujemo relevantne standarde pristupa\u010dnosti. \u0160ta u\u010diniti ako ne mo\u017eete pristupiti dijelovima ove web stranice Molimo vas da nas kontaktirate na dolje navedene detalje ako trebate bilo koji sadr\u017eaj koji se ... Read more\" \/>\n<meta property=\"og:url\" content=\"https:\/\/www.tourismbih.com\/bs-cyrl\/izjava-o-pristupacnosti\/\" \/>\n<meta property=\"og:site_name\" content=\"Tourism Bosnia and Herzegovina: Visit BiH\" \/>\n<meta name=\"twitter:card\" content=\"summary_large_image\" \/>\n<meta name=\"twitter:label1\" content=\"Est. reading time\" \/>\n\t<meta name=\"twitter:data1\" content=\"1 minute\" \/>\n<script type=\"application\/ld+json\" class=\"yoast-schema-graph\">{\"@context\":\"https:\\\/\\\/schema.org\",\"@graph\":[{\"@type\":\"WebPage\",\"@id\":\"https:\\\/\\\/www.tourismbih.com\\\/bs-cyrl\\\/izjava-o-pristupacnosti\\\/\",\"url\":\"https:\\\/\\\/www.tourismbih.com\\\/bs-cyrl\\\/izjava-o-pristupacnosti\\\/\",\"name\":\"Izjava o pristupa\u010dnosti - Tourism Bosnia and Herzegovina: Visit BiH\",\"isPartOf\":{\"@id\":\"https:\\\/\\\/www.tourismbih.com\\\/bs-cyrl\\\/#website\"},\"datePublished\":\"2025-01-17T22:59:49+00:00\",\"breadcrumb\":{\"@id\":\"https:\\\/\\\/www.tourismbih.com\\\/bs-cyrl\\\/izjava-o-pristupacnosti\\\/#breadcrumb\"},\"inLanguage\":\"bs-Cyrl-BA\",\"potentialAction\":[{\"@type\":\"ReadAction\",\"target\":[\"https:\\\/\\\/www.tourismbih.com\\\/bs-cyrl\\\/izjava-o-pristupacnosti\\\/\"]}]},{\"@type\":\"BreadcrumbList\",\"@id\":\"https:\\\/\\\/www.tourismbih.com\\\/bs-cyrl\\\/izjava-o-pristupacnosti\\\/#breadcrumb\",\"itemListElement\":[{\"@type\":\"ListItem\",\"position\":1,\"name\":\"Home\",\"item\":\"https:\\\/\\\/www.tourismbih.com\\\/bs-cyrl\\\/\"},{\"@type\":\"ListItem\",\"position\":2,\"name\":\"Izjava o pristupa\u010dnosti\"}]},{\"@type\":\"WebSite\",\"@id\":\"https:\\\/\\\/www.tourismbih.com\\\/bs-cyrl\\\/#website\",\"url\":\"https:\\\/\\\/www.tourismbih.com\\\/bs-cyrl\\\/\",\"name\":\"Tourism Bosnia and Herzegovina: Visit BiH\",\"description\":\"The heart shaped land at your fingertips\",\"publisher\":{\"@id\":\"https:\\\/\\\/www.tourismbih.com\\\/bs-cyrl\\\/#organization\"},\"potentialAction\":[{\"@type\":\"SearchAction\",\"target\":{\"@type\":\"EntryPoint\",\"urlTemplate\":\"https:\\\/\\\/www.tourismbih.com\\\/bs-cyrl\\\/?s={search_term_string}\"},\"query-input\":{\"@type\":\"PropertyValueSpecification\",\"valueRequired\":true,\"valueName\":\"search_term_string\"}}],\"inLanguage\":\"bs-Cyrl-BA\"},{\"@type\":\"Organization\",\"@id\":\"https:\\\/\\\/www.tourismbih.com\\\/bs-cyrl\\\/#organization\",\"name\":\"Tourism Bosnia and Herzegovina: Visit BiH\",\"url\":\"https:\\\/\\\/www.tourismbih.com\\\/bs-cyrl\\\/\",\"logo\":{\"@type\":\"ImageObject\",\"inLanguage\":\"bs-Cyrl-BA\",\"@id\":\"https:\\\/\\\/www.tourismbih.com\\\/bs-cyrl\\\/#\\\/schema\\\/logo\\\/image\\\/\",\"url\":\"https:\\\/\\\/www.tourismbih.com\\\/wp-content\\\/uploads\\\/2025\\\/02\\\/new-logo-white-resized.svg\",\"contentUrl\":\"https:\\\/\\\/www.tourismbih.com\\\/wp-content\\\/uploads\\\/2025\\\/02\\\/new-logo-white-resized.svg\",\"caption\":\"Tourism Bosnia and Herzegovina: Visit BiH\"},\"image\":{\"@id\":\"https:\\\/\\\/www.tourismbih.com\\\/bs-cyrl\\\/#\\\/schema\\\/logo\\\/image\\\/\"}}]}<\/script>\n<!-- \/ Yoast SEO plugin. -->","yoast_head_json":{"title":"Izjava o pristupa\u010dnosti - Tourism Bosnia and Herzegovina: Visit BiH","robots":{"index":"index","follow":"follow","max-snippet":"max-snippet:-1","max-image-preview":"max-image-preview:large","max-video-preview":"max-video-preview:-1"},"canonical":"https:\/\/www.tourismbih.com\/bs-cyrl\/izjava-o-pristupacnosti\/","og_locale":"en_US","og_type":"article","og_title":"Izjava o pristupa\u010dnosti - Tourism Bosnia and Herzegovina: Visit BiH","og_description":"Izjava o pristupa\u010dnosti za Tourism BiH Turizam BiH se zala\u017ee za osiguranje digitalne dostupnosti za osobe s invaliditetom. Neprekidno pobolj\u0161avamo korisni\u010dko iskustvo za sve i primjenjujemo relevantne standarde pristupa\u010dnosti. \u0160ta u\u010diniti ako ne mo\u017eete pristupiti dijelovima ove web stranice Molimo vas da nas kontaktirate na dolje navedene detalje ako trebate bilo koji sadr\u017eaj koji se ... Read more","og_url":"https:\/\/www.tourismbih.com\/bs-cyrl\/izjava-o-pristupacnosti\/","og_site_name":"Tourism Bosnia and Herzegovina: Visit BiH","twitter_card":"summary_large_image","twitter_misc":{"Est. reading time":"1 minute"},"schema":{"@context":"https:\/\/schema.org","@graph":[{"@type":"WebPage","@id":"https:\/\/www.tourismbih.com\/bs-cyrl\/izjava-o-pristupacnosti\/","url":"https:\/\/www.tourismbih.com\/bs-cyrl\/izjava-o-pristupacnosti\/","name":"Izjava o pristupa\u010dnosti - Tourism Bosnia and Herzegovina: Visit BiH","isPartOf":{"@id":"https:\/\/www.tourismbih.com\/bs-cyrl\/#website"},"datePublished":"2025-01-17T22:59:49+00:00","breadcrumb":{"@id":"https:\/\/www.tourismbih.com\/bs-cyrl\/izjava-o-pristupacnosti\/#breadcrumb"},"inLanguage":"bs-Cyrl-BA","potentialAction":[{"@type":"ReadAction","target":["https:\/\/www.tourismbih.com\/bs-cyrl\/izjava-o-pristupacnosti\/"]}]},{"@type":"BreadcrumbList","@id":"https:\/\/www.tourismbih.com\/bs-cyrl\/izjava-o-pristupacnosti\/#breadcrumb","itemListElement":[{"@type":"ListItem","position":1,"name":"Home","item":"https:\/\/www.tourismbih.com\/bs-cyrl\/"},{"@type":"ListItem","position":2,"name":"Izjava o pristupa\u010dnosti"}]},{"@type":"WebSite","@id":"https:\/\/www.tourismbih.com\/bs-cyrl\/#website","url":"https:\/\/www.tourismbih.com\/bs-cyrl\/","name":"Tourism Bosnia and Herzegovina: Visit BiH","description":"The heart shaped land at your fingertips","publisher":{"@id":"https:\/\/www.tourismbih.com\/bs-cyrl\/#organization"},"potentialAction":[{"@type":"SearchAction","target":{"@type":"EntryPoint","urlTemplate":"https:\/\/www.tourismbih.com\/bs-cyrl\/?s={search_term_string}"},"query-input":{"@type":"PropertyValueSpecification","valueRequired":true,"valueName":"search_term_string"}}],"inLanguage":"bs-Cyrl-BA"},{"@type":"Organization","@id":"https:\/\/www.tourismbih.com\/bs-cyrl\/#organization","name":"Tourism Bosnia and Herzegovina: Visit BiH","url":"https:\/\/www.tourismbih.com\/bs-cyrl\/","logo":{"@type":"ImageObject","inLanguage":"bs-Cyrl-BA","@id":"https:\/\/www.tourismbih.com\/bs-cyrl\/#\/schema\/logo\/image\/","url":"https:\/\/www.tourismbih.com\/wp-content\/uploads\/2025\/02\/new-logo-white-resized.svg","contentUrl":"https:\/\/www.tourismbih.com\/wp-content\/uploads\/2025\/02\/new-logo-white-resized.svg","caption":"Tourism Bosnia and Herzegovina: Visit BiH"},"image":{"@id":"https:\/\/www.tourismbih.com\/bs-cyrl\/#\/schema\/logo\/image\/"}}]}},"_links":{"self":[{"href":"https:\/\/www.tourismbih.com\/bs-cyrl\/wp-json\/wp\/v2\/pages\/105197","targetHints":{"allow":["GET"]}}],"collection":[{"href":"https:\/\/www.tourismbih.com\/bs-cyrl\/wp-json\/wp\/v2\/pages"}],"about":[{"href":"https:\/\/www.tourismbih.com\/bs-cyrl\/wp-json\/wp\/v2\/types\/page"}],"author":[{"embeddable":true,"href":"https:\/\/www.tourismbih.com\/bs-cyrl\/wp-json\/wp\/v2\/users\/3"}],"replies":[{"embeddable":true,"href":"https:\/\/www.tourismbih.com\/bs-cyrl\/wp-json\/wp\/v2\/comments?post=105197"}],"version-history":[{"count":0,"href":"https:\/\/www.tourismbih.com\/bs-cyrl\/wp-json\/wp\/v2\/pages\/105197\/revisions"}],"wp:attachment":[{"href":"https:\/\/www.tourismbih.com\/bs-cyrl\/wp-json\/wp\/v2\/media?parent=105197"}],"curies":[{"name":"wp","href":"https:\/\/api.w.org\/{rel}","templated":true}]}}