{"id":113700,"date":"2025-01-19T16:54:00","date_gmt":"2025-01-19T16:54:00","guid":{"rendered":"https:\/\/www.tourismbih.com\/o-nama\/"},"modified":"2025-01-19T16:54:00","modified_gmt":"2025-01-19T16:54:00","slug":"o-nama","status":"publish","type":"page","link":"https:\/\/www.tourismbih.com\/bs-cyrl\/o-nama\/","title":{"rendered":"O \u041da\u043ca"},"content":{"rendered":"\n<h2 class=\"wp-block-heading has-text-align-center\">Otkrijte Bosnu i Hercegovinu s Nama<\/h2>\n\n<hr class=\"wp-block-separator has-text-color has-base-3-color has-alpha-channel-opacity has-base-3-background-color has-background is-style-default\" style=\"margin-top:var(--wp--preset--spacing--80);margin-bottom:var(--wp--preset--spacing--80)\"\/>\n\n<div class=\"wp-block-columns are-vertically-aligned-center is-layout-flex wp-container-core-columns-is-layout-1809dc57 wp-block-columns-is-layout-flex\" style=\"margin-top:var(--wp--preset--spacing--80);margin-bottom:var(--wp--preset--spacing--80)\">\n<div class=\"wp-block-column is-vertically-aligned-center is-layout-flow wp-block-column-is-layout-flow\">\n<h2 class=\"wp-block-heading\">Ko Smo Mi<\/h2>\n\n\n\n<p>Dobrodo\u0161li na stranicu Tourism Bosnia and Herzegovina (Tourism BiH)! Kao vode\u0107i portal za istra\u017eivanje na\u0161e prekrasne i raznolike zemlje, posve\u0107eni smo prikazivanju jedinstvene kombinacije kulturnog naslije\u0111a, zadivljuju\u0107ih krajolika i vibrantnih zajednica koje \u010dine BiH neizostavnom destinacijom. Na\u0161a misija je u\u010diniti Bosnu i Hercegovinu dostupnom i gostoljubivom za putnike iz cijelog svijeta.<\/p>\n\n\n\n<p><\/p>\n<\/div>\n\n\n\n<div class=\"wp-block-column is-vertically-aligned-center is-layout-flow wp-block-column-is-layout-flow\">\n<figure class=\"wp-block-image size-full\"><img decoding=\"async\" width=\"800\" height=\"533\" src=\"https:\/\/www.tourismbih.com\/wp-content\/uploads\/2024\/09\/Kravica_Waterfalls_Bihy.jpg\" alt=\"\" class=\"wp-image-103769\" srcset=\"https:\/\/www.tourismbih.com\/wp-content\/uploads\/2024\/09\/Kravica_Waterfalls_Bihy.jpg 800w, https:\/\/www.tourismbih.com\/wp-content\/uploads\/2024\/09\/Kravica_Waterfalls_Bihy-62x41.jpg 62w\" sizes=\"(max-width: 800px) 100vw, 800px\" \/><\/figure>\n<\/div>\n<\/div>\n\n<div class=\"wp-block-columns is-layout-flex wp-container-core-columns-is-layout-7826e347 wp-block-columns-is-layout-flex\" style=\"margin-top:var(--wp--preset--spacing--80);margin-bottom:var(--wp--preset--spacing--80)\">\n<div class=\"wp-block-column is-layout-flow wp-block-column-is-layout-flow\">\n<figure class=\"wp-block-image size-full\"><img decoding=\"async\" width=\"800\" height=\"600\" src=\"https:\/\/www.tourismbih.com\/wp-content\/uploads\/2024\/09\/Banja_Luka_Bihy.jpg\" alt=\"\" class=\"wp-image-103787\" srcset=\"https:\/\/www.tourismbih.com\/wp-content\/uploads\/2024\/09\/Banja_Luka_Bihy.jpg 800w, https:\/\/www.tourismbih.com\/wp-content\/uploads\/2024\/09\/Banja_Luka_Bihy-62x47.jpg 62w\" sizes=\"(max-width: 800px) 100vw, 800px\" \/><\/figure>\n<\/div>\n\n\n\n<div class=\"wp-block-column is-vertically-aligned-center is-layout-flow wp-block-column-is-layout-flow\">\n<h2 class=\"wp-block-heading\">Na\u0161a Vizija<\/h2>\n\n\n\n<p>Vizija nam je da Bosna i Hercegovina bude globalno prepoznata po svom kulturnom bogatstvu i prirodnoj ljepoti. Posve\u0107eni smo promoviranju odr\u017eivog turizma koji ne samo da po\u0161tuje, ve\u0107 i oboga\u0107uje na\u0161e lokalne zajednice i okoli\u0161. Dijele\u0107i pri\u010de, tradicije i zadivljuju\u0107e prizore na\u0161e zemlje, nastojimo potaknuti dublje razumijevanje i uva\u017eavanje ovog izvanrednog regiona.<\/p>\n\n\n\n<p><\/p>\n<\/div>\n<\/div>\n\n<div class=\"wp-block-columns are-vertically-aligned-center is-layout-flex wp-container-core-columns-is-layout-1809dc57 wp-block-columns-is-layout-flex\" style=\"margin-top:var(--wp--preset--spacing--80);margin-bottom:var(--wp--preset--spacing--80)\">\n<div class=\"wp-block-column is-vertically-aligned-center is-layout-flow wp-block-column-is-layout-flow\">\n<h2 class=\"wp-block-heading\">Na\u0161 Put<\/h2>\n\n\n\n<p>Na\u0161e putovanje zapo\u010delo je jednostavnom, ali sna\u017enom idejom: otvoriti vrata Bosne i Hercegovine svijetu. Ono \u0161to je po\u010delo kao mala inicijativa, preraslo je u vode\u0107i digitalni portal za turizam u regionu. Danas smo ponosni \u0161to smo najposje\u0107enija i najpra\u0107enija platforma, nude\u0107i sveobuhvatne vodi\u010de i resurse koji povezuju milijune putnika s najboljim iskustvima koje na\u0161a zemlja nudi.<\/p>\n\n\n\n<p><\/p>\n\n\n\n<p><\/p>\n<\/div>\n\n\n\n<div class=\"wp-block-column is-vertically-aligned-center is-layout-flow wp-block-column-is-layout-flow\">\n<figure class=\"wp-block-image size-full\"><img decoding=\"async\" width=\"800\" height=\"564\" src=\"https:\/\/www.tourismbih.com\/wp-content\/uploads\/2024\/09\/TaraCanyonTourismBiH.jpg\" alt=\"\" class=\"wp-image-103803\" srcset=\"https:\/\/www.tourismbih.com\/wp-content\/uploads\/2024\/09\/TaraCanyonTourismBiH.jpg 800w, https:\/\/www.tourismbih.com\/wp-content\/uploads\/2024\/09\/TaraCanyonTourismBiH-62x44.jpg 62w\" sizes=\"(max-width: 800px) 100vw, 800px\" \/><\/figure>\n<\/div>\n<\/div>\n\n<div class=\"wp-block-columns is-layout-flex wp-container-core-columns-is-layout-7826e347 wp-block-columns-is-layout-flex\" style=\"margin-top:var(--wp--preset--spacing--80);margin-bottom:var(--wp--preset--spacing--80)\">\n<div class=\"wp-block-column is-layout-flow wp-block-column-is-layout-flow\">\n<figure class=\"wp-block-image size-full\"><img decoding=\"async\" width=\"800\" height=\"534\" src=\"https:\/\/www.tourismbih.com\/wp-content\/uploads\/2024\/09\/Crooked_Bridge_Mostar_Bihy.jpg\" alt=\"\" class=\"wp-image-103814\"\/><\/figure>\n<\/div>\n\n\n\n<div class=\"wp-block-column is-vertically-aligned-center is-layout-flow wp-block-column-is-layout-flow\">\n<h2 class=\"wp-block-heading\">Na\u0161a Posve\u0107enost Pristupa\u010dnosti i Uklju\u010divosti<\/h2>\n\n\n\n<p>U Turizmu BiH vjerujemo da bi putovanja trebala biti dostupna svima. Mi smo jedini turisti\u010dki portal u regionu koji je u potpunosti uskla\u0111en s me\u0111unarodnim standardima pristupa\u010dnosti, osiguravaju\u0107i da na\u0161 sadr\u017eaj bude dostupan svima, uklju\u010duju\u0107i osobe s invaliditetom. Ova posve\u0107enost uklju\u010divosti pro\u0161iruje se na na\u0161 raznoliki sadr\u017eaj, dostupan na deset najzastupljenijih jezika u svijetu, \u010dime dose\u017eemo preko 4,6 milijardi ljudi globalno.<\/p>\n\n\n\n<p><\/p>\n\n\n\n<p><\/p>\n<\/div>\n<\/div>\n\n<div class=\"wp-block-columns are-vertically-aligned-center is-layout-flex wp-container-core-columns-is-layout-1809dc57 wp-block-columns-is-layout-flex\" style=\"margin-top:var(--wp--preset--spacing--80);margin-bottom:var(--wp--preset--spacing--80)\">\n<div class=\"wp-block-column is-vertically-aligned-center is-layout-flow wp-block-column-is-layout-flow\">\n<h2 class=\"wp-block-heading\">Otkrivanje Bosne i Hercegovine<\/h2>\n\n\n\n<p>Na\u0161a platforma nudi \u0161irok spektar od preko 8.000 unosa na 27 jedinstvenih lokacija, uklju\u010duju\u0107i znamenitosti, kulturno-historijske spomenike, prirodne ljepote, te raznovrsnu ponudu restorana i smje\u0161taja. Od veli\u010danstvenih vrhova Dinarskih Alpa do \u017eivopisnih ulica Sarajeva, na\u0161 cilj je pru\u017eiti putnicima sve potrebne informacije za nezaboravna putovanja.<\/p>\n\n\n\n<p><\/p>\n\n\n\n<p><\/p>\n\n\n\n<p><\/p>\n<\/div>\n\n\n\n<div class=\"wp-block-column is-vertically-aligned-center is-layout-flow wp-block-column-is-layout-flow\">\n<figure class=\"wp-block-image size-full\"><img decoding=\"async\" width=\"800\" height=\"530\" src=\"https:\/\/www.tourismbih.com\/wp-content\/uploads\/2024\/09\/BiH_food_bihy.jpg\" alt=\"\" class=\"wp-image-103825\"\/><\/figure>\n<\/div>\n<\/div>\n\n<div class=\"wp-block-columns is-layout-flex wp-container-core-columns-is-layout-7826e347 wp-block-columns-is-layout-flex\" style=\"margin-top:var(--wp--preset--spacing--80);margin-bottom:var(--wp--preset--spacing--80)\">\n<div class=\"wp-block-column is-layout-flow wp-block-column-is-layout-flow\">\n<figure class=\"wp-block-image size-full\"><img decoding=\"async\" width=\"800\" height=\"533\" src=\"https:\/\/www.tourismbih.com\/wp-content\/uploads\/2024\/09\/Bascarsija_District_Sarajevo_Bihy.jpg\" alt=\"\" class=\"wp-image-103837\"\/><\/figure>\n<\/div>\n\n\n\n<div class=\"wp-block-column is-vertically-aligned-center is-layout-flow wp-block-column-is-layout-flow\">\n<h2 class=\"wp-block-heading\">Pridru\u017eite Nam Se<\/h2>\n\n\n\n<p>Na\u0161a vibrantna zajednica putnika i ambasadora je u srcu svega \u0161to radimo. Sa hiljadama objava i interakcija, hashtag #bihy postao je centar za dijeljenje ljepota Bosne i Hercegovine. Slavimo doprinos na\u0161ih strastvenih podr\u017eavatelja i pozivamo nove putnike da nam se pridru\u017ee u otkrivanju i promoviranju na\u0161e zemlje.<\/p>\n\n\n\n<p><\/p>\n\n\n\n<p><\/p>\n\n\n\n<p><\/p>\n<\/div>\n<\/div>\n\n<div class=\"wp-block-columns are-vertically-aligned-center is-layout-flex wp-container-core-columns-is-layout-1809dc57 wp-block-columns-is-layout-flex\" style=\"margin-top:var(--wp--preset--spacing--80);margin-bottom:var(--wp--preset--spacing--80)\">\n<div class=\"wp-block-column is-vertically-aligned-center is-layout-flow wp-block-column-is-layout-flow\">\n<h2 class=\"wp-block-heading\">Pove\u017eite Se i Sura\u0111ujte<\/h2>\n\n\n\n<p>Bilo da planirate svoju prvu posjetu ili \u017eelite istra\u017eiti nove destinacije, pozivamo vas da se upustite u bogat sadr\u017eaj na na\u0161oj web stranici. Za preduze\u0107a, turoperatore i partnere, otvoreni smo za suradnju i partnerstva koja pobolj\u0161avaju iskustvo putovanja u Bosni i Hercegovini. Radimo zajedno kako bismo predstavili najbolje \u0161to na\u0161a zemlja nudi.<\/p>\n\n\n\n<p><\/p>\n\n\n\n<p><\/p>\n\n\n\n<p><\/p>\n\n\n\n<p><\/p>\n<\/div>\n\n\n\n<div class=\"wp-block-column is-vertically-aligned-center is-layout-flow wp-block-column-is-layout-flow\">\n<figure class=\"wp-block-image size-full\"><img decoding=\"async\" width=\"800\" height=\"533\" src=\"https:\/\/www.tourismbih.com\/wp-content\/uploads\/2024\/09\/Neum_City_bihy.jpg\" alt=\"\" class=\"wp-image-103849\"\/><\/figure>\n<\/div>\n<\/div>\n\n<div class=\"wp-block-columns is-layout-flex wp-container-core-columns-is-layout-9d6595d7 wp-block-columns-is-layout-flex\">\n<div class=\"wp-block-column is-layout-flow wp-block-column-is-layout-flow\"><\/div>\n<\/div>\n","protected":false},"excerpt":{"rendered":"<p>Otkrijte Bosnu i Hercegovinu s Nama Ko Smo Mi Dobrodo\u0161li na stranicu Tourism Bosnia and Herzegovina (Tourism BiH)! Kao vode\u0107i portal za istra\u017eivanje na\u0161e prekrasne i raznolike zemlje, posve\u0107eni smo prikazivanju jedinstvene kombinacije kulturnog naslije\u0111a, zadivljuju\u0107ih krajolika i vibrantnih zajednica koje \u010dine BiH neizostavnom destinacijom. Na\u0161a misija je u\u010diniti Bosnu i Hercegovinu dostupnom i gostoljubivom &#8230; <a title=\"O \u041da\u043ca\" class=\"read-more\" href=\"https:\/\/www.tourismbih.com\/bs-cyrl\/o-nama\/\" aria-label=\"Read more about O \u041da\u043ca\">Read more<\/a><\/p>\n","protected":false},"author":2,"featured_media":113691,"parent":0,"menu_order":82,"comment_status":"closed","ping_status":"closed","template":"page-templates\/about.php","meta":{"_acf_changed":false,"footnotes":""},"class_list":["post-113700","page","type-page","status-publish","has-post-thumbnail"],"acf":[],"yoast_head":"<!-- This site is optimized with the Yoast SEO plugin v27.3 - https:\/\/yoast.com\/product\/yoast-seo-wordpress\/ -->\n<title>O Nama - Tourism Bosnia and Herzegovina: Visit BiH<\/title>\n<meta name=\"robots\" content=\"index, follow, max-snippet:-1, max-image-preview:large, max-video-preview:-1\" \/>\n<link rel=\"canonical\" href=\"https:\/\/www.tourismbih.com\/bs-cyrl\/o-nama\/\" \/>\n<meta property=\"og:locale\" content=\"en_US\" \/>\n<meta property=\"og:type\" content=\"article\" \/>\n<meta property=\"og:title\" content=\"O Nama - Tourism Bosnia and Herzegovina: Visit BiH\" \/>\n<meta property=\"og:description\" content=\"Otkrijte Bosnu i Hercegovinu s Nama Ko Smo Mi Dobrodo\u0161li na stranicu Tourism Bosnia and Herzegovina (Tourism BiH)! Kao vode\u0107i portal za istra\u017eivanje na\u0161e prekrasne i raznolike zemlje, posve\u0107eni smo prikazivanju jedinstvene kombinacije kulturnog naslije\u0111a, zadivljuju\u0107ih krajolika i vibrantnih zajednica koje \u010dine BiH neizostavnom destinacijom. Na\u0161a misija je u\u010diniti Bosnu i Hercegovinu dostupnom i gostoljubivom ... Read more\" \/>\n<meta property=\"og:url\" content=\"https:\/\/www.tourismbih.com\/bs-cyrl\/o-nama\/\" \/>\n<meta property=\"og:site_name\" content=\"Tourism Bosnia and Herzegovina: Visit BiH\" \/>\n<meta property=\"og:image\" content=\"https:\/\/www.tourismbih.com\/wp-content\/uploads\/2024\/01\/about-hero.jpg\" \/>\n\t<meta property=\"og:image:width\" content=\"1920\" \/>\n\t<meta property=\"og:image:height\" content=\"930\" \/>\n\t<meta property=\"og:image:type\" content=\"image\/jpeg\" \/>\n<meta name=\"twitter:card\" content=\"summary_large_image\" \/>\n<meta name=\"twitter:label1\" content=\"Est. reading time\" \/>\n\t<meta name=\"twitter:data1\" content=\"2 minutes\" \/>\n<script type=\"application\/ld+json\" class=\"yoast-schema-graph\">{\"@context\":\"https:\\\/\\\/schema.org\",\"@graph\":[{\"@type\":\"WebPage\",\"@id\":\"https:\\\/\\\/www.tourismbih.com\\\/bs-cyrl\\\/o-nama\\\/\",\"url\":\"https:\\\/\\\/www.tourismbih.com\\\/bs-cyrl\\\/o-nama\\\/\",\"name\":\"O Nama - Tourism Bosnia and Herzegovina: Visit BiH\",\"isPartOf\":{\"@id\":\"https:\\\/\\\/www.tourismbih.com\\\/bs-cyrl\\\/#website\"},\"primaryImageOfPage\":{\"@id\":\"https:\\\/\\\/www.tourismbih.com\\\/bs-cyrl\\\/o-nama\\\/#primaryimage\"},\"image\":{\"@id\":\"https:\\\/\\\/www.tourismbih.com\\\/bs-cyrl\\\/o-nama\\\/#primaryimage\"},\"thumbnailUrl\":\"https:\\\/\\\/www.tourismbih.com\\\/wp-content\\\/uploads\\\/2024\\\/01\\\/about-hero.jpg\",\"datePublished\":\"2025-01-19T16:54:00+00:00\",\"breadcrumb\":{\"@id\":\"https:\\\/\\\/www.tourismbih.com\\\/bs-cyrl\\\/o-nama\\\/#breadcrumb\"},\"inLanguage\":\"bs-Cyrl-BA\",\"potentialAction\":[{\"@type\":\"ReadAction\",\"target\":[\"https:\\\/\\\/www.tourismbih.com\\\/bs-cyrl\\\/o-nama\\\/\"]}]},{\"@type\":\"ImageObject\",\"inLanguage\":\"bs-Cyrl-BA\",\"@id\":\"https:\\\/\\\/www.tourismbih.com\\\/bs-cyrl\\\/o-nama\\\/#primaryimage\",\"url\":\"https:\\\/\\\/www.tourismbih.com\\\/wp-content\\\/uploads\\\/2024\\\/01\\\/about-hero.jpg\",\"contentUrl\":\"https:\\\/\\\/www.tourismbih.com\\\/wp-content\\\/uploads\\\/2024\\\/01\\\/about-hero.jpg\",\"width\":1920,\"height\":930},{\"@type\":\"BreadcrumbList\",\"@id\":\"https:\\\/\\\/www.tourismbih.com\\\/bs-cyrl\\\/o-nama\\\/#breadcrumb\",\"itemListElement\":[{\"@type\":\"ListItem\",\"position\":1,\"name\":\"Home\",\"item\":\"https:\\\/\\\/www.tourismbih.com\\\/bs-cyrl\\\/\"},{\"@type\":\"ListItem\",\"position\":2,\"name\":\"O Nama\"}]},{\"@type\":\"WebSite\",\"@id\":\"https:\\\/\\\/www.tourismbih.com\\\/bs-cyrl\\\/#website\",\"url\":\"https:\\\/\\\/www.tourismbih.com\\\/bs-cyrl\\\/\",\"name\":\"Tourism Bosnia and Herzegovina: Visit BiH\",\"description\":\"The heart shaped land at your fingertips\",\"publisher\":{\"@id\":\"https:\\\/\\\/www.tourismbih.com\\\/bs-cyrl\\\/#organization\"},\"potentialAction\":[{\"@type\":\"SearchAction\",\"target\":{\"@type\":\"EntryPoint\",\"urlTemplate\":\"https:\\\/\\\/www.tourismbih.com\\\/bs-cyrl\\\/?s={search_term_string}\"},\"query-input\":{\"@type\":\"PropertyValueSpecification\",\"valueRequired\":true,\"valueName\":\"search_term_string\"}}],\"inLanguage\":\"bs-Cyrl-BA\"},{\"@type\":\"Organization\",\"@id\":\"https:\\\/\\\/www.tourismbih.com\\\/bs-cyrl\\\/#organization\",\"name\":\"Tourism Bosnia and Herzegovina: Visit BiH\",\"url\":\"https:\\\/\\\/www.tourismbih.com\\\/bs-cyrl\\\/\",\"logo\":{\"@type\":\"ImageObject\",\"inLanguage\":\"bs-Cyrl-BA\",\"@id\":\"https:\\\/\\\/www.tourismbih.com\\\/bs-cyrl\\\/#\\\/schema\\\/logo\\\/image\\\/\",\"url\":\"https:\\\/\\\/www.tourismbih.com\\\/wp-content\\\/uploads\\\/2025\\\/02\\\/new-logo-white-resized.svg\",\"contentUrl\":\"https:\\\/\\\/www.tourismbih.com\\\/wp-content\\\/uploads\\\/2025\\\/02\\\/new-logo-white-resized.svg\",\"caption\":\"Tourism Bosnia and Herzegovina: Visit BiH\"},\"image\":{\"@id\":\"https:\\\/\\\/www.tourismbih.com\\\/bs-cyrl\\\/#\\\/schema\\\/logo\\\/image\\\/\"}}]}<\/script>\n<!-- \/ Yoast SEO plugin. -->","yoast_head_json":{"title":"O Nama - Tourism Bosnia and Herzegovina: Visit BiH","robots":{"index":"index","follow":"follow","max-snippet":"max-snippet:-1","max-image-preview":"max-image-preview:large","max-video-preview":"max-video-preview:-1"},"canonical":"https:\/\/www.tourismbih.com\/bs-cyrl\/o-nama\/","og_locale":"en_US","og_type":"article","og_title":"O Nama - Tourism Bosnia and Herzegovina: Visit BiH","og_description":"Otkrijte Bosnu i Hercegovinu s Nama Ko Smo Mi Dobrodo\u0161li na stranicu Tourism Bosnia and Herzegovina (Tourism BiH)! Kao vode\u0107i portal za istra\u017eivanje na\u0161e prekrasne i raznolike zemlje, posve\u0107eni smo prikazivanju jedinstvene kombinacije kulturnog naslije\u0111a, zadivljuju\u0107ih krajolika i vibrantnih zajednica koje \u010dine BiH neizostavnom destinacijom. Na\u0161a misija je u\u010diniti Bosnu i Hercegovinu dostupnom i gostoljubivom ... Read more","og_url":"https:\/\/www.tourismbih.com\/bs-cyrl\/o-nama\/","og_site_name":"Tourism Bosnia and Herzegovina: Visit BiH","og_image":[{"width":1920,"height":930,"url":"https:\/\/www.tourismbih.com\/wp-content\/uploads\/2024\/01\/about-hero.jpg","type":"image\/jpeg"}],"twitter_card":"summary_large_image","twitter_misc":{"Est. reading time":"2 minutes"},"schema":{"@context":"https:\/\/schema.org","@graph":[{"@type":"WebPage","@id":"https:\/\/www.tourismbih.com\/bs-cyrl\/o-nama\/","url":"https:\/\/www.tourismbih.com\/bs-cyrl\/o-nama\/","name":"O Nama - Tourism Bosnia and Herzegovina: Visit BiH","isPartOf":{"@id":"https:\/\/www.tourismbih.com\/bs-cyrl\/#website"},"primaryImageOfPage":{"@id":"https:\/\/www.tourismbih.com\/bs-cyrl\/o-nama\/#primaryimage"},"image":{"@id":"https:\/\/www.tourismbih.com\/bs-cyrl\/o-nama\/#primaryimage"},"thumbnailUrl":"https:\/\/www.tourismbih.com\/wp-content\/uploads\/2024\/01\/about-hero.jpg","datePublished":"2025-01-19T16:54:00+00:00","breadcrumb":{"@id":"https:\/\/www.tourismbih.com\/bs-cyrl\/o-nama\/#breadcrumb"},"inLanguage":"bs-Cyrl-BA","potentialAction":[{"@type":"ReadAction","target":["https:\/\/www.tourismbih.com\/bs-cyrl\/o-nama\/"]}]},{"@type":"ImageObject","inLanguage":"bs-Cyrl-BA","@id":"https:\/\/www.tourismbih.com\/bs-cyrl\/o-nama\/#primaryimage","url":"https:\/\/www.tourismbih.com\/wp-content\/uploads\/2024\/01\/about-hero.jpg","contentUrl":"https:\/\/www.tourismbih.com\/wp-content\/uploads\/2024\/01\/about-hero.jpg","width":1920,"height":930},{"@type":"BreadcrumbList","@id":"https:\/\/www.tourismbih.com\/bs-cyrl\/o-nama\/#breadcrumb","itemListElement":[{"@type":"ListItem","position":1,"name":"Home","item":"https:\/\/www.tourismbih.com\/bs-cyrl\/"},{"@type":"ListItem","position":2,"name":"O Nama"}]},{"@type":"WebSite","@id":"https:\/\/www.tourismbih.com\/bs-cyrl\/#website","url":"https:\/\/www.tourismbih.com\/bs-cyrl\/","name":"Tourism Bosnia and Herzegovina: Visit BiH","description":"The heart shaped land at your fingertips","publisher":{"@id":"https:\/\/www.tourismbih.com\/bs-cyrl\/#organization"},"potentialAction":[{"@type":"SearchAction","target":{"@type":"EntryPoint","urlTemplate":"https:\/\/www.tourismbih.com\/bs-cyrl\/?s={search_term_string}"},"query-input":{"@type":"PropertyValueSpecification","valueRequired":true,"valueName":"search_term_string"}}],"inLanguage":"bs-Cyrl-BA"},{"@type":"Organization","@id":"https:\/\/www.tourismbih.com\/bs-cyrl\/#organization","name":"Tourism Bosnia and Herzegovina: Visit BiH","url":"https:\/\/www.tourismbih.com\/bs-cyrl\/","logo":{"@type":"ImageObject","inLanguage":"bs-Cyrl-BA","@id":"https:\/\/www.tourismbih.com\/bs-cyrl\/#\/schema\/logo\/image\/","url":"https:\/\/www.tourismbih.com\/wp-content\/uploads\/2025\/02\/new-logo-white-resized.svg","contentUrl":"https:\/\/www.tourismbih.com\/wp-content\/uploads\/2025\/02\/new-logo-white-resized.svg","caption":"Tourism Bosnia and Herzegovina: Visit BiH"},"image":{"@id":"https:\/\/www.tourismbih.com\/bs-cyrl\/#\/schema\/logo\/image\/"}}]}},"_links":{"self":[{"href":"https:\/\/www.tourismbih.com\/bs-cyrl\/wp-json\/wp\/v2\/pages\/113700","targetHints":{"allow":["GET"]}}],"collection":[{"href":"https:\/\/www.tourismbih.com\/bs-cyrl\/wp-json\/wp\/v2\/pages"}],"about":[{"href":"https:\/\/www.tourismbih.com\/bs-cyrl\/wp-json\/wp\/v2\/types\/page"}],"author":[{"embeddable":true,"href":"https:\/\/www.tourismbih.com\/bs-cyrl\/wp-json\/wp\/v2\/users\/2"}],"replies":[{"embeddable":true,"href":"https:\/\/www.tourismbih.com\/bs-cyrl\/wp-json\/wp\/v2\/comments?post=113700"}],"version-history":[{"count":1,"href":"https:\/\/www.tourismbih.com\/bs-cyrl\/wp-json\/wp\/v2\/pages\/113700\/revisions"}],"predecessor-version":[{"id":113701,"href":"https:\/\/www.tourismbih.com\/bs-cyrl\/wp-json\/wp\/v2\/pages\/113700\/revisions\/113701"}],"wp:featuredmedia":[{"embeddable":true,"href":"https:\/\/www.tourismbih.com\/bs-cyrl\/wp-json\/wp\/v2\/media\/113691"}],"wp:attachment":[{"href":"https:\/\/www.tourismbih.com\/bs-cyrl\/wp-json\/wp\/v2\/media?parent=113700"}],"curies":[{"name":"wp","href":"https:\/\/api.w.org\/{rel}","templated":true}]}}