{"id":113735,"date":"2025-01-19T21:25:37","date_gmt":"2025-01-19T21:25:37","guid":{"rendered":"https:\/\/www.tourismbih.com\/ambasadori\/"},"modified":"2025-01-19T21:25:37","modified_gmt":"2025-01-19T21:25:37","slug":"ambasadori","status":"publish","type":"page","link":"https:\/\/www.tourismbih.com\/bs-cyrl\/ambasadori\/","title":{"rendered":"Ambasadori"},"content":{"rendered":"<h4><img decoding=\"async\" class=\" wp-image-28519 aligncenter\" src=\"https:\/\/www.tourismbih.com\/wp-content\/uploads\/2024\/02\/logo-touris-1.svg\" alt=\"\" width=\"420\" height=\"138\" \/><\/h4>\n<h4 style=\"text-align: center;\">Ujedinjeni stra\u0161\u0107u prema domovini<\/h4>\n<p style=\"text-align: center;\">Na\u0161i ambasadori su u misiji. Pratite njihovo putovanje dok daju sve od sebe da vam kroz svoje o\u010di poka\u017eu ljepote i blago zemlje u obliku srca.<\/p>\n","protected":false},"excerpt":{"rendered":"<p>Ujedinjeni stra\u0161\u0107u prema domovini Na\u0161i ambasadori su u misiji. Pratite njihovo putovanje dok daju sve od sebe da vam kroz svoje o\u010di poka\u017eu ljepote i blago zemlje u obliku srca.<\/p>\n","protected":false},"author":2,"featured_media":113754,"parent":0,"menu_order":99,"comment_status":"closed","ping_status":"closed","template":"page-templates\/ambassadors.php","meta":{"_acf_changed":false,"footnotes":""},"class_list":["post-113735","page","type-page","status-publish","has-post-thumbnail"],"acf":[],"yoast_head":"<!-- This site is optimized with the Yoast SEO plugin v27.5 - https:\/\/yoast.com\/product\/yoast-seo-wordpress\/ -->\n<title>Ambasadori - Tourism Bosnia and Herzegovina: Visit BiH<\/title>\n<meta name=\"robots\" content=\"index, follow, max-snippet:-1, max-image-preview:large, max-video-preview:-1\" \/>\n<link rel=\"canonical\" href=\"https:\/\/www.tourismbih.com\/bs-cyrl\/ambasadori\/\" \/>\n<meta property=\"og:locale\" content=\"en_US\" \/>\n<meta property=\"og:type\" content=\"article\" \/>\n<meta property=\"og:title\" content=\"Ambasadori - Tourism Bosnia and Herzegovina: Visit BiH\" \/>\n<meta property=\"og:description\" content=\"Ujedinjeni stra\u0161\u0107u prema domovini Na\u0161i ambasadori su u misiji. Pratite njihovo putovanje dok daju sve od sebe da vam kroz svoje o\u010di poka\u017eu ljepote i blago zemlje u obliku srca.\" \/>\n<meta property=\"og:url\" content=\"https:\/\/www.tourismbih.com\/bs-cyrl\/ambasadori\/\" \/>\n<meta property=\"og:site_name\" content=\"Tourism Bosnia and Herzegovina: Visit BiH\" \/>\n<meta name=\"twitter:card\" content=\"summary_large_image\" \/>\n<script type=\"application\/ld+json\" class=\"yoast-schema-graph\">{\"@context\":\"https:\\\/\\\/schema.org\",\"@graph\":[{\"@type\":\"WebPage\",\"@id\":\"https:\\\/\\\/www.tourismbih.com\\\/bs-cyrl\\\/ambasadori\\\/\",\"url\":\"https:\\\/\\\/www.tourismbih.com\\\/bs-cyrl\\\/ambasadori\\\/\",\"name\":\"Ambasadori - Tourism Bosnia and Herzegovina: Visit BiH\",\"isPartOf\":{\"@id\":\"https:\\\/\\\/www.tourismbih.com\\\/bs-cyrl\\\/#website\"},\"primaryImageOfPage\":{\"@id\":\"https:\\\/\\\/www.tourismbih.com\\\/bs-cyrl\\\/ambasadori\\\/#primaryimage\"},\"image\":{\"@id\":\"https:\\\/\\\/www.tourismbih.com\\\/bs-cyrl\\\/ambasadori\\\/#primaryimage\"},\"thumbnailUrl\":\"https:\\\/\\\/www.tourismbih.com\\\/wp-content\\\/uploads\\\/2024\\\/02\\\/Group-1000004328ik.png\",\"datePublished\":\"2025-01-19T21:25:37+00:00\",\"breadcrumb\":{\"@id\":\"https:\\\/\\\/www.tourismbih.com\\\/bs-cyrl\\\/ambasadori\\\/#breadcrumb\"},\"inLanguage\":\"bs-Cyrl-BA\",\"potentialAction\":[{\"@type\":\"ReadAction\",\"target\":[\"https:\\\/\\\/www.tourismbih.com\\\/bs-cyrl\\\/ambasadori\\\/\"]}]},{\"@type\":\"ImageObject\",\"inLanguage\":\"bs-Cyrl-BA\",\"@id\":\"https:\\\/\\\/www.tourismbih.com\\\/bs-cyrl\\\/ambasadori\\\/#primaryimage\",\"url\":\"https:\\\/\\\/www.tourismbih.com\\\/wp-content\\\/uploads\\\/2024\\\/02\\\/Group-1000004328ik.png\",\"contentUrl\":\"https:\\\/\\\/www.tourismbih.com\\\/wp-content\\\/uploads\\\/2024\\\/02\\\/Group-1000004328ik.png\",\"width\":1920,\"height\":930},{\"@type\":\"BreadcrumbList\",\"@id\":\"https:\\\/\\\/www.tourismbih.com\\\/bs-cyrl\\\/ambasadori\\\/#breadcrumb\",\"itemListElement\":[{\"@type\":\"ListItem\",\"position\":1,\"name\":\"Home\",\"item\":\"https:\\\/\\\/www.tourismbih.com\\\/bs-cyrl\\\/\"},{\"@type\":\"ListItem\",\"position\":2,\"name\":\"Ambasadori\"}]},{\"@type\":\"WebSite\",\"@id\":\"https:\\\/\\\/www.tourismbih.com\\\/bs-cyrl\\\/#website\",\"url\":\"https:\\\/\\\/www.tourismbih.com\\\/bs-cyrl\\\/\",\"name\":\"Tourism Bosnia and Herzegovina: Visit BiH\",\"description\":\"The heart shaped land at your fingertips\",\"publisher\":{\"@id\":\"https:\\\/\\\/www.tourismbih.com\\\/bs-cyrl\\\/#organization\"},\"potentialAction\":[{\"@type\":\"SearchAction\",\"target\":{\"@type\":\"EntryPoint\",\"urlTemplate\":\"https:\\\/\\\/www.tourismbih.com\\\/bs-cyrl\\\/?s={search_term_string}\"},\"query-input\":{\"@type\":\"PropertyValueSpecification\",\"valueRequired\":true,\"valueName\":\"search_term_string\"}}],\"inLanguage\":\"bs-Cyrl-BA\"},{\"@type\":\"Organization\",\"@id\":\"https:\\\/\\\/www.tourismbih.com\\\/bs-cyrl\\\/#organization\",\"name\":\"Tourism Bosnia and Herzegovina: Visit BiH\",\"url\":\"https:\\\/\\\/www.tourismbih.com\\\/bs-cyrl\\\/\",\"logo\":{\"@type\":\"ImageObject\",\"inLanguage\":\"bs-Cyrl-BA\",\"@id\":\"https:\\\/\\\/www.tourismbih.com\\\/bs-cyrl\\\/#\\\/schema\\\/logo\\\/image\\\/\",\"url\":\"https:\\\/\\\/www.tourismbih.com\\\/wp-content\\\/uploads\\\/2025\\\/02\\\/new-logo-white-resized.svg\",\"contentUrl\":\"https:\\\/\\\/www.tourismbih.com\\\/wp-content\\\/uploads\\\/2025\\\/02\\\/new-logo-white-resized.svg\",\"caption\":\"Tourism Bosnia and Herzegovina: Visit BiH\"},\"image\":{\"@id\":\"https:\\\/\\\/www.tourismbih.com\\\/bs-cyrl\\\/#\\\/schema\\\/logo\\\/image\\\/\"}}]}<\/script>\n<!-- \/ Yoast SEO plugin. -->","yoast_head_json":{"title":"Ambasadori - Tourism Bosnia and Herzegovina: Visit BiH","robots":{"index":"index","follow":"follow","max-snippet":"max-snippet:-1","max-image-preview":"max-image-preview:large","max-video-preview":"max-video-preview:-1"},"canonical":"https:\/\/www.tourismbih.com\/bs-cyrl\/ambasadori\/","og_locale":"en_US","og_type":"article","og_title":"Ambasadori - Tourism Bosnia and Herzegovina: Visit BiH","og_description":"Ujedinjeni stra\u0161\u0107u prema domovini Na\u0161i ambasadori su u misiji. Pratite njihovo putovanje dok daju sve od sebe da vam kroz svoje o\u010di poka\u017eu ljepote i blago zemlje u obliku srca.","og_url":"https:\/\/www.tourismbih.com\/bs-cyrl\/ambasadori\/","og_site_name":"Tourism Bosnia and Herzegovina: Visit BiH","twitter_card":"summary_large_image","schema":{"@context":"https:\/\/schema.org","@graph":[{"@type":"WebPage","@id":"https:\/\/www.tourismbih.com\/bs-cyrl\/ambasadori\/","url":"https:\/\/www.tourismbih.com\/bs-cyrl\/ambasadori\/","name":"Ambasadori - Tourism Bosnia and Herzegovina: Visit BiH","isPartOf":{"@id":"https:\/\/www.tourismbih.com\/bs-cyrl\/#website"},"primaryImageOfPage":{"@id":"https:\/\/www.tourismbih.com\/bs-cyrl\/ambasadori\/#primaryimage"},"image":{"@id":"https:\/\/www.tourismbih.com\/bs-cyrl\/ambasadori\/#primaryimage"},"thumbnailUrl":"https:\/\/www.tourismbih.com\/wp-content\/uploads\/2024\/02\/Group-1000004328ik.png","datePublished":"2025-01-19T21:25:37+00:00","breadcrumb":{"@id":"https:\/\/www.tourismbih.com\/bs-cyrl\/ambasadori\/#breadcrumb"},"inLanguage":"bs-Cyrl-BA","potentialAction":[{"@type":"ReadAction","target":["https:\/\/www.tourismbih.com\/bs-cyrl\/ambasadori\/"]}]},{"@type":"ImageObject","inLanguage":"bs-Cyrl-BA","@id":"https:\/\/www.tourismbih.com\/bs-cyrl\/ambasadori\/#primaryimage","url":"https:\/\/www.tourismbih.com\/wp-content\/uploads\/2024\/02\/Group-1000004328ik.png","contentUrl":"https:\/\/www.tourismbih.com\/wp-content\/uploads\/2024\/02\/Group-1000004328ik.png","width":1920,"height":930},{"@type":"BreadcrumbList","@id":"https:\/\/www.tourismbih.com\/bs-cyrl\/ambasadori\/#breadcrumb","itemListElement":[{"@type":"ListItem","position":1,"name":"Home","item":"https:\/\/www.tourismbih.com\/bs-cyrl\/"},{"@type":"ListItem","position":2,"name":"Ambasadori"}]},{"@type":"WebSite","@id":"https:\/\/www.tourismbih.com\/bs-cyrl\/#website","url":"https:\/\/www.tourismbih.com\/bs-cyrl\/","name":"Tourism Bosnia and Herzegovina: Visit BiH","description":"The heart shaped land at your fingertips","publisher":{"@id":"https:\/\/www.tourismbih.com\/bs-cyrl\/#organization"},"potentialAction":[{"@type":"SearchAction","target":{"@type":"EntryPoint","urlTemplate":"https:\/\/www.tourismbih.com\/bs-cyrl\/?s={search_term_string}"},"query-input":{"@type":"PropertyValueSpecification","valueRequired":true,"valueName":"search_term_string"}}],"inLanguage":"bs-Cyrl-BA"},{"@type":"Organization","@id":"https:\/\/www.tourismbih.com\/bs-cyrl\/#organization","name":"Tourism Bosnia and Herzegovina: Visit BiH","url":"https:\/\/www.tourismbih.com\/bs-cyrl\/","logo":{"@type":"ImageObject","inLanguage":"bs-Cyrl-BA","@id":"https:\/\/www.tourismbih.com\/bs-cyrl\/#\/schema\/logo\/image\/","url":"https:\/\/www.tourismbih.com\/wp-content\/uploads\/2025\/02\/new-logo-white-resized.svg","contentUrl":"https:\/\/www.tourismbih.com\/wp-content\/uploads\/2025\/02\/new-logo-white-resized.svg","caption":"Tourism Bosnia and Herzegovina: Visit BiH"},"image":{"@id":"https:\/\/www.tourismbih.com\/bs-cyrl\/#\/schema\/logo\/image\/"}}]}},"_links":{"self":[{"href":"https:\/\/www.tourismbih.com\/bs-cyrl\/wp-json\/wp\/v2\/pages\/113735","targetHints":{"allow":["GET"]}}],"collection":[{"href":"https:\/\/www.tourismbih.com\/bs-cyrl\/wp-json\/wp\/v2\/pages"}],"about":[{"href":"https:\/\/www.tourismbih.com\/bs-cyrl\/wp-json\/wp\/v2\/types\/page"}],"author":[{"embeddable":true,"href":"https:\/\/www.tourismbih.com\/bs-cyrl\/wp-json\/wp\/v2\/users\/2"}],"replies":[{"embeddable":true,"href":"https:\/\/www.tourismbih.com\/bs-cyrl\/wp-json\/wp\/v2\/comments?post=113735"}],"version-history":[{"count":0,"href":"https:\/\/www.tourismbih.com\/bs-cyrl\/wp-json\/wp\/v2\/pages\/113735\/revisions"}],"wp:featuredmedia":[{"embeddable":true,"href":"https:\/\/www.tourismbih.com\/bs-cyrl\/wp-json\/wp\/v2\/media\/113754"}],"wp:attachment":[{"href":"https:\/\/www.tourismbih.com\/bs-cyrl\/wp-json\/wp\/v2\/media?parent=113735"}],"curies":[{"name":"wp","href":"https:\/\/api.w.org\/{rel}","templated":true}]}}