{"id":122560,"date":"2025-09-28T08:36:06","date_gmt":"2025-09-28T08:36:06","guid":{"rendered":"https:\/\/www.tourismbih.com\/brochures\/"},"modified":"2025-09-28T08:36:13","modified_gmt":"2025-09-28T08:36:13","slug":"brochures","status":"publish","type":"page","link":"https:\/\/www.tourismbih.com\/bs-cyrl\/brochures\/","title":{"rendered":"\u0411\u0440o\u0448\u0443\u0440e"},"content":{"rendered":"","protected":false},"excerpt":{"rendered":"","protected":false},"author":12,"featured_media":122507,"parent":0,"menu_order":12,"comment_status":"closed","ping_status":"closed","template":"page-templates\/brochures.php","meta":{"_acf_changed":false,"footnotes":""},"class_list":["post-122560","page","type-page","status-publish","has-post-thumbnail"],"acf":[],"yoast_head":"<!-- This site is optimized with the Yoast SEO plugin v27.3 - https:\/\/yoast.com\/product\/yoast-seo-wordpress\/ -->\n<title>Preuzmite turisti\u010dku bro\u0161uru Bosne i Hercegovine u PDF formatu | Posjetite Bosnu i Hercegovinu<\/title>\n<meta name=\"description\" content=\"Preuzmite na\u0161u slu\u017ebenu turisti\u010dku bro\u0161uru Bosne i Hercegovine kao besplatan PDF sa inspirativnim itinererima, kulturom, prirodom, gastronomijom i korisnim savjetima za planiranje putovanja.\" \/>\n<meta name=\"robots\" content=\"index, follow, max-snippet:-1, max-image-preview:large, max-video-preview:-1\" \/>\n<link rel=\"canonical\" href=\"https:\/\/www.tourismbih.com\/bs-cyrl\/brochures\/\" \/>\n<meta property=\"og:locale\" content=\"en_US\" \/>\n<meta property=\"og:type\" content=\"article\" \/>\n<meta property=\"og:title\" content=\"Preuzmite turisti\u010dku bro\u0161uru Bosne i Hercegovine u PDF formatu | Posjetite Bosnu i Hercegovinu\" \/>\n<meta property=\"og:description\" content=\"Preuzmite na\u0161u slu\u017ebenu turisti\u010dku bro\u0161uru Bosne i Hercegovine kao besplatan PDF sa inspirativnim itinererima, kulturom, prirodom, gastronomijom i korisnim savjetima za planiranje putovanja.\" \/>\n<meta property=\"og:url\" content=\"https:\/\/www.tourismbih.com\/bs-cyrl\/brochures\/\" \/>\n<meta property=\"og:site_name\" content=\"Tourism Bosnia and Herzegovina: Visit BiH\" \/>\n<meta property=\"article:modified_time\" content=\"2025-09-28T08:36:13+00:00\" \/>\n<meta property=\"og:image\" content=\"https:\/\/www.tourismbih.com\/wp-content\/uploads\/2025\/07\/brochure-hero.jpg\" \/>\n\t<meta property=\"og:image:width\" content=\"1920\" \/>\n\t<meta property=\"og:image:height\" content=\"800\" \/>\n\t<meta property=\"og:image:type\" content=\"image\/jpeg\" \/>\n<meta name=\"twitter:card\" content=\"summary_large_image\" \/>\n<script type=\"application\/ld+json\" class=\"yoast-schema-graph\">{\"@context\":\"https:\\\/\\\/schema.org\",\"@graph\":[{\"@type\":\"WebPage\",\"@id\":\"https:\\\/\\\/www.tourismbih.com\\\/bs-cyrl\\\/brochures\\\/\",\"url\":\"https:\\\/\\\/www.tourismbih.com\\\/bs-cyrl\\\/brochures\\\/\",\"name\":\"Preuzmite turisti\u010dku bro\u0161uru Bosne i Hercegovine u PDF formatu | Posjetite Bosnu i Hercegovinu\",\"isPartOf\":{\"@id\":\"https:\\\/\\\/www.tourismbih.com\\\/bs-cyrl\\\/#website\"},\"primaryImageOfPage\":{\"@id\":\"https:\\\/\\\/www.tourismbih.com\\\/bs-cyrl\\\/brochures\\\/#primaryimage\"},\"image\":{\"@id\":\"https:\\\/\\\/www.tourismbih.com\\\/bs-cyrl\\\/brochures\\\/#primaryimage\"},\"thumbnailUrl\":\"https:\\\/\\\/www.tourismbih.com\\\/wp-content\\\/uploads\\\/2025\\\/07\\\/brochure-hero.jpg\",\"datePublished\":\"2025-09-28T08:36:06+00:00\",\"dateModified\":\"2025-09-28T08:36:13+00:00\",\"description\":\"Preuzmite na\u0161u slu\u017ebenu turisti\u010dku bro\u0161uru Bosne i Hercegovine kao besplatan PDF sa inspirativnim itinererima, kulturom, prirodom, gastronomijom i korisnim savjetima za planiranje putovanja.\",\"breadcrumb\":{\"@id\":\"https:\\\/\\\/www.tourismbih.com\\\/bs-cyrl\\\/brochures\\\/#breadcrumb\"},\"inLanguage\":\"bs-Cyrl-BA\",\"potentialAction\":[{\"@type\":\"ReadAction\",\"target\":[\"https:\\\/\\\/www.tourismbih.com\\\/bs-cyrl\\\/brochures\\\/\"]}]},{\"@type\":\"ImageObject\",\"inLanguage\":\"bs-Cyrl-BA\",\"@id\":\"https:\\\/\\\/www.tourismbih.com\\\/bs-cyrl\\\/brochures\\\/#primaryimage\",\"url\":\"https:\\\/\\\/www.tourismbih.com\\\/wp-content\\\/uploads\\\/2025\\\/07\\\/brochure-hero.jpg\",\"contentUrl\":\"https:\\\/\\\/www.tourismbih.com\\\/wp-content\\\/uploads\\\/2025\\\/07\\\/brochure-hero.jpg\",\"width\":1920,\"height\":800},{\"@type\":\"BreadcrumbList\",\"@id\":\"https:\\\/\\\/www.tourismbih.com\\\/bs-cyrl\\\/brochures\\\/#breadcrumb\",\"itemListElement\":[{\"@type\":\"ListItem\",\"position\":1,\"name\":\"Home\",\"item\":\"https:\\\/\\\/www.tourismbih.com\\\/bs-cyrl\\\/\"},{\"@type\":\"ListItem\",\"position\":2,\"name\":\"Bro\u0161ure\"}]},{\"@type\":\"WebSite\",\"@id\":\"https:\\\/\\\/www.tourismbih.com\\\/bs-cyrl\\\/#website\",\"url\":\"https:\\\/\\\/www.tourismbih.com\\\/bs-cyrl\\\/\",\"name\":\"Tourism Bosnia and Herzegovina: Visit BiH\",\"description\":\"The heart shaped land at your fingertips\",\"publisher\":{\"@id\":\"https:\\\/\\\/www.tourismbih.com\\\/bs-cyrl\\\/#organization\"},\"potentialAction\":[{\"@type\":\"SearchAction\",\"target\":{\"@type\":\"EntryPoint\",\"urlTemplate\":\"https:\\\/\\\/www.tourismbih.com\\\/bs-cyrl\\\/?s={search_term_string}\"},\"query-input\":{\"@type\":\"PropertyValueSpecification\",\"valueRequired\":true,\"valueName\":\"search_term_string\"}}],\"inLanguage\":\"bs-Cyrl-BA\"},{\"@type\":\"Organization\",\"@id\":\"https:\\\/\\\/www.tourismbih.com\\\/bs-cyrl\\\/#organization\",\"name\":\"Tourism Bosnia and Herzegovina: Visit BiH\",\"url\":\"https:\\\/\\\/www.tourismbih.com\\\/bs-cyrl\\\/\",\"logo\":{\"@type\":\"ImageObject\",\"inLanguage\":\"bs-Cyrl-BA\",\"@id\":\"https:\\\/\\\/www.tourismbih.com\\\/bs-cyrl\\\/#\\\/schema\\\/logo\\\/image\\\/\",\"url\":\"https:\\\/\\\/www.tourismbih.com\\\/wp-content\\\/uploads\\\/2025\\\/02\\\/new-logo-white-resized.svg\",\"contentUrl\":\"https:\\\/\\\/www.tourismbih.com\\\/wp-content\\\/uploads\\\/2025\\\/02\\\/new-logo-white-resized.svg\",\"caption\":\"Tourism Bosnia and Herzegovina: Visit BiH\"},\"image\":{\"@id\":\"https:\\\/\\\/www.tourismbih.com\\\/bs-cyrl\\\/#\\\/schema\\\/logo\\\/image\\\/\"}}]}<\/script>\n<!-- \/ Yoast SEO plugin. -->","yoast_head_json":{"title":"Preuzmite turisti\u010dku bro\u0161uru Bosne i Hercegovine u PDF formatu | Posjetite Bosnu i Hercegovinu","description":"Preuzmite na\u0161u slu\u017ebenu turisti\u010dku bro\u0161uru Bosne i Hercegovine kao besplatan PDF sa inspirativnim itinererima, kulturom, prirodom, gastronomijom i korisnim savjetima za planiranje putovanja.","robots":{"index":"index","follow":"follow","max-snippet":"max-snippet:-1","max-image-preview":"max-image-preview:large","max-video-preview":"max-video-preview:-1"},"canonical":"https:\/\/www.tourismbih.com\/bs-cyrl\/brochures\/","og_locale":"en_US","og_type":"article","og_title":"Preuzmite turisti\u010dku bro\u0161uru Bosne i Hercegovine u PDF formatu | Posjetite Bosnu i Hercegovinu","og_description":"Preuzmite na\u0161u slu\u017ebenu turisti\u010dku bro\u0161uru Bosne i Hercegovine kao besplatan PDF sa inspirativnim itinererima, kulturom, prirodom, gastronomijom i korisnim savjetima za planiranje putovanja.","og_url":"https:\/\/www.tourismbih.com\/bs-cyrl\/brochures\/","og_site_name":"Tourism Bosnia and Herzegovina: Visit BiH","article_modified_time":"2025-09-28T08:36:13+00:00","og_image":[{"width":1920,"height":800,"url":"https:\/\/www.tourismbih.com\/wp-content\/uploads\/2025\/07\/brochure-hero.jpg","type":"image\/jpeg"}],"twitter_card":"summary_large_image","schema":{"@context":"https:\/\/schema.org","@graph":[{"@type":"WebPage","@id":"https:\/\/www.tourismbih.com\/bs-cyrl\/brochures\/","url":"https:\/\/www.tourismbih.com\/bs-cyrl\/brochures\/","name":"Preuzmite turisti\u010dku bro\u0161uru Bosne i Hercegovine u PDF formatu | Posjetite Bosnu i Hercegovinu","isPartOf":{"@id":"https:\/\/www.tourismbih.com\/bs-cyrl\/#website"},"primaryImageOfPage":{"@id":"https:\/\/www.tourismbih.com\/bs-cyrl\/brochures\/#primaryimage"},"image":{"@id":"https:\/\/www.tourismbih.com\/bs-cyrl\/brochures\/#primaryimage"},"thumbnailUrl":"https:\/\/www.tourismbih.com\/wp-content\/uploads\/2025\/07\/brochure-hero.jpg","datePublished":"2025-09-28T08:36:06+00:00","dateModified":"2025-09-28T08:36:13+00:00","description":"Preuzmite na\u0161u slu\u017ebenu turisti\u010dku bro\u0161uru Bosne i Hercegovine kao besplatan PDF sa inspirativnim itinererima, kulturom, prirodom, gastronomijom i korisnim savjetima za planiranje putovanja.","breadcrumb":{"@id":"https:\/\/www.tourismbih.com\/bs-cyrl\/brochures\/#breadcrumb"},"inLanguage":"bs-Cyrl-BA","potentialAction":[{"@type":"ReadAction","target":["https:\/\/www.tourismbih.com\/bs-cyrl\/brochures\/"]}]},{"@type":"ImageObject","inLanguage":"bs-Cyrl-BA","@id":"https:\/\/www.tourismbih.com\/bs-cyrl\/brochures\/#primaryimage","url":"https:\/\/www.tourismbih.com\/wp-content\/uploads\/2025\/07\/brochure-hero.jpg","contentUrl":"https:\/\/www.tourismbih.com\/wp-content\/uploads\/2025\/07\/brochure-hero.jpg","width":1920,"height":800},{"@type":"BreadcrumbList","@id":"https:\/\/www.tourismbih.com\/bs-cyrl\/brochures\/#breadcrumb","itemListElement":[{"@type":"ListItem","position":1,"name":"Home","item":"https:\/\/www.tourismbih.com\/bs-cyrl\/"},{"@type":"ListItem","position":2,"name":"Bro\u0161ure"}]},{"@type":"WebSite","@id":"https:\/\/www.tourismbih.com\/bs-cyrl\/#website","url":"https:\/\/www.tourismbih.com\/bs-cyrl\/","name":"Tourism Bosnia and Herzegovina: Visit BiH","description":"The heart shaped land at your fingertips","publisher":{"@id":"https:\/\/www.tourismbih.com\/bs-cyrl\/#organization"},"potentialAction":[{"@type":"SearchAction","target":{"@type":"EntryPoint","urlTemplate":"https:\/\/www.tourismbih.com\/bs-cyrl\/?s={search_term_string}"},"query-input":{"@type":"PropertyValueSpecification","valueRequired":true,"valueName":"search_term_string"}}],"inLanguage":"bs-Cyrl-BA"},{"@type":"Organization","@id":"https:\/\/www.tourismbih.com\/bs-cyrl\/#organization","name":"Tourism Bosnia and Herzegovina: Visit BiH","url":"https:\/\/www.tourismbih.com\/bs-cyrl\/","logo":{"@type":"ImageObject","inLanguage":"bs-Cyrl-BA","@id":"https:\/\/www.tourismbih.com\/bs-cyrl\/#\/schema\/logo\/image\/","url":"https:\/\/www.tourismbih.com\/wp-content\/uploads\/2025\/02\/new-logo-white-resized.svg","contentUrl":"https:\/\/www.tourismbih.com\/wp-content\/uploads\/2025\/02\/new-logo-white-resized.svg","caption":"Tourism Bosnia and Herzegovina: Visit BiH"},"image":{"@id":"https:\/\/www.tourismbih.com\/bs-cyrl\/#\/schema\/logo\/image\/"}}]}},"_links":{"self":[{"href":"https:\/\/www.tourismbih.com\/bs-cyrl\/wp-json\/wp\/v2\/pages\/122560","targetHints":{"allow":["GET"]}}],"collection":[{"href":"https:\/\/www.tourismbih.com\/bs-cyrl\/wp-json\/wp\/v2\/pages"}],"about":[{"href":"https:\/\/www.tourismbih.com\/bs-cyrl\/wp-json\/wp\/v2\/types\/page"}],"author":[{"embeddable":true,"href":"https:\/\/www.tourismbih.com\/bs-cyrl\/wp-json\/wp\/v2\/users\/12"}],"replies":[{"embeddable":true,"href":"https:\/\/www.tourismbih.com\/bs-cyrl\/wp-json\/wp\/v2\/comments?post=122560"}],"version-history":[{"count":1,"href":"https:\/\/www.tourismbih.com\/bs-cyrl\/wp-json\/wp\/v2\/pages\/122560\/revisions"}],"predecessor-version":[{"id":122561,"href":"https:\/\/www.tourismbih.com\/bs-cyrl\/wp-json\/wp\/v2\/pages\/122560\/revisions\/122561"}],"wp:featuredmedia":[{"embeddable":true,"href":"https:\/\/www.tourismbih.com\/bs-cyrl\/wp-json\/wp\/v2\/media\/122507"}],"wp:attachment":[{"href":"https:\/\/www.tourismbih.com\/bs-cyrl\/wp-json\/wp\/v2\/media?parent=122560"}],"curies":[{"name":"wp","href":"https:\/\/api.w.org\/{rel}","templated":true}]}}