{"id":12253,"date":"2020-08-04T08:38:30","date_gmt":"2020-08-04T08:38:30","guid":{"rendered":"https:\/\/www.tourismbih.com\/?page_id=12253"},"modified":"2024-07-26T17:06:13","modified_gmt":"2024-07-26T17:06:13","slug":"who-we-are","status":"publish","type":"page","link":"https:\/\/www.tourismbih.com\/bs\/who-we-are\/","title":{"rendered":"Ko smo mi"},"content":{"rendered":"<p>Turizam BiH je grupa preduzentika i turisti\u010dkih stru\u010dnjaka s preko 10 godina uspje\u0161nog radnog iskustva u turisti\u010dkom sektoru. Svojim profesionalizmom, stru\u010dno\u0161\u0107u i iskustvom, mo\u017eemo garantovati najvi\u0161i nivo usluge na\u0161im klijentima i partnerima. Uz vrlo informativan i inovativan sadr\u017eaj, nudimo pakete i izlete koji uklju\u010duju obilaske kulturne i prirodne ba\u0161tine, planinarenje, rafting, avanturisti\u010dki sadr\u017eaj i posebne itinerere.<\/p>\n<p>&nbsp;<\/p>\n<p>Kontakt informacije:<\/p>\n<p>Adresa: Bulevar Vojvode Stepe Stepanovi\u0107a 181c, Banja Luka, Bosna i Hercegovina<\/p>\n<p>E-mail adresa: info@tourismbih.com<\/p>\n<p>JIB: 44047388310002<\/p>\n<p>Broj registra: 057-0-Reg-21-001080<\/p>\n<p>&nbsp;<\/p>\n<p>&nbsp;<\/p>\n","protected":false},"excerpt":{"rendered":"<p>Turizam BiH je grupa preduzentika i turisti\u010dkih stru\u010dnjaka s preko 10 godina uspje\u0161nog radnog iskustva u turisti\u010dkom sektoru. Svojim profesionalizmom, stru\u010dno\u0161\u0107u i iskustvom, mo\u017eemo garantovati najvi\u0161i nivo usluge na\u0161im klijentima i partnerima. Uz vrlo informativan i inovativan sadr\u017eaj, nudimo pakete i izlete koji uklju\u010duju obilaske kulturne i prirodne ba\u0161tine, planinarenje, rafting, avanturisti\u010dki sadr\u017eaj i posebne &#8230; <a title=\"Ko smo mi\" class=\"read-more\" href=\"https:\/\/www.tourismbih.com\/bs\/who-we-are\/\" aria-label=\"Read more about Ko smo mi\">Op\u0161irnije<\/a><\/p>\n","protected":false},"author":3,"featured_media":29119,"parent":0,"menu_order":342,"comment_status":"closed","ping_status":"closed","template":"page-templates\/about.php","meta":{"_acf_changed":false,"footnotes":""},"class_list":["post-12253","page","type-page","status-publish","has-post-thumbnail"],"acf":[],"yoast_head":"<!-- This site is optimized with the Yoast SEO plugin v27.5 - https:\/\/yoast.com\/product\/yoast-seo-wordpress\/ -->\n<title>Ko smo mi - Turizam u Bosni i Hercegovini: Otkrij BiH<\/title>\n<meta name=\"robots\" content=\"index, follow, max-snippet:-1, max-image-preview:large, max-video-preview:-1\" \/>\n<link rel=\"canonical\" href=\"https:\/\/www.tourismbih.com\/bs\/who-we-are\/\" \/>\n<meta property=\"og:locale\" content=\"bs_BA\" \/>\n<meta property=\"og:type\" content=\"article\" \/>\n<meta property=\"og:title\" content=\"Ko smo mi - Turizam u Bosni i Hercegovini: Otkrij BiH\" \/>\n<meta property=\"og:description\" content=\"Turizam BiH je grupa preduzentika i turisti\u010dkih stru\u010dnjaka s preko 10 godina uspje\u0161nog radnog iskustva u turisti\u010dkom sektoru. Svojim profesionalizmom, stru\u010dno\u0161\u0107u i iskustvom, mo\u017eemo garantovati najvi\u0161i nivo usluge na\u0161im klijentima i partnerima. Uz vrlo informativan i inovativan sadr\u017eaj, nudimo pakete i izlete koji uklju\u010duju obilaske kulturne i prirodne ba\u0161tine, planinarenje, rafting, avanturisti\u010dki sadr\u017eaj i posebne ... Op\u0161irnije\" \/>\n<meta property=\"og:url\" content=\"https:\/\/www.tourismbih.com\/bs\/who-we-are\/\" \/>\n<meta property=\"og:site_name\" content=\"Turizam u Bosni i Hercegovini: Otkrij BiH\" \/>\n<meta property=\"article:modified_time\" content=\"2024-07-26T17:06:13+00:00\" \/>\n<meta property=\"og:image\" content=\"https:\/\/www.tourismbih.com\/wp-content\/uploads\/2024\/01\/about-hero.jpg\" \/>\n\t<meta property=\"og:image:width\" content=\"1920\" \/>\n\t<meta property=\"og:image:height\" content=\"930\" \/>\n\t<meta property=\"og:image:type\" content=\"image\/jpeg\" \/>\n<meta name=\"twitter:card\" content=\"summary_large_image\" \/>\n<meta name=\"twitter:label1\" content=\"Est. reading time\" \/>\n\t<meta name=\"twitter:data1\" content=\"1 minuta\" \/>\n<script type=\"application\/ld+json\" class=\"yoast-schema-graph\">{\"@context\":\"https:\\\/\\\/schema.org\",\"@graph\":[{\"@type\":\"WebPage\",\"@id\":\"https:\\\/\\\/www.tourismbih.com\\\/bs\\\/who-we-are\\\/\",\"url\":\"https:\\\/\\\/www.tourismbih.com\\\/bs\\\/who-we-are\\\/\",\"name\":\"Ko smo mi - Turizam u Bosni i Hercegovini: Otkrij BiH\",\"isPartOf\":{\"@id\":\"https:\\\/\\\/www.tourismbih.com\\\/bs\\\/#website\"},\"primaryImageOfPage\":{\"@id\":\"https:\\\/\\\/www.tourismbih.com\\\/bs\\\/who-we-are\\\/#primaryimage\"},\"image\":{\"@id\":\"https:\\\/\\\/www.tourismbih.com\\\/bs\\\/who-we-are\\\/#primaryimage\"},\"thumbnailUrl\":\"https:\\\/\\\/www.tourismbih.com\\\/wp-content\\\/uploads\\\/2024\\\/01\\\/about-hero.jpg\",\"datePublished\":\"2020-08-04T08:38:30+00:00\",\"dateModified\":\"2024-07-26T17:06:13+00:00\",\"breadcrumb\":{\"@id\":\"https:\\\/\\\/www.tourismbih.com\\\/bs\\\/who-we-are\\\/#breadcrumb\"},\"inLanguage\":\"bs-BA\",\"potentialAction\":[{\"@type\":\"ReadAction\",\"target\":[\"https:\\\/\\\/www.tourismbih.com\\\/bs\\\/who-we-are\\\/\"]}]},{\"@type\":\"ImageObject\",\"inLanguage\":\"bs-BA\",\"@id\":\"https:\\\/\\\/www.tourismbih.com\\\/bs\\\/who-we-are\\\/#primaryimage\",\"url\":\"https:\\\/\\\/www.tourismbih.com\\\/wp-content\\\/uploads\\\/2024\\\/01\\\/about-hero.jpg\",\"contentUrl\":\"https:\\\/\\\/www.tourismbih.com\\\/wp-content\\\/uploads\\\/2024\\\/01\\\/about-hero.jpg\",\"width\":1920,\"height\":930},{\"@type\":\"BreadcrumbList\",\"@id\":\"https:\\\/\\\/www.tourismbih.com\\\/bs\\\/who-we-are\\\/#breadcrumb\",\"itemListElement\":[{\"@type\":\"ListItem\",\"position\":1,\"name\":\"Home\",\"item\":\"https:\\\/\\\/www.tourismbih.com\\\/bs\\\/\"},{\"@type\":\"ListItem\",\"position\":2,\"name\":\"Ko smo mi\"}]},{\"@type\":\"WebSite\",\"@id\":\"https:\\\/\\\/www.tourismbih.com\\\/bs\\\/#website\",\"url\":\"https:\\\/\\\/www.tourismbih.com\\\/bs\\\/\",\"name\":\"Turizam u Bosni i Hercegovini: Otkrij BiH\",\"description\":\"Zemlja u obliku srca na dohvat ruke\",\"publisher\":{\"@id\":\"https:\\\/\\\/www.tourismbih.com\\\/bs\\\/#organization\"},\"potentialAction\":[{\"@type\":\"SearchAction\",\"target\":{\"@type\":\"EntryPoint\",\"urlTemplate\":\"https:\\\/\\\/www.tourismbih.com\\\/bs\\\/?s={search_term_string}\"},\"query-input\":{\"@type\":\"PropertyValueSpecification\",\"valueRequired\":true,\"valueName\":\"search_term_string\"}}],\"inLanguage\":\"bs-BA\"},{\"@type\":\"Organization\",\"@id\":\"https:\\\/\\\/www.tourismbih.com\\\/bs\\\/#organization\",\"name\":\"Turizam u Bosni i Hercegovini: Otkrij BiH\",\"url\":\"https:\\\/\\\/www.tourismbih.com\\\/bs\\\/\",\"logo\":{\"@type\":\"ImageObject\",\"inLanguage\":\"bs-BA\",\"@id\":\"https:\\\/\\\/www.tourismbih.com\\\/bs\\\/#\\\/schema\\\/logo\\\/image\\\/\",\"url\":\"https:\\\/\\\/www.tourismbih.com\\\/wp-content\\\/uploads\\\/2025\\\/02\\\/new-logo-white-resized.svg\",\"contentUrl\":\"https:\\\/\\\/www.tourismbih.com\\\/wp-content\\\/uploads\\\/2025\\\/02\\\/new-logo-white-resized.svg\",\"caption\":\"Turizam u Bosni i Hercegovini: Otkrij BiH\"},\"image\":{\"@id\":\"https:\\\/\\\/www.tourismbih.com\\\/bs\\\/#\\\/schema\\\/logo\\\/image\\\/\"}}]}<\/script>\n<!-- \/ Yoast SEO plugin. -->","yoast_head_json":{"title":"Ko smo mi - Turizam u Bosni i Hercegovini: Otkrij BiH","robots":{"index":"index","follow":"follow","max-snippet":"max-snippet:-1","max-image-preview":"max-image-preview:large","max-video-preview":"max-video-preview:-1"},"canonical":"https:\/\/www.tourismbih.com\/bs\/who-we-are\/","og_locale":"bs_BA","og_type":"article","og_title":"Ko smo mi - Turizam u Bosni i Hercegovini: Otkrij BiH","og_description":"Turizam BiH je grupa preduzentika i turisti\u010dkih stru\u010dnjaka s preko 10 godina uspje\u0161nog radnog iskustva u turisti\u010dkom sektoru. Svojim profesionalizmom, stru\u010dno\u0161\u0107u i iskustvom, mo\u017eemo garantovati najvi\u0161i nivo usluge na\u0161im klijentima i partnerima. Uz vrlo informativan i inovativan sadr\u017eaj, nudimo pakete i izlete koji uklju\u010duju obilaske kulturne i prirodne ba\u0161tine, planinarenje, rafting, avanturisti\u010dki sadr\u017eaj i posebne ... Op\u0161irnije","og_url":"https:\/\/www.tourismbih.com\/bs\/who-we-are\/","og_site_name":"Turizam u Bosni i Hercegovini: Otkrij BiH","article_modified_time":"2024-07-26T17:06:13+00:00","og_image":[{"width":1920,"height":930,"url":"https:\/\/www.tourismbih.com\/wp-content\/uploads\/2024\/01\/about-hero.jpg","type":"image\/jpeg"}],"twitter_card":"summary_large_image","twitter_misc":{"Est. reading time":"1 minuta"},"schema":{"@context":"https:\/\/schema.org","@graph":[{"@type":"WebPage","@id":"https:\/\/www.tourismbih.com\/bs\/who-we-are\/","url":"https:\/\/www.tourismbih.com\/bs\/who-we-are\/","name":"Ko smo mi - Turizam u Bosni i Hercegovini: Otkrij BiH","isPartOf":{"@id":"https:\/\/www.tourismbih.com\/bs\/#website"},"primaryImageOfPage":{"@id":"https:\/\/www.tourismbih.com\/bs\/who-we-are\/#primaryimage"},"image":{"@id":"https:\/\/www.tourismbih.com\/bs\/who-we-are\/#primaryimage"},"thumbnailUrl":"https:\/\/www.tourismbih.com\/wp-content\/uploads\/2024\/01\/about-hero.jpg","datePublished":"2020-08-04T08:38:30+00:00","dateModified":"2024-07-26T17:06:13+00:00","breadcrumb":{"@id":"https:\/\/www.tourismbih.com\/bs\/who-we-are\/#breadcrumb"},"inLanguage":"bs-BA","potentialAction":[{"@type":"ReadAction","target":["https:\/\/www.tourismbih.com\/bs\/who-we-are\/"]}]},{"@type":"ImageObject","inLanguage":"bs-BA","@id":"https:\/\/www.tourismbih.com\/bs\/who-we-are\/#primaryimage","url":"https:\/\/www.tourismbih.com\/wp-content\/uploads\/2024\/01\/about-hero.jpg","contentUrl":"https:\/\/www.tourismbih.com\/wp-content\/uploads\/2024\/01\/about-hero.jpg","width":1920,"height":930},{"@type":"BreadcrumbList","@id":"https:\/\/www.tourismbih.com\/bs\/who-we-are\/#breadcrumb","itemListElement":[{"@type":"ListItem","position":1,"name":"Home","item":"https:\/\/www.tourismbih.com\/bs\/"},{"@type":"ListItem","position":2,"name":"Ko smo mi"}]},{"@type":"WebSite","@id":"https:\/\/www.tourismbih.com\/bs\/#website","url":"https:\/\/www.tourismbih.com\/bs\/","name":"Turizam u Bosni i Hercegovini: Otkrij BiH","description":"Zemlja u obliku srca na dohvat ruke","publisher":{"@id":"https:\/\/www.tourismbih.com\/bs\/#organization"},"potentialAction":[{"@type":"SearchAction","target":{"@type":"EntryPoint","urlTemplate":"https:\/\/www.tourismbih.com\/bs\/?s={search_term_string}"},"query-input":{"@type":"PropertyValueSpecification","valueRequired":true,"valueName":"search_term_string"}}],"inLanguage":"bs-BA"},{"@type":"Organization","@id":"https:\/\/www.tourismbih.com\/bs\/#organization","name":"Turizam u Bosni i Hercegovini: Otkrij BiH","url":"https:\/\/www.tourismbih.com\/bs\/","logo":{"@type":"ImageObject","inLanguage":"bs-BA","@id":"https:\/\/www.tourismbih.com\/bs\/#\/schema\/logo\/image\/","url":"https:\/\/www.tourismbih.com\/wp-content\/uploads\/2025\/02\/new-logo-white-resized.svg","contentUrl":"https:\/\/www.tourismbih.com\/wp-content\/uploads\/2025\/02\/new-logo-white-resized.svg","caption":"Turizam u Bosni i Hercegovini: Otkrij BiH"},"image":{"@id":"https:\/\/www.tourismbih.com\/bs\/#\/schema\/logo\/image\/"}}]}},"_links":{"self":[{"href":"https:\/\/www.tourismbih.com\/bs\/wp-json\/wp\/v2\/pages\/12253","targetHints":{"allow":["GET"]}}],"collection":[{"href":"https:\/\/www.tourismbih.com\/bs\/wp-json\/wp\/v2\/pages"}],"about":[{"href":"https:\/\/www.tourismbih.com\/bs\/wp-json\/wp\/v2\/types\/page"}],"author":[{"embeddable":true,"href":"https:\/\/www.tourismbih.com\/bs\/wp-json\/wp\/v2\/users\/3"}],"replies":[{"embeddable":true,"href":"https:\/\/www.tourismbih.com\/bs\/wp-json\/wp\/v2\/comments?post=12253"}],"version-history":[{"count":1,"href":"https:\/\/www.tourismbih.com\/bs\/wp-json\/wp\/v2\/pages\/12253\/revisions"}],"predecessor-version":[{"id":32914,"href":"https:\/\/www.tourismbih.com\/bs\/wp-json\/wp\/v2\/pages\/12253\/revisions\/32914"}],"wp:featuredmedia":[{"embeddable":true,"href":"https:\/\/www.tourismbih.com\/bs\/wp-json\/wp\/v2\/media\/29119"}],"wp:attachment":[{"href":"https:\/\/www.tourismbih.com\/bs\/wp-json\/wp\/v2\/media?parent=12253"}],"curies":[{"name":"wp","href":"https:\/\/api.w.org\/{rel}","templated":true}]}}