{"id":12276,"date":"2020-08-04T09:34:11","date_gmt":"2020-08-04T09:34:11","guid":{"rendered":"https:\/\/www.tourismbih.com\/?page_id=12276"},"modified":"2024-07-26T17:16:01","modified_gmt":"2024-07-26T17:16:01","slug":"cookies","status":"publish","type":"page","link":"https:\/\/www.tourismbih.com\/bs\/cookies\/","title":{"rendered":"Kola\u010di\u0107i"},"content":{"rendered":"<p><strong>Politika o kola\u010di\u0107ima<\/strong><\/p>\n<p>Na www.tourismbih.com koristimo kola\u010di\u0107e. Kori\u0161tenjem Usluge pristajete na upotrebu kola\u010di\u0107a.<\/p>\n<p>Na\u0161a politika o kola\u010di\u0107ima obja\u0161njava \u0161ta su kola\u010di\u0107i, kako koristimo kola\u010di\u0107e, kako tre\u0107e strane s kojima mo\u017eemo partnerovati mogu koristiti kola\u010di\u0107e na Usluzi, va\u0161 izbor u vezi kola\u010di\u0107a i dodatne informacije o kola\u010di\u0107ima.<\/p>\n<p><strong>\u0160ta su kola\u010di\u0107i<\/strong><\/p>\n<p>Kola\u010di\u0107i (eng. Cookies) su mali dijelovi teksta koji va\u0161 web pretra\u017eiva\u010d \u0161alje web mjestu koje posjetite. Datoteka kola\u010di\u0107a je pohranjena u va\u0161em web pretra\u017eiva\u010du i omogu\u0107ava da vas usluga ili tre\u0107a strana prepozna i u\u010dini va\u0161u sljede\u0107u posjetu jednostavniju i uslugu korisniju.<\/p>\n<p>Kola\u010di\u0107i mogu biti \u201etrajni\u201c ili \u201esesijski\u201c kola\u010di\u0107i.<\/p>\n<p><strong>Kako Tourism BiH koristi kola\u010di\u0107e<\/strong><\/p>\n<p>Kada koristite i pristupite usluzi,\u00a0 mo\u017eemo postaviti brojne datoteke kola\u010di\u0107a u va\u0161 internet pretra\u017eiva\u010d.<\/p>\n<p>Mi koristimo kola\u010di\u0107e za sljede\u0107e svrhe: za omogu\u0107avanje odre\u0111enih funkcija Usluge, za analitiku, da bismo pohranili va\u0161e preference, omogu\u0107ili isporuku reklama, uklju\u010duju\u0107i bihevioralno ogla\u0161avanje.<\/p>\n<p>Na Servisu koristimo i sesijske i trajne kola\u010di\u0107e i koristimo razli\u010dite vrste kola\u010di\u0107a da bismo vodili Uslugu:<\/p>\n<p>Osnovni kola\u010di\u0107i. Mo\u017eemo koristiti esencijalne kola\u010di\u0107e za autentifikaciju korisnika i spre\u010davanje la\u017ene upotrebe korisni\u010dkih ra\u010duna.<\/p>\n<p><strong>Kola\u010di\u0107i tre\u0107e strane<\/strong><\/p>\n<p>Pored vlastitih kola\u010di\u0107a, mo\u017eemo upotrijebiti i razne kola\u010di\u0107e tre\u0107ih strana da prijavimo statistiku kori\u0161tenja usluge, isporu\u010divanje reklama na i kroz uslugu, i tako dalje.<\/p>\n<p><strong>Koji su va\u0161i izbori u vezi kola\u010di\u0107a<\/strong><\/p>\n<p>Ako \u017eelite izbrisati kola\u010di\u0107e ili nalo\u017eiti svom internet pretra\u017eiva\u010du da izbri\u0161e ili odbije kola\u010di\u0107e, posjetite stranice pomo\u0107i va\u0161eg internet pretra\u017eiva\u010da.<\/p>\n<p>Imajte na umu, me\u0111utim, da ako obri\u0161ete kola\u010di\u0107e ili ih odbijete da ih prihvatite, mo\u017eda ne\u0107ete mo\u0107i koristiti sve funkcije koje nudimo, mo\u017eda ne\u0107ete mo\u0107i pohraniti svoje preference i neke na\u0161e stranice se mo\u017eda ne\u0107e ispravno prikazivati.<\/p>\n","protected":false},"excerpt":{"rendered":"<p>Politika o kola\u010di\u0107ima Na www.tourismbih.com koristimo kola\u010di\u0107e. Kori\u0161tenjem Usluge pristajete na upotrebu kola\u010di\u0107a. Na\u0161a politika o kola\u010di\u0107ima obja\u0161njava \u0161ta su kola\u010di\u0107i, kako koristimo kola\u010di\u0107e, kako tre\u0107e strane s kojima mo\u017eemo partnerovati mogu koristiti kola\u010di\u0107e na Usluzi, va\u0161 izbor u vezi kola\u010di\u0107a i dodatne informacije o kola\u010di\u0107ima. \u0160ta su kola\u010di\u0107i Kola\u010di\u0107i (eng. Cookies) su mali dijelovi &#8230; <a title=\"Kola\u010di\u0107i\" class=\"read-more\" href=\"https:\/\/www.tourismbih.com\/bs\/cookies\/\" aria-label=\"Read more about Kola\u010di\u0107i\">Op\u0161irnije<\/a><\/p>\n","protected":false},"author":3,"featured_media":0,"parent":0,"menu_order":175,"comment_status":"closed","ping_status":"closed","template":"","meta":{"_acf_changed":false,"footnotes":""},"class_list":["post-12276","page","type-page","status-publish"],"acf":[],"yoast_head":"<!-- This site is optimized with the Yoast SEO plugin v27.3 - https:\/\/yoast.com\/product\/yoast-seo-wordpress\/ -->\n<title>Kola\u010di\u0107i - Turizam u Bosni i Hercegovini: Otkrij BiH<\/title>\n<meta name=\"robots\" content=\"index, follow, max-snippet:-1, max-image-preview:large, max-video-preview:-1\" \/>\n<link rel=\"canonical\" href=\"https:\/\/www.tourismbih.com\/bs\/cookies\/\" \/>\n<meta property=\"og:locale\" content=\"bs_BA\" \/>\n<meta property=\"og:type\" content=\"article\" \/>\n<meta property=\"og:title\" content=\"Kola\u010di\u0107i - Turizam u Bosni i Hercegovini: Otkrij BiH\" \/>\n<meta property=\"og:description\" content=\"Politika o kola\u010di\u0107ima Na www.tourismbih.com koristimo kola\u010di\u0107e. Kori\u0161tenjem Usluge pristajete na upotrebu kola\u010di\u0107a. Na\u0161a politika o kola\u010di\u0107ima obja\u0161njava \u0161ta su kola\u010di\u0107i, kako koristimo kola\u010di\u0107e, kako tre\u0107e strane s kojima mo\u017eemo partnerovati mogu koristiti kola\u010di\u0107e na Usluzi, va\u0161 izbor u vezi kola\u010di\u0107a i dodatne informacije o kola\u010di\u0107ima. \u0160ta su kola\u010di\u0107i Kola\u010di\u0107i (eng. Cookies) su mali dijelovi ... Op\u0161irnije\" \/>\n<meta property=\"og:url\" content=\"https:\/\/www.tourismbih.com\/bs\/cookies\/\" \/>\n<meta property=\"og:site_name\" content=\"Turizam u Bosni i Hercegovini: Otkrij BiH\" \/>\n<meta property=\"article:modified_time\" content=\"2024-07-26T17:16:01+00:00\" \/>\n<meta name=\"twitter:card\" content=\"summary_large_image\" \/>\n<meta name=\"twitter:label1\" content=\"Est. reading time\" \/>\n\t<meta name=\"twitter:data1\" content=\"2 minute\" \/>\n<script type=\"application\/ld+json\" class=\"yoast-schema-graph\">{\"@context\":\"https:\\\/\\\/schema.org\",\"@graph\":[{\"@type\":\"WebPage\",\"@id\":\"https:\\\/\\\/www.tourismbih.com\\\/bs\\\/cookies\\\/\",\"url\":\"https:\\\/\\\/www.tourismbih.com\\\/bs\\\/cookies\\\/\",\"name\":\"Kola\u010di\u0107i - Turizam u Bosni i Hercegovini: Otkrij BiH\",\"isPartOf\":{\"@id\":\"https:\\\/\\\/www.tourismbih.com\\\/bs\\\/#website\"},\"datePublished\":\"2020-08-04T09:34:11+00:00\",\"dateModified\":\"2024-07-26T17:16:01+00:00\",\"breadcrumb\":{\"@id\":\"https:\\\/\\\/www.tourismbih.com\\\/bs\\\/cookies\\\/#breadcrumb\"},\"inLanguage\":\"bs-BA\",\"potentialAction\":[{\"@type\":\"ReadAction\",\"target\":[\"https:\\\/\\\/www.tourismbih.com\\\/bs\\\/cookies\\\/\"]}]},{\"@type\":\"BreadcrumbList\",\"@id\":\"https:\\\/\\\/www.tourismbih.com\\\/bs\\\/cookies\\\/#breadcrumb\",\"itemListElement\":[{\"@type\":\"ListItem\",\"position\":1,\"name\":\"Home\",\"item\":\"https:\\\/\\\/www.tourismbih.com\\\/bs\\\/\"},{\"@type\":\"ListItem\",\"position\":2,\"name\":\"Kola\u010di\u0107i\"}]},{\"@type\":\"WebSite\",\"@id\":\"https:\\\/\\\/www.tourismbih.com\\\/bs\\\/#website\",\"url\":\"https:\\\/\\\/www.tourismbih.com\\\/bs\\\/\",\"name\":\"Turizam u Bosni i Hercegovini: Otkrij BiH\",\"description\":\"Zemlja u obliku srca na dohvat ruke\",\"publisher\":{\"@id\":\"https:\\\/\\\/www.tourismbih.com\\\/bs\\\/#organization\"},\"potentialAction\":[{\"@type\":\"SearchAction\",\"target\":{\"@type\":\"EntryPoint\",\"urlTemplate\":\"https:\\\/\\\/www.tourismbih.com\\\/bs\\\/?s={search_term_string}\"},\"query-input\":{\"@type\":\"PropertyValueSpecification\",\"valueRequired\":true,\"valueName\":\"search_term_string\"}}],\"inLanguage\":\"bs-BA\"},{\"@type\":\"Organization\",\"@id\":\"https:\\\/\\\/www.tourismbih.com\\\/bs\\\/#organization\",\"name\":\"Turizam u Bosni i Hercegovini: Otkrij BiH\",\"url\":\"https:\\\/\\\/www.tourismbih.com\\\/bs\\\/\",\"logo\":{\"@type\":\"ImageObject\",\"inLanguage\":\"bs-BA\",\"@id\":\"https:\\\/\\\/www.tourismbih.com\\\/bs\\\/#\\\/schema\\\/logo\\\/image\\\/\",\"url\":\"https:\\\/\\\/www.tourismbih.com\\\/wp-content\\\/uploads\\\/2025\\\/02\\\/new-logo-white-resized.svg\",\"contentUrl\":\"https:\\\/\\\/www.tourismbih.com\\\/wp-content\\\/uploads\\\/2025\\\/02\\\/new-logo-white-resized.svg\",\"caption\":\"Turizam u Bosni i Hercegovini: Otkrij BiH\"},\"image\":{\"@id\":\"https:\\\/\\\/www.tourismbih.com\\\/bs\\\/#\\\/schema\\\/logo\\\/image\\\/\"}}]}<\/script>\n<!-- \/ Yoast SEO plugin. -->","yoast_head_json":{"title":"Kola\u010di\u0107i - Turizam u Bosni i Hercegovini: Otkrij BiH","robots":{"index":"index","follow":"follow","max-snippet":"max-snippet:-1","max-image-preview":"max-image-preview:large","max-video-preview":"max-video-preview:-1"},"canonical":"https:\/\/www.tourismbih.com\/bs\/cookies\/","og_locale":"bs_BA","og_type":"article","og_title":"Kola\u010di\u0107i - Turizam u Bosni i Hercegovini: Otkrij BiH","og_description":"Politika o kola\u010di\u0107ima Na www.tourismbih.com koristimo kola\u010di\u0107e. Kori\u0161tenjem Usluge pristajete na upotrebu kola\u010di\u0107a. Na\u0161a politika o kola\u010di\u0107ima obja\u0161njava \u0161ta su kola\u010di\u0107i, kako koristimo kola\u010di\u0107e, kako tre\u0107e strane s kojima mo\u017eemo partnerovati mogu koristiti kola\u010di\u0107e na Usluzi, va\u0161 izbor u vezi kola\u010di\u0107a i dodatne informacije o kola\u010di\u0107ima. \u0160ta su kola\u010di\u0107i Kola\u010di\u0107i (eng. Cookies) su mali dijelovi ... Op\u0161irnije","og_url":"https:\/\/www.tourismbih.com\/bs\/cookies\/","og_site_name":"Turizam u Bosni i Hercegovini: Otkrij BiH","article_modified_time":"2024-07-26T17:16:01+00:00","twitter_card":"summary_large_image","twitter_misc":{"Est. reading time":"2 minute"},"schema":{"@context":"https:\/\/schema.org","@graph":[{"@type":"WebPage","@id":"https:\/\/www.tourismbih.com\/bs\/cookies\/","url":"https:\/\/www.tourismbih.com\/bs\/cookies\/","name":"Kola\u010di\u0107i - Turizam u Bosni i Hercegovini: Otkrij BiH","isPartOf":{"@id":"https:\/\/www.tourismbih.com\/bs\/#website"},"datePublished":"2020-08-04T09:34:11+00:00","dateModified":"2024-07-26T17:16:01+00:00","breadcrumb":{"@id":"https:\/\/www.tourismbih.com\/bs\/cookies\/#breadcrumb"},"inLanguage":"bs-BA","potentialAction":[{"@type":"ReadAction","target":["https:\/\/www.tourismbih.com\/bs\/cookies\/"]}]},{"@type":"BreadcrumbList","@id":"https:\/\/www.tourismbih.com\/bs\/cookies\/#breadcrumb","itemListElement":[{"@type":"ListItem","position":1,"name":"Home","item":"https:\/\/www.tourismbih.com\/bs\/"},{"@type":"ListItem","position":2,"name":"Kola\u010di\u0107i"}]},{"@type":"WebSite","@id":"https:\/\/www.tourismbih.com\/bs\/#website","url":"https:\/\/www.tourismbih.com\/bs\/","name":"Turizam u Bosni i Hercegovini: Otkrij BiH","description":"Zemlja u obliku srca na dohvat ruke","publisher":{"@id":"https:\/\/www.tourismbih.com\/bs\/#organization"},"potentialAction":[{"@type":"SearchAction","target":{"@type":"EntryPoint","urlTemplate":"https:\/\/www.tourismbih.com\/bs\/?s={search_term_string}"},"query-input":{"@type":"PropertyValueSpecification","valueRequired":true,"valueName":"search_term_string"}}],"inLanguage":"bs-BA"},{"@type":"Organization","@id":"https:\/\/www.tourismbih.com\/bs\/#organization","name":"Turizam u Bosni i Hercegovini: Otkrij BiH","url":"https:\/\/www.tourismbih.com\/bs\/","logo":{"@type":"ImageObject","inLanguage":"bs-BA","@id":"https:\/\/www.tourismbih.com\/bs\/#\/schema\/logo\/image\/","url":"https:\/\/www.tourismbih.com\/wp-content\/uploads\/2025\/02\/new-logo-white-resized.svg","contentUrl":"https:\/\/www.tourismbih.com\/wp-content\/uploads\/2025\/02\/new-logo-white-resized.svg","caption":"Turizam u Bosni i Hercegovini: Otkrij BiH"},"image":{"@id":"https:\/\/www.tourismbih.com\/bs\/#\/schema\/logo\/image\/"}}]}},"_links":{"self":[{"href":"https:\/\/www.tourismbih.com\/bs\/wp-json\/wp\/v2\/pages\/12276","targetHints":{"allow":["GET"]}}],"collection":[{"href":"https:\/\/www.tourismbih.com\/bs\/wp-json\/wp\/v2\/pages"}],"about":[{"href":"https:\/\/www.tourismbih.com\/bs\/wp-json\/wp\/v2\/types\/page"}],"author":[{"embeddable":true,"href":"https:\/\/www.tourismbih.com\/bs\/wp-json\/wp\/v2\/users\/3"}],"replies":[{"embeddable":true,"href":"https:\/\/www.tourismbih.com\/bs\/wp-json\/wp\/v2\/comments?post=12276"}],"version-history":[{"count":1,"href":"https:\/\/www.tourismbih.com\/bs\/wp-json\/wp\/v2\/pages\/12276\/revisions"}],"predecessor-version":[{"id":32923,"href":"https:\/\/www.tourismbih.com\/bs\/wp-json\/wp\/v2\/pages\/12276\/revisions\/32923"}],"wp:attachment":[{"href":"https:\/\/www.tourismbih.com\/bs\/wp-json\/wp\/v2\/media?parent=12276"}],"curies":[{"name":"wp","href":"https:\/\/api.w.org\/{rel}","templated":true}]}}