{"id":9576,"date":"2020-07-21T15:39:03","date_gmt":"2020-07-21T15:39:03","guid":{"rendered":"https:\/\/www.tourismbih.com\/escouade-touristique\/"},"modified":"2024-04-22T23:49:23","modified_gmt":"2024-04-22T23:49:23","slug":"ambasadori","status":"publish","type":"page","link":"https:\/\/www.tourismbih.com\/bs\/ambasadori\/","title":{"rendered":"Ambasadori"},"content":{"rendered":"<h4><img decoding=\"async\" class=\" wp-image-28519 aligncenter\" src=\"https:\/\/www.tourismbih.com\/wp-content\/uploads\/2024\/02\/logo-touris-1.svg\" alt=\"\" width=\"420\" height=\"138\" \/><\/h4>\n<h4 style=\"text-align: center;\">Ujedinjeni stra\u0161\u0107u prema domovini<\/h4>\n<p style=\"text-align: center;\">Na\u0161i ambasadori su u misiji. Pratite njihovo putovanje dok daju sve od sebe da vam kroz svoje o\u010di poka\u017eu ljepote i blago zemlje u obliku srca.<\/p>\n","protected":false},"excerpt":{"rendered":"<p>Ujedinjeni stra\u0161\u0107u prema domovini Na\u0161i ambasadori su u misiji. Pratite njihovo putovanje dok daju sve od sebe da vam kroz svoje o\u010di poka\u017eu ljepote i blago zemlje u obliku srca.<\/p>\n","protected":false},"author":2,"featured_media":29365,"parent":0,"menu_order":98,"comment_status":"closed","ping_status":"closed","template":"page-templates\/ambassadors.php","meta":{"_acf_changed":false,"footnotes":""},"class_list":["post-9576","page","type-page","status-publish","has-post-thumbnail"],"acf":[],"yoast_head":"<!-- This site is optimized with the Yoast SEO plugin v27.5 - https:\/\/yoast.com\/product\/yoast-seo-wordpress\/ -->\n<title>Ambasadori - Turizam u Bosni i Hercegovini: Otkrij BiH<\/title>\n<meta name=\"robots\" content=\"index, follow, max-snippet:-1, max-image-preview:large, max-video-preview:-1\" \/>\n<link rel=\"canonical\" href=\"https:\/\/www.tourismbih.com\/bs\/ambasadori\/\" \/>\n<meta property=\"og:locale\" content=\"bs_BA\" \/>\n<meta property=\"og:type\" content=\"article\" \/>\n<meta property=\"og:title\" content=\"Ambasadori - Turizam u Bosni i Hercegovini: Otkrij BiH\" \/>\n<meta property=\"og:description\" content=\"Ujedinjeni stra\u0161\u0107u prema domovini Na\u0161i ambasadori su u misiji. Pratite njihovo putovanje dok daju sve od sebe da vam kroz svoje o\u010di poka\u017eu ljepote i blago zemlje u obliku srca.\" \/>\n<meta property=\"og:url\" content=\"https:\/\/www.tourismbih.com\/bs\/ambasadori\/\" \/>\n<meta property=\"og:site_name\" content=\"Turizam u Bosni i Hercegovini: Otkrij BiH\" \/>\n<meta property=\"article:modified_time\" content=\"2024-04-22T23:49:23+00:00\" \/>\n<meta property=\"og:image\" content=\"https:\/\/www.tourismbih.com\/wp-content\/uploads\/2024\/02\/Group-1000004328ik-1024x496.png\" \/>\n\t<meta property=\"og:image:width\" content=\"1024\" \/>\n\t<meta property=\"og:image:height\" content=\"496\" \/>\n\t<meta property=\"og:image:type\" content=\"image\/png\" \/>\n<meta name=\"twitter:card\" content=\"summary_large_image\" \/>\n<meta name=\"twitter:label1\" content=\"Est. reading time\" \/>\n\t<meta name=\"twitter:data1\" content=\"1 minuta\" \/>\n<script type=\"application\/ld+json\" class=\"yoast-schema-graph\">{\"@context\":\"https:\\\/\\\/schema.org\",\"@graph\":[{\"@type\":\"WebPage\",\"@id\":\"https:\\\/\\\/www.tourismbih.com\\\/bs\\\/ambasadori\\\/\",\"url\":\"https:\\\/\\\/www.tourismbih.com\\\/bs\\\/ambasadori\\\/\",\"name\":\"Ambasadori - Turizam u Bosni i Hercegovini: Otkrij BiH\",\"isPartOf\":{\"@id\":\"https:\\\/\\\/www.tourismbih.com\\\/bs\\\/#website\"},\"primaryImageOfPage\":{\"@id\":\"https:\\\/\\\/www.tourismbih.com\\\/bs\\\/ambasadori\\\/#primaryimage\"},\"image\":{\"@id\":\"https:\\\/\\\/www.tourismbih.com\\\/bs\\\/ambasadori\\\/#primaryimage\"},\"thumbnailUrl\":\"https:\\\/\\\/www.tourismbih.com\\\/wp-content\\\/uploads\\\/2024\\\/02\\\/Group-1000004328ik.png\",\"datePublished\":\"2020-07-21T15:39:03+00:00\",\"dateModified\":\"2024-04-22T23:49:23+00:00\",\"breadcrumb\":{\"@id\":\"https:\\\/\\\/www.tourismbih.com\\\/bs\\\/ambasadori\\\/#breadcrumb\"},\"inLanguage\":\"bs-BA\",\"potentialAction\":[{\"@type\":\"ReadAction\",\"target\":[\"https:\\\/\\\/www.tourismbih.com\\\/bs\\\/ambasadori\\\/\"]}]},{\"@type\":\"ImageObject\",\"inLanguage\":\"bs-BA\",\"@id\":\"https:\\\/\\\/www.tourismbih.com\\\/bs\\\/ambasadori\\\/#primaryimage\",\"url\":\"https:\\\/\\\/www.tourismbih.com\\\/wp-content\\\/uploads\\\/2024\\\/02\\\/Group-1000004328ik.png\",\"contentUrl\":\"https:\\\/\\\/www.tourismbih.com\\\/wp-content\\\/uploads\\\/2024\\\/02\\\/Group-1000004328ik.png\",\"width\":1920,\"height\":930},{\"@type\":\"BreadcrumbList\",\"@id\":\"https:\\\/\\\/www.tourismbih.com\\\/bs\\\/ambasadori\\\/#breadcrumb\",\"itemListElement\":[{\"@type\":\"ListItem\",\"position\":1,\"name\":\"Home\",\"item\":\"https:\\\/\\\/www.tourismbih.com\\\/bs\\\/\"},{\"@type\":\"ListItem\",\"position\":2,\"name\":\"Ambasadori\"}]},{\"@type\":\"WebSite\",\"@id\":\"https:\\\/\\\/www.tourismbih.com\\\/bs\\\/#website\",\"url\":\"https:\\\/\\\/www.tourismbih.com\\\/bs\\\/\",\"name\":\"Turizam u Bosni i Hercegovini: Otkrij BiH\",\"description\":\"Zemlja u obliku srca na dohvat ruke\",\"publisher\":{\"@id\":\"https:\\\/\\\/www.tourismbih.com\\\/bs\\\/#organization\"},\"potentialAction\":[{\"@type\":\"SearchAction\",\"target\":{\"@type\":\"EntryPoint\",\"urlTemplate\":\"https:\\\/\\\/www.tourismbih.com\\\/bs\\\/?s={search_term_string}\"},\"query-input\":{\"@type\":\"PropertyValueSpecification\",\"valueRequired\":true,\"valueName\":\"search_term_string\"}}],\"inLanguage\":\"bs-BA\"},{\"@type\":\"Organization\",\"@id\":\"https:\\\/\\\/www.tourismbih.com\\\/bs\\\/#organization\",\"name\":\"Turizam u Bosni i Hercegovini: Otkrij BiH\",\"url\":\"https:\\\/\\\/www.tourismbih.com\\\/bs\\\/\",\"logo\":{\"@type\":\"ImageObject\",\"inLanguage\":\"bs-BA\",\"@id\":\"https:\\\/\\\/www.tourismbih.com\\\/bs\\\/#\\\/schema\\\/logo\\\/image\\\/\",\"url\":\"https:\\\/\\\/www.tourismbih.com\\\/wp-content\\\/uploads\\\/2025\\\/02\\\/new-logo-white-resized.svg\",\"contentUrl\":\"https:\\\/\\\/www.tourismbih.com\\\/wp-content\\\/uploads\\\/2025\\\/02\\\/new-logo-white-resized.svg\",\"caption\":\"Turizam u Bosni i Hercegovini: Otkrij BiH\"},\"image\":{\"@id\":\"https:\\\/\\\/www.tourismbih.com\\\/bs\\\/#\\\/schema\\\/logo\\\/image\\\/\"}}]}<\/script>\n<!-- \/ Yoast SEO plugin. -->","yoast_head_json":{"title":"Ambasadori - Turizam u Bosni i Hercegovini: Otkrij BiH","robots":{"index":"index","follow":"follow","max-snippet":"max-snippet:-1","max-image-preview":"max-image-preview:large","max-video-preview":"max-video-preview:-1"},"canonical":"https:\/\/www.tourismbih.com\/bs\/ambasadori\/","og_locale":"bs_BA","og_type":"article","og_title":"Ambasadori - Turizam u Bosni i Hercegovini: Otkrij BiH","og_description":"Ujedinjeni stra\u0161\u0107u prema domovini Na\u0161i ambasadori su u misiji. Pratite njihovo putovanje dok daju sve od sebe da vam kroz svoje o\u010di poka\u017eu ljepote i blago zemlje u obliku srca.","og_url":"https:\/\/www.tourismbih.com\/bs\/ambasadori\/","og_site_name":"Turizam u Bosni i Hercegovini: Otkrij BiH","article_modified_time":"2024-04-22T23:49:23+00:00","og_image":[{"width":1024,"height":496,"url":"https:\/\/www.tourismbih.com\/wp-content\/uploads\/2024\/02\/Group-1000004328ik-1024x496.png","type":"image\/png"}],"twitter_card":"summary_large_image","twitter_misc":{"Est. reading time":"1 minuta"},"schema":{"@context":"https:\/\/schema.org","@graph":[{"@type":"WebPage","@id":"https:\/\/www.tourismbih.com\/bs\/ambasadori\/","url":"https:\/\/www.tourismbih.com\/bs\/ambasadori\/","name":"Ambasadori - Turizam u Bosni i Hercegovini: Otkrij BiH","isPartOf":{"@id":"https:\/\/www.tourismbih.com\/bs\/#website"},"primaryImageOfPage":{"@id":"https:\/\/www.tourismbih.com\/bs\/ambasadori\/#primaryimage"},"image":{"@id":"https:\/\/www.tourismbih.com\/bs\/ambasadori\/#primaryimage"},"thumbnailUrl":"https:\/\/www.tourismbih.com\/wp-content\/uploads\/2024\/02\/Group-1000004328ik.png","datePublished":"2020-07-21T15:39:03+00:00","dateModified":"2024-04-22T23:49:23+00:00","breadcrumb":{"@id":"https:\/\/www.tourismbih.com\/bs\/ambasadori\/#breadcrumb"},"inLanguage":"bs-BA","potentialAction":[{"@type":"ReadAction","target":["https:\/\/www.tourismbih.com\/bs\/ambasadori\/"]}]},{"@type":"ImageObject","inLanguage":"bs-BA","@id":"https:\/\/www.tourismbih.com\/bs\/ambasadori\/#primaryimage","url":"https:\/\/www.tourismbih.com\/wp-content\/uploads\/2024\/02\/Group-1000004328ik.png","contentUrl":"https:\/\/www.tourismbih.com\/wp-content\/uploads\/2024\/02\/Group-1000004328ik.png","width":1920,"height":930},{"@type":"BreadcrumbList","@id":"https:\/\/www.tourismbih.com\/bs\/ambasadori\/#breadcrumb","itemListElement":[{"@type":"ListItem","position":1,"name":"Home","item":"https:\/\/www.tourismbih.com\/bs\/"},{"@type":"ListItem","position":2,"name":"Ambasadori"}]},{"@type":"WebSite","@id":"https:\/\/www.tourismbih.com\/bs\/#website","url":"https:\/\/www.tourismbih.com\/bs\/","name":"Turizam u Bosni i Hercegovini: Otkrij BiH","description":"Zemlja u obliku srca na dohvat ruke","publisher":{"@id":"https:\/\/www.tourismbih.com\/bs\/#organization"},"potentialAction":[{"@type":"SearchAction","target":{"@type":"EntryPoint","urlTemplate":"https:\/\/www.tourismbih.com\/bs\/?s={search_term_string}"},"query-input":{"@type":"PropertyValueSpecification","valueRequired":true,"valueName":"search_term_string"}}],"inLanguage":"bs-BA"},{"@type":"Organization","@id":"https:\/\/www.tourismbih.com\/bs\/#organization","name":"Turizam u Bosni i Hercegovini: Otkrij BiH","url":"https:\/\/www.tourismbih.com\/bs\/","logo":{"@type":"ImageObject","inLanguage":"bs-BA","@id":"https:\/\/www.tourismbih.com\/bs\/#\/schema\/logo\/image\/","url":"https:\/\/www.tourismbih.com\/wp-content\/uploads\/2025\/02\/new-logo-white-resized.svg","contentUrl":"https:\/\/www.tourismbih.com\/wp-content\/uploads\/2025\/02\/new-logo-white-resized.svg","caption":"Turizam u Bosni i Hercegovini: Otkrij BiH"},"image":{"@id":"https:\/\/www.tourismbih.com\/bs\/#\/schema\/logo\/image\/"}}]}},"_links":{"self":[{"href":"https:\/\/www.tourismbih.com\/bs\/wp-json\/wp\/v2\/pages\/9576","targetHints":{"allow":["GET"]}}],"collection":[{"href":"https:\/\/www.tourismbih.com\/bs\/wp-json\/wp\/v2\/pages"}],"about":[{"href":"https:\/\/www.tourismbih.com\/bs\/wp-json\/wp\/v2\/types\/page"}],"author":[{"embeddable":true,"href":"https:\/\/www.tourismbih.com\/bs\/wp-json\/wp\/v2\/users\/2"}],"replies":[{"embeddable":true,"href":"https:\/\/www.tourismbih.com\/bs\/wp-json\/wp\/v2\/comments?post=9576"}],"version-history":[{"count":1,"href":"https:\/\/www.tourismbih.com\/bs\/wp-json\/wp\/v2\/pages\/9576\/revisions"}],"predecessor-version":[{"id":29533,"href":"https:\/\/www.tourismbih.com\/bs\/wp-json\/wp\/v2\/pages\/9576\/revisions\/29533"}],"wp:featuredmedia":[{"embeddable":true,"href":"https:\/\/www.tourismbih.com\/bs\/wp-json\/wp\/v2\/media\/29365"}],"wp:attachment":[{"href":"https:\/\/www.tourismbih.com\/bs\/wp-json\/wp\/v2\/media?parent=9576"}],"curies":[{"name":"wp","href":"https:\/\/api.w.org\/{rel}","templated":true}]}}