{"id":27976,"date":"2021-02-02T10:28:34","date_gmt":"2021-02-02T10:28:34","guid":{"rendered":"https:\/\/www.tourismbih.com\/offers\/meet-sarajevo-old-town-of-sarajevo-walking-tour-sample-offer\/"},"modified":"2024-02-24T19:14:22","modified_gmt":"2024-02-24T19:14:22","slug":"meet-sarajevo-old-town-of-sarajevo-walking-tour-sample-offer","status":"publish","type":"product","link":"https:\/\/www.tourismbih.com\/bs\/offers\/meet-sarajevo-old-town-of-sarajevo-walking-tour-sample-offer\/","title":{"rendered":"Primjer Ponude"},"content":{"rendered":"<p>Ako\u00a0 ste prvi put u posjeti Sarajevu, pozivamo vas da nam se pridru\u017eite u 5-satnom obilasku Starog grada Sarajeva. Zajedno \u0107emo posjetiti znamenitosti koje ne smijete propustiti u samo jednoj turi, uklju\u010duju\u0107i sve sarajevske atrakcije poput Stare pravoslavne crkve, Gazi Husrev-Begove d\u017eamije i drevnog dijela ulice Ba\u0161\u010dar\u0161ija &#8211; jedne od glavnih turisti\u010dkih atrakcija u gradu.<\/p>\n<p>&nbsp;<\/p>\n","protected":false},"excerpt":{"rendered":"<p>Ako\u00a0 ste prvi put u posjeti Sarajevu, pozivamo vas da nam se pridru\u017eite u 5-satnom obilasku Starog grada Sarajeva. Zajedno \u0107emo posjetiti znamenitosti koje ne smijete propustiti u samo jednoj turi, uklju\u010duju\u0107i sve sarajevske atrakcije poput Stare pravoslavne crkve, Gazi Husrev-Begove d\u017eamije i drevnog dijela ulice Ba\u0161\u010dar\u0161ija &#8211; jedne od glavnih turisti\u010dkih atrakcija u gradu. &#8230; <a title=\"Primjer Ponude\" class=\"read-more\" href=\"https:\/\/www.tourismbih.com\/bs\/offers\/meet-sarajevo-old-town-of-sarajevo-walking-tour-sample-offer\/\" aria-label=\"Read more about Primjer Ponude\">Op\u0161irnije<\/a><\/p>\n","protected":false},"featured_media":27617,"comment_status":"open","ping_status":"closed","template":"","meta":{"_acf_changed":false},"product_brand":[],"product_cat":[191],"product_tag":[],"class_list":{"0":"post-27976","1":"product","2":"type-product","3":"status-publish","4":"has-post-thumbnail","6":"product_cat-uncategorized-bs","8":"first","9":"instock","10":"shipping-taxable","11":"purchasable","12":"product-type-simple"},"acf":[],"yoast_head":"<!-- This site is optimized with the Yoast SEO plugin v27.3 - https:\/\/yoast.com\/product\/yoast-seo-wordpress\/ -->\n<title>Primjer Ponude - Turizam u Bosni i Hercegovini: Otkrij BiH<\/title>\n<meta name=\"robots\" content=\"noindex, follow\" \/>\n<meta property=\"og:locale\" content=\"bs_BA\" \/>\n<meta property=\"og:type\" content=\"article\" \/>\n<meta property=\"og:title\" content=\"Primjer Ponude - Turizam u Bosni i Hercegovini: Otkrij BiH\" \/>\n<meta property=\"og:description\" content=\"Ako\u00a0 ste prvi put u posjeti Sarajevu, pozivamo vas da nam se pridru\u017eite u 5-satnom obilasku Starog grada Sarajeva. Zajedno \u0107emo posjetiti znamenitosti koje ne smijete propustiti u samo jednoj turi, uklju\u010duju\u0107i sve sarajevske atrakcije poput Stare pravoslavne crkve, Gazi Husrev-Begove d\u017eamije i drevnog dijela ulice Ba\u0161\u010dar\u0161ija &#8211; jedne od glavnih turisti\u010dkih atrakcija u gradu. ... Op\u0161irnije\" \/>\n<meta property=\"og:url\" content=\"https:\/\/www.tourismbih.com\/bs\/offers\/meet-sarajevo-old-town-of-sarajevo-walking-tour-sample-offer\/\" \/>\n<meta property=\"og:site_name\" content=\"Turizam u Bosni i Hercegovini: Otkrij BiH\" \/>\n<meta property=\"article:modified_time\" content=\"2024-02-24T19:14:22+00:00\" \/>\n<meta property=\"og:image\" content=\"https:\/\/www.tourismbih.com\/wp-content\/uploads\/2021\/02\/natalya-letunova-FYr3roIu51g-unsplash-scaled.jpg\" \/>\n\t<meta property=\"og:image:width\" content=\"2560\" \/>\n\t<meta property=\"og:image:height\" content=\"1920\" \/>\n\t<meta property=\"og:image:type\" content=\"image\/jpeg\" \/>\n<meta name=\"twitter:card\" content=\"summary_large_image\" \/>\n<meta name=\"twitter:label1\" content=\"Est. reading time\" \/>\n\t<meta name=\"twitter:data1\" content=\"1 minuta\" \/>\n<script type=\"application\/ld+json\" class=\"yoast-schema-graph\">{\"@context\":\"https:\\\/\\\/schema.org\",\"@graph\":[{\"@type\":\"WebPage\",\"@id\":\"https:\\\/\\\/www.tourismbih.com\\\/bs\\\/offers\\\/meet-sarajevo-old-town-of-sarajevo-walking-tour-sample-offer\\\/\",\"url\":\"https:\\\/\\\/www.tourismbih.com\\\/bs\\\/offers\\\/meet-sarajevo-old-town-of-sarajevo-walking-tour-sample-offer\\\/\",\"name\":\"Primjer Ponude - Turizam u Bosni i Hercegovini: Otkrij BiH\",\"isPartOf\":{\"@id\":\"https:\\\/\\\/www.tourismbih.com\\\/bs\\\/#website\"},\"primaryImageOfPage\":{\"@id\":\"https:\\\/\\\/www.tourismbih.com\\\/bs\\\/offers\\\/meet-sarajevo-old-town-of-sarajevo-walking-tour-sample-offer\\\/#primaryimage\"},\"image\":{\"@id\":\"https:\\\/\\\/www.tourismbih.com\\\/bs\\\/offers\\\/meet-sarajevo-old-town-of-sarajevo-walking-tour-sample-offer\\\/#primaryimage\"},\"thumbnailUrl\":\"https:\\\/\\\/www.tourismbih.com\\\/wp-content\\\/uploads\\\/2021\\\/02\\\/natalya-letunova-FYr3roIu51g-unsplash-scaled.jpg\",\"datePublished\":\"2021-02-02T10:28:34+00:00\",\"dateModified\":\"2024-02-24T19:14:22+00:00\",\"breadcrumb\":{\"@id\":\"https:\\\/\\\/www.tourismbih.com\\\/bs\\\/offers\\\/meet-sarajevo-old-town-of-sarajevo-walking-tour-sample-offer\\\/#breadcrumb\"},\"inLanguage\":\"bs-BA\",\"potentialAction\":[{\"@type\":\"ReadAction\",\"target\":[\"https:\\\/\\\/www.tourismbih.com\\\/bs\\\/offers\\\/meet-sarajevo-old-town-of-sarajevo-walking-tour-sample-offer\\\/\"]}]},{\"@type\":\"ImageObject\",\"inLanguage\":\"bs-BA\",\"@id\":\"https:\\\/\\\/www.tourismbih.com\\\/bs\\\/offers\\\/meet-sarajevo-old-town-of-sarajevo-walking-tour-sample-offer\\\/#primaryimage\",\"url\":\"https:\\\/\\\/www.tourismbih.com\\\/wp-content\\\/uploads\\\/2021\\\/02\\\/natalya-letunova-FYr3roIu51g-unsplash-scaled.jpg\",\"contentUrl\":\"https:\\\/\\\/www.tourismbih.com\\\/wp-content\\\/uploads\\\/2021\\\/02\\\/natalya-letunova-FYr3roIu51g-unsplash-scaled.jpg\",\"width\":2560,\"height\":1920},{\"@type\":\"BreadcrumbList\",\"@id\":\"https:\\\/\\\/www.tourismbih.com\\\/bs\\\/offers\\\/meet-sarajevo-old-town-of-sarajevo-walking-tour-sample-offer\\\/#breadcrumb\",\"itemListElement\":[{\"@type\":\"ListItem\",\"position\":1,\"name\":\"Home\",\"item\":\"https:\\\/\\\/www.tourismbih.com\\\/bs\\\/\"},{\"@type\":\"ListItem\",\"position\":2,\"name\":\"Offers\",\"item\":\"https:\\\/\\\/www.tourismbih.com\\\/offers\\\/\"},{\"@type\":\"ListItem\",\"position\":3,\"name\":\"Primjer Ponude\"}]},{\"@type\":\"WebSite\",\"@id\":\"https:\\\/\\\/www.tourismbih.com\\\/bs\\\/#website\",\"url\":\"https:\\\/\\\/www.tourismbih.com\\\/bs\\\/\",\"name\":\"Turizam u Bosni i Hercegovini: Otkrij BiH\",\"description\":\"Zemlja u obliku srca na dohvat ruke\",\"publisher\":{\"@id\":\"https:\\\/\\\/www.tourismbih.com\\\/bs\\\/#organization\"},\"potentialAction\":[{\"@type\":\"SearchAction\",\"target\":{\"@type\":\"EntryPoint\",\"urlTemplate\":\"https:\\\/\\\/www.tourismbih.com\\\/bs\\\/?s={search_term_string}\"},\"query-input\":{\"@type\":\"PropertyValueSpecification\",\"valueRequired\":true,\"valueName\":\"search_term_string\"}}],\"inLanguage\":\"bs-BA\"},{\"@type\":\"Organization\",\"@id\":\"https:\\\/\\\/www.tourismbih.com\\\/bs\\\/#organization\",\"name\":\"Turizam u Bosni i Hercegovini: Otkrij BiH\",\"url\":\"https:\\\/\\\/www.tourismbih.com\\\/bs\\\/\",\"logo\":{\"@type\":\"ImageObject\",\"inLanguage\":\"bs-BA\",\"@id\":\"https:\\\/\\\/www.tourismbih.com\\\/bs\\\/#\\\/schema\\\/logo\\\/image\\\/\",\"url\":\"https:\\\/\\\/www.tourismbih.com\\\/wp-content\\\/uploads\\\/2025\\\/02\\\/new-logo-white-resized.svg\",\"contentUrl\":\"https:\\\/\\\/www.tourismbih.com\\\/wp-content\\\/uploads\\\/2025\\\/02\\\/new-logo-white-resized.svg\",\"caption\":\"Turizam u Bosni i Hercegovini: Otkrij BiH\"},\"image\":{\"@id\":\"https:\\\/\\\/www.tourismbih.com\\\/bs\\\/#\\\/schema\\\/logo\\\/image\\\/\"}}]}<\/script>\n<!-- \/ Yoast SEO plugin. -->","yoast_head_json":{"title":"Primjer Ponude - Turizam u Bosni i Hercegovini: Otkrij BiH","robots":{"index":"noindex","follow":"follow"},"og_locale":"bs_BA","og_type":"article","og_title":"Primjer Ponude - Turizam u Bosni i Hercegovini: Otkrij BiH","og_description":"Ako\u00a0 ste prvi put u posjeti Sarajevu, pozivamo vas da nam se pridru\u017eite u 5-satnom obilasku Starog grada Sarajeva. Zajedno \u0107emo posjetiti znamenitosti koje ne smijete propustiti u samo jednoj turi, uklju\u010duju\u0107i sve sarajevske atrakcije poput Stare pravoslavne crkve, Gazi Husrev-Begove d\u017eamije i drevnog dijela ulice Ba\u0161\u010dar\u0161ija &#8211; jedne od glavnih turisti\u010dkih atrakcija u gradu. ... Op\u0161irnije","og_url":"https:\/\/www.tourismbih.com\/bs\/offers\/meet-sarajevo-old-town-of-sarajevo-walking-tour-sample-offer\/","og_site_name":"Turizam u Bosni i Hercegovini: Otkrij BiH","article_modified_time":"2024-02-24T19:14:22+00:00","og_image":[{"width":2560,"height":1920,"url":"https:\/\/www.tourismbih.com\/wp-content\/uploads\/2021\/02\/natalya-letunova-FYr3roIu51g-unsplash-scaled.jpg","type":"image\/jpeg"}],"twitter_card":"summary_large_image","twitter_misc":{"Est. reading time":"1 minuta"},"schema":{"@context":"https:\/\/schema.org","@graph":[{"@type":"WebPage","@id":"https:\/\/www.tourismbih.com\/bs\/offers\/meet-sarajevo-old-town-of-sarajevo-walking-tour-sample-offer\/","url":"https:\/\/www.tourismbih.com\/bs\/offers\/meet-sarajevo-old-town-of-sarajevo-walking-tour-sample-offer\/","name":"Primjer Ponude - Turizam u Bosni i Hercegovini: Otkrij BiH","isPartOf":{"@id":"https:\/\/www.tourismbih.com\/bs\/#website"},"primaryImageOfPage":{"@id":"https:\/\/www.tourismbih.com\/bs\/offers\/meet-sarajevo-old-town-of-sarajevo-walking-tour-sample-offer\/#primaryimage"},"image":{"@id":"https:\/\/www.tourismbih.com\/bs\/offers\/meet-sarajevo-old-town-of-sarajevo-walking-tour-sample-offer\/#primaryimage"},"thumbnailUrl":"https:\/\/www.tourismbih.com\/wp-content\/uploads\/2021\/02\/natalya-letunova-FYr3roIu51g-unsplash-scaled.jpg","datePublished":"2021-02-02T10:28:34+00:00","dateModified":"2024-02-24T19:14:22+00:00","breadcrumb":{"@id":"https:\/\/www.tourismbih.com\/bs\/offers\/meet-sarajevo-old-town-of-sarajevo-walking-tour-sample-offer\/#breadcrumb"},"inLanguage":"bs-BA","potentialAction":[{"@type":"ReadAction","target":["https:\/\/www.tourismbih.com\/bs\/offers\/meet-sarajevo-old-town-of-sarajevo-walking-tour-sample-offer\/"]}]},{"@type":"ImageObject","inLanguage":"bs-BA","@id":"https:\/\/www.tourismbih.com\/bs\/offers\/meet-sarajevo-old-town-of-sarajevo-walking-tour-sample-offer\/#primaryimage","url":"https:\/\/www.tourismbih.com\/wp-content\/uploads\/2021\/02\/natalya-letunova-FYr3roIu51g-unsplash-scaled.jpg","contentUrl":"https:\/\/www.tourismbih.com\/wp-content\/uploads\/2021\/02\/natalya-letunova-FYr3roIu51g-unsplash-scaled.jpg","width":2560,"height":1920},{"@type":"BreadcrumbList","@id":"https:\/\/www.tourismbih.com\/bs\/offers\/meet-sarajevo-old-town-of-sarajevo-walking-tour-sample-offer\/#breadcrumb","itemListElement":[{"@type":"ListItem","position":1,"name":"Home","item":"https:\/\/www.tourismbih.com\/bs\/"},{"@type":"ListItem","position":2,"name":"Offers","item":"https:\/\/www.tourismbih.com\/offers\/"},{"@type":"ListItem","position":3,"name":"Primjer Ponude"}]},{"@type":"WebSite","@id":"https:\/\/www.tourismbih.com\/bs\/#website","url":"https:\/\/www.tourismbih.com\/bs\/","name":"Turizam u Bosni i Hercegovini: Otkrij BiH","description":"Zemlja u obliku srca na dohvat ruke","publisher":{"@id":"https:\/\/www.tourismbih.com\/bs\/#organization"},"potentialAction":[{"@type":"SearchAction","target":{"@type":"EntryPoint","urlTemplate":"https:\/\/www.tourismbih.com\/bs\/?s={search_term_string}"},"query-input":{"@type":"PropertyValueSpecification","valueRequired":true,"valueName":"search_term_string"}}],"inLanguage":"bs-BA"},{"@type":"Organization","@id":"https:\/\/www.tourismbih.com\/bs\/#organization","name":"Turizam u Bosni i Hercegovini: Otkrij BiH","url":"https:\/\/www.tourismbih.com\/bs\/","logo":{"@type":"ImageObject","inLanguage":"bs-BA","@id":"https:\/\/www.tourismbih.com\/bs\/#\/schema\/logo\/image\/","url":"https:\/\/www.tourismbih.com\/wp-content\/uploads\/2025\/02\/new-logo-white-resized.svg","contentUrl":"https:\/\/www.tourismbih.com\/wp-content\/uploads\/2025\/02\/new-logo-white-resized.svg","caption":"Turizam u Bosni i Hercegovini: Otkrij BiH"},"image":{"@id":"https:\/\/www.tourismbih.com\/bs\/#\/schema\/logo\/image\/"}}]}},"_links":{"self":[{"href":"https:\/\/www.tourismbih.com\/bs\/wp-json\/wp\/v2\/product\/27976","targetHints":{"allow":["GET"]}}],"collection":[{"href":"https:\/\/www.tourismbih.com\/bs\/wp-json\/wp\/v2\/product"}],"about":[{"href":"https:\/\/www.tourismbih.com\/bs\/wp-json\/wp\/v2\/types\/product"}],"replies":[{"embeddable":true,"href":"https:\/\/www.tourismbih.com\/bs\/wp-json\/wp\/v2\/comments?post=27976"}],"wp:featuredmedia":[{"embeddable":true,"href":"https:\/\/www.tourismbih.com\/bs\/wp-json\/wp\/v2\/media\/27617"}],"wp:attachment":[{"href":"https:\/\/www.tourismbih.com\/bs\/wp-json\/wp\/v2\/media?parent=27976"}],"wp:term":[{"taxonomy":"product_brand","embeddable":true,"href":"https:\/\/www.tourismbih.com\/bs\/wp-json\/wp\/v2\/product_brand?post=27976"},{"taxonomy":"product_cat","embeddable":true,"href":"https:\/\/www.tourismbih.com\/bs\/wp-json\/wp\/v2\/product_cat?post=27976"},{"taxonomy":"product_tag","embeddable":true,"href":"https:\/\/www.tourismbih.com\/bs\/wp-json\/wp\/v2\/product_tag?post=27976"}],"curies":[{"name":"wp","href":"https:\/\/api.w.org\/{rel}","templated":true}]}}