{"id":30983,"date":"2024-07-23T22:58:06","date_gmt":"2024-07-23T22:58:06","guid":{"rendered":"https:\/\/www.tourismbih.com\/sobre-nosotros\/"},"modified":"2024-11-04T16:58:58","modified_gmt":"2024-11-04T16:58:58","slug":"about","status":"publish","type":"page","link":"https:\/\/www.tourismbih.com\/es\/about\/","title":{"rendered":"Sobre nosotros"},"content":{"rendered":"\n<h2 class=\"wp-block-heading has-text-align-center\">Descubre Bosnia y Herzegovina con Nosotros<\/h2>\n\n\n\n<hr class=\"wp-block-separator has-text-color has-base-3-color has-alpha-channel-opacity has-base-3-background-color has-background is-style-default\" style=\"margin-top:var(--wp--preset--spacing--80);margin-bottom:var(--wp--preset--spacing--80)\"\/>\n\n\n\n<div class=\"wp-block-columns are-vertically-aligned-center is-layout-flex wp-container-core-columns-is-layout-1809dc57 wp-block-columns-is-layout-flex\" style=\"margin-top:var(--wp--preset--spacing--80);margin-bottom:var(--wp--preset--spacing--80)\">\n<div class=\"wp-block-column is-vertically-aligned-center is-layout-flow wp-block-column-is-layout-flow\">\n<h2 class=\"wp-block-heading\">Qui\u00e9nes Somos<\/h2>\n\n\n\n<p>Bienvenidos a Turismo de Bosnia y Herzegovina (Tourism BiH). Como la principal puerta de entrada para explorar nuestro hermoso y diverso pa\u00eds, estamos dedicados a mostrar la mezcla \u00fanica de patrimonio cultural, paisajes impresionantes y comunidades vibrantes que hacen de BiH un destino imperdible. Nuestra misi\u00f3n es hacer que Bosnia y Herzegovina sea accesible y acogedora para viajeros de todo el mundo.<\/p>\n\n\n\n<p><\/p>\n<\/div>\n\n\n\n<div class=\"wp-block-column is-vertically-aligned-center is-layout-flow wp-block-column-is-layout-flow\">\n<figure class=\"wp-block-image size-full\"><img decoding=\"async\" width=\"800\" height=\"533\" src=\"https:\/\/www.tourismbih.com\/wp-content\/uploads\/2024\/09\/Kravica_Waterfalls_Bihy.jpg\" alt=\"\" class=\"wp-image-103769\" srcset=\"https:\/\/www.tourismbih.com\/wp-content\/uploads\/2024\/09\/Kravica_Waterfalls_Bihy.jpg 800w, https:\/\/www.tourismbih.com\/wp-content\/uploads\/2024\/09\/Kravica_Waterfalls_Bihy-62x41.jpg 62w\" sizes=\"(max-width: 800px) 100vw, 800px\" \/><\/figure>\n<\/div>\n<\/div>\n\n\n\n<div class=\"wp-block-columns is-layout-flex wp-container-core-columns-is-layout-7826e347 wp-block-columns-is-layout-flex\" style=\"margin-top:var(--wp--preset--spacing--80);margin-bottom:var(--wp--preset--spacing--80)\">\n<div class=\"wp-block-column is-layout-flow wp-block-column-is-layout-flow\">\n<figure class=\"wp-block-image size-full\"><img decoding=\"async\" width=\"800\" height=\"600\" src=\"https:\/\/www.tourismbih.com\/wp-content\/uploads\/2024\/09\/Banja_Luka_Bihy.jpg\" alt=\"\" class=\"wp-image-103787\" srcset=\"https:\/\/www.tourismbih.com\/wp-content\/uploads\/2024\/09\/Banja_Luka_Bihy.jpg 800w, https:\/\/www.tourismbih.com\/wp-content\/uploads\/2024\/09\/Banja_Luka_Bihy-62x47.jpg 62w\" sizes=\"(max-width: 800px) 100vw, 800px\" \/><\/figure>\n<\/div>\n\n\n\n<div class=\"wp-block-column is-vertically-aligned-center is-layout-flow wp-block-column-is-layout-flow\">\n<h2 class=\"wp-block-heading\">Nuestra Visi\u00f3n<\/h2>\n\n\n\n<p>Imaginamos una Bosnia y Herzegovina reconocida globalmente por su riqueza cultural y belleza natural. Nos comprometemos a promover un turismo sostenible que no solo respete, sino que tambi\u00e9n enriquezca nuestras comunidades locales y el medio ambiente. Al compartir las historias, tradiciones y vistas impresionantes de nuestro pa\u00eds, buscamos fomentar una comprensi\u00f3n y aprecio m\u00e1s profundos por esta regi\u00f3n extraordinaria.<\/p>\n\n\n\n<p><\/p>\n<\/div>\n<\/div>\n\n\n\n<div class=\"wp-block-columns are-vertically-aligned-center is-layout-flex wp-container-core-columns-is-layout-1809dc57 wp-block-columns-is-layout-flex\" style=\"margin-top:var(--wp--preset--spacing--80);margin-bottom:var(--wp--preset--spacing--80)\">\n<div class=\"wp-block-column is-vertically-aligned-center is-layout-flow wp-block-column-is-layout-flow\">\n<h2 class=\"wp-block-heading\">Nuestro Camino<\/h2>\n\n\n\n<p>Nuestro camino comenz\u00f3 con una simple pero poderosa idea: abrir las puertas de Bosnia y Herzegovina al mundo. Lo que comenz\u00f3 como una peque\u00f1a iniciativa ha crecido hasta convertirse en el principal portal digital para el turismo en la regi\u00f3n. Hoy, estamos orgullosos de ser la plataforma m\u00e1s visitada y seguida, ofreciendo gu\u00edas y recursos completos que conectan a millones de viajeros con las mejores experiencias que nuestro pa\u00eds tiene para ofrecer.<\/p>\n\n\n\n<p><\/p>\n\n\n\n<p><\/p>\n<\/div>\n\n\n\n<div class=\"wp-block-column is-vertically-aligned-center is-layout-flow wp-block-column-is-layout-flow\">\n<figure class=\"wp-block-image size-full\"><img decoding=\"async\" width=\"800\" height=\"564\" src=\"https:\/\/www.tourismbih.com\/wp-content\/uploads\/2024\/09\/TaraCanyonTourismBiH.jpg\" alt=\"\" class=\"wp-image-103803\" srcset=\"https:\/\/www.tourismbih.com\/wp-content\/uploads\/2024\/09\/TaraCanyonTourismBiH.jpg 800w, https:\/\/www.tourismbih.com\/wp-content\/uploads\/2024\/09\/TaraCanyonTourismBiH-62x44.jpg 62w\" sizes=\"(max-width: 800px) 100vw, 800px\" \/><\/figure>\n<\/div>\n<\/div>\n\n\n\n<div class=\"wp-block-columns is-layout-flex wp-container-core-columns-is-layout-7826e347 wp-block-columns-is-layout-flex\" style=\"margin-top:var(--wp--preset--spacing--80);margin-bottom:var(--wp--preset--spacing--80)\">\n<div class=\"wp-block-column is-layout-flow wp-block-column-is-layout-flow\">\n<figure class=\"wp-block-image size-full\"><img decoding=\"async\" width=\"800\" height=\"534\" src=\"https:\/\/www.tourismbih.com\/wp-content\/uploads\/2024\/09\/Crooked_Bridge_Mostar_Bihy.jpg\" alt=\"\" class=\"wp-image-103814\"\/><\/figure>\n<\/div>\n\n\n\n<div class=\"wp-block-column is-vertically-aligned-center is-layout-flow wp-block-column-is-layout-flow\">\n<h2 class=\"wp-block-heading\">Nuestro Compromiso con la Accesibilidad y la Inclusi\u00f3n<\/h2>\n\n\n\n<p>En Turismo BiH creemos que los viajes deben ser accesibles para todos. Somos el \u00fanico portal de turismo en la regi\u00f3n totalmente alineado con los est\u00e1ndares internacionales de accesibilidad, asegurando que nuestro contenido est\u00e9 disponible para todos, incluidas las personas con discapacidades. Este compromiso con la inclusi\u00f3n se extiende a nuestra diversa oferta de contenido, disponible en los diez idiomas m\u00e1s hablados del mundo, alcanzando a m\u00e1s de 4.6 mil millones de personas a nivel mundial.<\/p>\n\n\n\n<p><\/p>\n\n\n\n<p><\/p>\n<\/div>\n<\/div>\n\n\n\n<div class=\"wp-block-columns are-vertically-aligned-center is-layout-flex wp-container-core-columns-is-layout-1809dc57 wp-block-columns-is-layout-flex\" style=\"margin-top:var(--wp--preset--spacing--80);margin-bottom:var(--wp--preset--spacing--80)\">\n<div class=\"wp-block-column is-vertically-aligned-center is-layout-flow wp-block-column-is-layout-flow\">\n<h2 class=\"wp-block-heading\">Descubriendo Bosnia y Herzegovina<\/h2>\n\n\n\n<p>Nuestra plataforma ofrece una amplia gama de m\u00e1s de 8,000 listados en 27 ubicaciones \u00fanicas, incluyendo puntos de inter\u00e9s, monumentos culturales e hist\u00f3ricos, atracciones naturales, y una diversa selecci\u00f3n de restaurantes y alojamientos. Desde los majestuosos picos de los Alpes Din\u00e1ricos hasta las vibrantes calles de Sarajevo, nuestro objetivo es proporcionar a los viajeros toda la informaci\u00f3n que necesitan para crear viajes inolvidables.<\/p>\n\n\n\n<p><\/p>\n\n\n\n<p><\/p>\n\n\n\n<p><\/p>\n<\/div>\n\n\n\n<div class=\"wp-block-column is-vertically-aligned-center is-layout-flow wp-block-column-is-layout-flow\">\n<figure class=\"wp-block-image size-full\"><img decoding=\"async\" width=\"800\" height=\"530\" src=\"https:\/\/www.tourismbih.com\/wp-content\/uploads\/2024\/09\/BiH_food_bihy.jpg\" alt=\"\" class=\"wp-image-103825\"\/><\/figure>\n<\/div>\n<\/div>\n\n\n\n<div class=\"wp-block-columns is-layout-flex wp-container-core-columns-is-layout-7826e347 wp-block-columns-is-layout-flex\" style=\"margin-top:var(--wp--preset--spacing--80);margin-bottom:var(--wp--preset--spacing--80)\">\n<div class=\"wp-block-column is-layout-flow wp-block-column-is-layout-flow\">\n<figure class=\"wp-block-image size-full\"><img decoding=\"async\" width=\"800\" height=\"533\" src=\"https:\/\/www.tourismbih.com\/wp-content\/uploads\/2024\/09\/Bascarsija_District_Sarajevo_Bihy.jpg\" alt=\"\" class=\"wp-image-103837\"\/><\/figure>\n<\/div>\n\n\n\n<div class=\"wp-block-column is-vertically-aligned-center is-layout-flow wp-block-column-is-layout-flow\">\n<h2 class=\"wp-block-heading\">\u00danete a Nuestra Comunidad<\/h2>\n\n\n\n<p>Nuestra vibrante comunidad de viajeros y embajadores est\u00e1 en el coraz\u00f3n de todo lo que hacemos. Con miles de publicaciones e interacciones, el hashtag #bihy se ha convertido en un centro para compartir la belleza de Bosnia y Herzegovina. Celebramos las contribuciones de nuestros apasionados seguidores e invitamos a nuevos viajeros a unirse a nosotros en el descubrimiento y promoci\u00f3n de nuestro pa\u00eds.<\/p>\n\n\n\n<p><\/p>\n\n\n\n<p><\/p>\n\n\n\n<p><\/p>\n<\/div>\n<\/div>\n\n\n\n<div class=\"wp-block-columns are-vertically-aligned-center is-layout-flex wp-container-core-columns-is-layout-1809dc57 wp-block-columns-is-layout-flex\" style=\"margin-top:var(--wp--preset--spacing--80);margin-bottom:var(--wp--preset--spacing--80)\">\n<div class=\"wp-block-column is-vertically-aligned-center is-layout-flow wp-block-column-is-layout-flow\">\n<h2 class=\"wp-block-heading\">Conectar y Colaborar<\/h2>\n\n\n\n<p>Ya sea que est\u00e9s planeando tu primera visita o buscando explorar nuevos destinos, te invitamos a sumergirte en el rico contenido de nuestro sitio web. Para negocios, operadores tur\u00edsticos y socios, estamos abiertos a colaboraciones y asociaciones que mejoren la experiencia de viajar en Bosnia y Herzegovina. Trabajemos juntos para mostrar lo mejor que nuestro pa\u00eds tiene para ofrecer.Esta traducci\u00f3n est\u00e1 ajustada al contexto local y utiliza un espa\u00f1ol adecuado para una audiencia internacional, con un tono acogedor y profesional.<\/p>\n\n\n\n<p><\/p>\n\n\n\n<p><\/p>\n\n\n\n<p><\/p>\n\n\n\n<p><\/p>\n<\/div>\n\n\n\n<div class=\"wp-block-column is-vertically-aligned-center is-layout-flow wp-block-column-is-layout-flow\">\n<figure class=\"wp-block-image size-full\"><img decoding=\"async\" width=\"800\" height=\"533\" src=\"https:\/\/www.tourismbih.com\/wp-content\/uploads\/2024\/09\/Neum_City_bihy.jpg\" alt=\"\" class=\"wp-image-103849\"\/><\/figure>\n<\/div>\n<\/div>\n\n\n\n<div class=\"wp-block-columns is-layout-flex wp-container-core-columns-is-layout-9d6595d7 wp-block-columns-is-layout-flex\">\n<div class=\"wp-block-column is-layout-flow wp-block-column-is-layout-flow\"><\/div>\n<\/div>\n","protected":false},"excerpt":{"rendered":"<p>Descubre Bosnia y Herzegovina con Nosotros Qui\u00e9nes Somos Bienvenidos a Turismo de Bosnia y Herzegovina (Tourism BiH). Como la principal puerta de entrada para explorar nuestro hermoso y diverso pa\u00eds, estamos dedicados a mostrar la mezcla \u00fanica de patrimonio cultural, paisajes impresionantes y comunidades vibrantes que hacen de BiH un destino imperdible. Nuestra misi\u00f3n es &#8230; <a title=\"Sobre nosotros\" class=\"read-more\" href=\"https:\/\/www.tourismbih.com\/es\/about\/\" aria-label=\"Leer m\u00e1s sobre Sobre nosotros\">Leer m\u00e1s<\/a><\/p>\n","protected":false},"author":13,"featured_media":30984,"parent":0,"menu_order":75,"comment_status":"closed","ping_status":"closed","template":"page-templates\/about.php","meta":{"_acf_changed":false,"footnotes":""},"class_list":["post-30983","page","type-page","status-publish","has-post-thumbnail"],"acf":[],"yoast_head":"<!-- This site is optimized with the Yoast SEO plugin v27.5 - https:\/\/yoast.com\/product\/yoast-seo-wordpress\/ -->\n<title>Sobre nosotros - Turismo Bosnia y Herzegovina: Visita BiH<\/title>\n<meta name=\"robots\" content=\"index, follow, max-snippet:-1, max-image-preview:large, max-video-preview:-1\" \/>\n<link rel=\"canonical\" href=\"https:\/\/www.tourismbih.com\/es\/about\/\" \/>\n<meta property=\"og:locale\" content=\"es_ES\" \/>\n<meta property=\"og:type\" content=\"article\" \/>\n<meta property=\"og:title\" content=\"Sobre nosotros - Turismo Bosnia y Herzegovina: Visita BiH\" \/>\n<meta property=\"og:description\" content=\"Descubre Bosnia y Herzegovina con Nosotros Qui\u00e9nes Somos Bienvenidos a Turismo de Bosnia y Herzegovina (Tourism BiH). Como la principal puerta de entrada para explorar nuestro hermoso y diverso pa\u00eds, estamos dedicados a mostrar la mezcla \u00fanica de patrimonio cultural, paisajes impresionantes y comunidades vibrantes que hacen de BiH un destino imperdible. Nuestra misi\u00f3n es ... Leer m\u00e1s\" \/>\n<meta property=\"og:url\" content=\"https:\/\/www.tourismbih.com\/es\/about\/\" \/>\n<meta property=\"og:site_name\" content=\"Turismo Bosnia y Herzegovina: Visita BiH\" \/>\n<meta property=\"article:modified_time\" content=\"2024-11-04T16:58:58+00:00\" \/>\n<meta property=\"og:image\" content=\"https:\/\/www.tourismbih.com\/wp-content\/uploads\/2024\/01\/about-hero.jpg\" \/>\n\t<meta property=\"og:image:width\" content=\"1920\" \/>\n\t<meta property=\"og:image:height\" content=\"930\" \/>\n\t<meta property=\"og:image:type\" content=\"image\/jpeg\" \/>\n<meta name=\"twitter:card\" content=\"summary_large_image\" \/>\n<meta name=\"twitter:label1\" content=\"Tiempo de lectura\" \/>\n\t<meta name=\"twitter:data1\" content=\"4 minutos\" \/>\n<script type=\"application\/ld+json\" class=\"yoast-schema-graph\">{\"@context\":\"https:\\\/\\\/schema.org\",\"@graph\":[{\"@type\":\"WebPage\",\"@id\":\"https:\\\/\\\/www.tourismbih.com\\\/es\\\/about\\\/\",\"url\":\"https:\\\/\\\/www.tourismbih.com\\\/es\\\/about\\\/\",\"name\":\"Sobre nosotros - Turismo Bosnia y Herzegovina: Visita BiH\",\"isPartOf\":{\"@id\":\"https:\\\/\\\/www.tourismbih.com\\\/es\\\/#website\"},\"primaryImageOfPage\":{\"@id\":\"https:\\\/\\\/www.tourismbih.com\\\/es\\\/about\\\/#primaryimage\"},\"image\":{\"@id\":\"https:\\\/\\\/www.tourismbih.com\\\/es\\\/about\\\/#primaryimage\"},\"thumbnailUrl\":\"https:\\\/\\\/www.tourismbih.com\\\/wp-content\\\/uploads\\\/2024\\\/01\\\/about-hero.jpg\",\"datePublished\":\"2024-07-23T22:58:06+00:00\",\"dateModified\":\"2024-11-04T16:58:58+00:00\",\"breadcrumb\":{\"@id\":\"https:\\\/\\\/www.tourismbih.com\\\/es\\\/about\\\/#breadcrumb\"},\"inLanguage\":\"es\",\"potentialAction\":[{\"@type\":\"ReadAction\",\"target\":[\"https:\\\/\\\/www.tourismbih.com\\\/es\\\/about\\\/\"]}]},{\"@type\":\"ImageObject\",\"inLanguage\":\"es\",\"@id\":\"https:\\\/\\\/www.tourismbih.com\\\/es\\\/about\\\/#primaryimage\",\"url\":\"https:\\\/\\\/www.tourismbih.com\\\/wp-content\\\/uploads\\\/2024\\\/01\\\/about-hero.jpg\",\"contentUrl\":\"https:\\\/\\\/www.tourismbih.com\\\/wp-content\\\/uploads\\\/2024\\\/01\\\/about-hero.jpg\",\"width\":1920,\"height\":930},{\"@type\":\"BreadcrumbList\",\"@id\":\"https:\\\/\\\/www.tourismbih.com\\\/es\\\/about\\\/#breadcrumb\",\"itemListElement\":[{\"@type\":\"ListItem\",\"position\":1,\"name\":\"Home\",\"item\":\"https:\\\/\\\/www.tourismbih.com\\\/es\\\/\"},{\"@type\":\"ListItem\",\"position\":2,\"name\":\"Sobre nosotros\"}]},{\"@type\":\"WebSite\",\"@id\":\"https:\\\/\\\/www.tourismbih.com\\\/es\\\/#website\",\"url\":\"https:\\\/\\\/www.tourismbih.com\\\/es\\\/\",\"name\":\"Turismo Bosnia y Herzegovina: Visita BiH\",\"description\":\"The heart shaped land at your fingertips\",\"publisher\":{\"@id\":\"https:\\\/\\\/www.tourismbih.com\\\/es\\\/#organization\"},\"potentialAction\":[{\"@type\":\"SearchAction\",\"target\":{\"@type\":\"EntryPoint\",\"urlTemplate\":\"https:\\\/\\\/www.tourismbih.com\\\/es\\\/?s={search_term_string}\"},\"query-input\":{\"@type\":\"PropertyValueSpecification\",\"valueRequired\":true,\"valueName\":\"search_term_string\"}}],\"inLanguage\":\"es\"},{\"@type\":\"Organization\",\"@id\":\"https:\\\/\\\/www.tourismbih.com\\\/es\\\/#organization\",\"name\":\"Turismo Bosnia y Herzegovina: Visita BiH\",\"url\":\"https:\\\/\\\/www.tourismbih.com\\\/es\\\/\",\"logo\":{\"@type\":\"ImageObject\",\"inLanguage\":\"es\",\"@id\":\"https:\\\/\\\/www.tourismbih.com\\\/es\\\/#\\\/schema\\\/logo\\\/image\\\/\",\"url\":\"https:\\\/\\\/www.tourismbih.com\\\/wp-content\\\/uploads\\\/2025\\\/02\\\/new-logo-white-resized.svg\",\"contentUrl\":\"https:\\\/\\\/www.tourismbih.com\\\/wp-content\\\/uploads\\\/2025\\\/02\\\/new-logo-white-resized.svg\",\"caption\":\"Turismo Bosnia y Herzegovina: Visita BiH\"},\"image\":{\"@id\":\"https:\\\/\\\/www.tourismbih.com\\\/es\\\/#\\\/schema\\\/logo\\\/image\\\/\"}}]}<\/script>\n<!-- \/ Yoast SEO plugin. -->","yoast_head_json":{"title":"Sobre nosotros - Turismo Bosnia y Herzegovina: Visita BiH","robots":{"index":"index","follow":"follow","max-snippet":"max-snippet:-1","max-image-preview":"max-image-preview:large","max-video-preview":"max-video-preview:-1"},"canonical":"https:\/\/www.tourismbih.com\/es\/about\/","og_locale":"es_ES","og_type":"article","og_title":"Sobre nosotros - Turismo Bosnia y Herzegovina: Visita BiH","og_description":"Descubre Bosnia y Herzegovina con Nosotros Qui\u00e9nes Somos Bienvenidos a Turismo de Bosnia y Herzegovina (Tourism BiH). Como la principal puerta de entrada para explorar nuestro hermoso y diverso pa\u00eds, estamos dedicados a mostrar la mezcla \u00fanica de patrimonio cultural, paisajes impresionantes y comunidades vibrantes que hacen de BiH un destino imperdible. Nuestra misi\u00f3n es ... Leer m\u00e1s","og_url":"https:\/\/www.tourismbih.com\/es\/about\/","og_site_name":"Turismo Bosnia y Herzegovina: Visita BiH","article_modified_time":"2024-11-04T16:58:58+00:00","og_image":[{"width":1920,"height":930,"url":"https:\/\/www.tourismbih.com\/wp-content\/uploads\/2024\/01\/about-hero.jpg","type":"image\/jpeg"}],"twitter_card":"summary_large_image","twitter_misc":{"Tiempo de lectura":"4 minutos"},"schema":{"@context":"https:\/\/schema.org","@graph":[{"@type":"WebPage","@id":"https:\/\/www.tourismbih.com\/es\/about\/","url":"https:\/\/www.tourismbih.com\/es\/about\/","name":"Sobre nosotros - Turismo Bosnia y Herzegovina: Visita BiH","isPartOf":{"@id":"https:\/\/www.tourismbih.com\/es\/#website"},"primaryImageOfPage":{"@id":"https:\/\/www.tourismbih.com\/es\/about\/#primaryimage"},"image":{"@id":"https:\/\/www.tourismbih.com\/es\/about\/#primaryimage"},"thumbnailUrl":"https:\/\/www.tourismbih.com\/wp-content\/uploads\/2024\/01\/about-hero.jpg","datePublished":"2024-07-23T22:58:06+00:00","dateModified":"2024-11-04T16:58:58+00:00","breadcrumb":{"@id":"https:\/\/www.tourismbih.com\/es\/about\/#breadcrumb"},"inLanguage":"es","potentialAction":[{"@type":"ReadAction","target":["https:\/\/www.tourismbih.com\/es\/about\/"]}]},{"@type":"ImageObject","inLanguage":"es","@id":"https:\/\/www.tourismbih.com\/es\/about\/#primaryimage","url":"https:\/\/www.tourismbih.com\/wp-content\/uploads\/2024\/01\/about-hero.jpg","contentUrl":"https:\/\/www.tourismbih.com\/wp-content\/uploads\/2024\/01\/about-hero.jpg","width":1920,"height":930},{"@type":"BreadcrumbList","@id":"https:\/\/www.tourismbih.com\/es\/about\/#breadcrumb","itemListElement":[{"@type":"ListItem","position":1,"name":"Home","item":"https:\/\/www.tourismbih.com\/es\/"},{"@type":"ListItem","position":2,"name":"Sobre nosotros"}]},{"@type":"WebSite","@id":"https:\/\/www.tourismbih.com\/es\/#website","url":"https:\/\/www.tourismbih.com\/es\/","name":"Turismo Bosnia y Herzegovina: Visita BiH","description":"The heart shaped land at your fingertips","publisher":{"@id":"https:\/\/www.tourismbih.com\/es\/#organization"},"potentialAction":[{"@type":"SearchAction","target":{"@type":"EntryPoint","urlTemplate":"https:\/\/www.tourismbih.com\/es\/?s={search_term_string}"},"query-input":{"@type":"PropertyValueSpecification","valueRequired":true,"valueName":"search_term_string"}}],"inLanguage":"es"},{"@type":"Organization","@id":"https:\/\/www.tourismbih.com\/es\/#organization","name":"Turismo Bosnia y Herzegovina: Visita BiH","url":"https:\/\/www.tourismbih.com\/es\/","logo":{"@type":"ImageObject","inLanguage":"es","@id":"https:\/\/www.tourismbih.com\/es\/#\/schema\/logo\/image\/","url":"https:\/\/www.tourismbih.com\/wp-content\/uploads\/2025\/02\/new-logo-white-resized.svg","contentUrl":"https:\/\/www.tourismbih.com\/wp-content\/uploads\/2025\/02\/new-logo-white-resized.svg","caption":"Turismo Bosnia y Herzegovina: Visita BiH"},"image":{"@id":"https:\/\/www.tourismbih.com\/es\/#\/schema\/logo\/image\/"}}]}},"_links":{"self":[{"href":"https:\/\/www.tourismbih.com\/es\/wp-json\/wp\/v2\/pages\/30983","targetHints":{"allow":["GET"]}}],"collection":[{"href":"https:\/\/www.tourismbih.com\/es\/wp-json\/wp\/v2\/pages"}],"about":[{"href":"https:\/\/www.tourismbih.com\/es\/wp-json\/wp\/v2\/types\/page"}],"author":[{"embeddable":true,"href":"https:\/\/www.tourismbih.com\/es\/wp-json\/wp\/v2\/users\/13"}],"replies":[{"embeddable":true,"href":"https:\/\/www.tourismbih.com\/es\/wp-json\/wp\/v2\/comments?post=30983"}],"version-history":[{"count":6,"href":"https:\/\/www.tourismbih.com\/es\/wp-json\/wp\/v2\/pages\/30983\/revisions"}],"predecessor-version":[{"id":105145,"href":"https:\/\/www.tourismbih.com\/es\/wp-json\/wp\/v2\/pages\/30983\/revisions\/105145"}],"wp:featuredmedia":[{"embeddable":true,"href":"https:\/\/www.tourismbih.com\/es\/wp-json\/wp\/v2\/media\/30984"}],"wp:attachment":[{"href":"https:\/\/www.tourismbih.com\/es\/wp-json\/wp\/v2\/media?parent=30983"}],"curies":[{"name":"wp","href":"https:\/\/api.w.org\/{rel}","templated":true}]}}