{"id":122502,"date":"2025-07-29T21:52:55","date_gmt":"2025-07-29T21:52:55","guid":{"rendered":"https:\/\/www.tourismbih.com\/brochures\/"},"modified":"2025-09-28T08:37:23","modified_gmt":"2025-09-28T08:37:23","slug":"brochures","status":"publish","type":"page","link":"https:\/\/www.tourismbih.com\/fr\/brochures\/","title":{"rendered":"Brochures"},"content":{"rendered":"","protected":false},"excerpt":{"rendered":"","protected":false},"author":12,"featured_media":122504,"parent":0,"menu_order":11,"comment_status":"closed","ping_status":"closed","template":"page-templates\/brochures.php","meta":{"_acf_changed":false,"footnotes":""},"class_list":["post-122502","page","type-page","status-publish","has-post-thumbnail"],"acf":[],"yoast_head":"<!-- This site is optimized with the Yoast SEO plugin v27.6 - https:\/\/yoast.com\/product\/yoast-seo-wordpress\/ -->\n<title>T\u00e9l\u00e9charger la brochure touristique de la Bosnie Herz\u00e9govine au format PDF | Visitez la Bosnie Herz\u00e9govine<\/title>\n<meta name=\"description\" content=\"T\u00e9l\u00e9chargez gratuitement notre brochure touristique officielle de la Bosnie Herz\u00e9govine au format PDF avec des itin\u00e9raires inspirants, de la culture, de la nature, de la gastronomie et des conseils pratiques pour pr\u00e9parer votre voyage.\" \/>\n<meta name=\"robots\" content=\"index, follow, max-snippet:-1, max-image-preview:large, max-video-preview:-1\" \/>\n<link rel=\"canonical\" href=\"https:\/\/www.tourismbih.com\/fr\/brochures\/\" \/>\n<meta property=\"og:locale\" content=\"fr_FR\" \/>\n<meta property=\"og:type\" content=\"article\" \/>\n<meta property=\"og:title\" content=\"T\u00e9l\u00e9charger la brochure touristique de la Bosnie Herz\u00e9govine au format PDF | Visitez la Bosnie Herz\u00e9govine\" \/>\n<meta property=\"og:description\" content=\"T\u00e9l\u00e9chargez gratuitement notre brochure touristique officielle de la Bosnie Herz\u00e9govine au format PDF avec des itin\u00e9raires inspirants, de la culture, de la nature, de la gastronomie et des conseils pratiques pour pr\u00e9parer votre voyage.\" \/>\n<meta property=\"og:url\" content=\"https:\/\/www.tourismbih.com\/fr\/brochures\/\" \/>\n<meta property=\"og:site_name\" content=\"Tourisme Bosnie-Herz\u00e9govine : Visitez BiH\" \/>\n<meta property=\"article:modified_time\" content=\"2025-09-28T08:37:23+00:00\" \/>\n<meta property=\"og:image\" content=\"https:\/\/www.tourismbih.com\/wp-content\/uploads\/2025\/07\/brochure-hero.jpg\" \/>\n\t<meta property=\"og:image:width\" content=\"1920\" \/>\n\t<meta property=\"og:image:height\" content=\"800\" \/>\n\t<meta property=\"og:image:type\" content=\"image\/jpeg\" \/>\n<meta name=\"twitter:card\" content=\"summary_large_image\" \/>\n<script type=\"application\/ld+json\" class=\"yoast-schema-graph\">{\"@context\":\"https:\\\/\\\/schema.org\",\"@graph\":[{\"@type\":\"WebPage\",\"@id\":\"https:\\\/\\\/www.tourismbih.com\\\/fr\\\/brochures\\\/\",\"url\":\"https:\\\/\\\/www.tourismbih.com\\\/fr\\\/brochures\\\/\",\"name\":\"T\u00e9l\u00e9charger la brochure touristique de la Bosnie Herz\u00e9govine au format PDF | Visitez la Bosnie Herz\u00e9govine\",\"isPartOf\":{\"@id\":\"https:\\\/\\\/www.tourismbih.com\\\/fr\\\/#website\"},\"primaryImageOfPage\":{\"@id\":\"https:\\\/\\\/www.tourismbih.com\\\/fr\\\/brochures\\\/#primaryimage\"},\"image\":{\"@id\":\"https:\\\/\\\/www.tourismbih.com\\\/fr\\\/brochures\\\/#primaryimage\"},\"thumbnailUrl\":\"https:\\\/\\\/www.tourismbih.com\\\/wp-content\\\/uploads\\\/2025\\\/07\\\/brochure-hero.jpg\",\"datePublished\":\"2025-07-29T21:52:55+00:00\",\"dateModified\":\"2025-09-28T08:37:23+00:00\",\"description\":\"T\u00e9l\u00e9chargez gratuitement notre brochure touristique officielle de la Bosnie Herz\u00e9govine au format PDF avec des itin\u00e9raires inspirants, de la culture, de la nature, de la gastronomie et des conseils pratiques pour pr\u00e9parer votre voyage.\",\"breadcrumb\":{\"@id\":\"https:\\\/\\\/www.tourismbih.com\\\/fr\\\/brochures\\\/#breadcrumb\"},\"inLanguage\":\"fr-FR\",\"potentialAction\":[{\"@type\":\"ReadAction\",\"target\":[\"https:\\\/\\\/www.tourismbih.com\\\/fr\\\/brochures\\\/\"]}]},{\"@type\":\"ImageObject\",\"inLanguage\":\"fr-FR\",\"@id\":\"https:\\\/\\\/www.tourismbih.com\\\/fr\\\/brochures\\\/#primaryimage\",\"url\":\"https:\\\/\\\/www.tourismbih.com\\\/wp-content\\\/uploads\\\/2025\\\/07\\\/brochure-hero.jpg\",\"contentUrl\":\"https:\\\/\\\/www.tourismbih.com\\\/wp-content\\\/uploads\\\/2025\\\/07\\\/brochure-hero.jpg\",\"width\":1920,\"height\":800},{\"@type\":\"BreadcrumbList\",\"@id\":\"https:\\\/\\\/www.tourismbih.com\\\/fr\\\/brochures\\\/#breadcrumb\",\"itemListElement\":[{\"@type\":\"ListItem\",\"position\":1,\"name\":\"Home\",\"item\":\"https:\\\/\\\/www.tourismbih.com\\\/fr\\\/\"},{\"@type\":\"ListItem\",\"position\":2,\"name\":\"Brochures\"}]},{\"@type\":\"WebSite\",\"@id\":\"https:\\\/\\\/www.tourismbih.com\\\/fr\\\/#website\",\"url\":\"https:\\\/\\\/www.tourismbih.com\\\/fr\\\/\",\"name\":\"Tourisme Bosnie-Herz\u00e9govine : Visitez BiH\",\"description\":\"The heart shaped land at your fingertips\",\"publisher\":{\"@id\":\"https:\\\/\\\/www.tourismbih.com\\\/fr\\\/#organization\"},\"potentialAction\":[{\"@type\":\"SearchAction\",\"target\":{\"@type\":\"EntryPoint\",\"urlTemplate\":\"https:\\\/\\\/www.tourismbih.com\\\/fr\\\/?s={search_term_string}\"},\"query-input\":{\"@type\":\"PropertyValueSpecification\",\"valueRequired\":true,\"valueName\":\"search_term_string\"}}],\"inLanguage\":\"fr-FR\"},{\"@type\":\"Organization\",\"@id\":\"https:\\\/\\\/www.tourismbih.com\\\/fr\\\/#organization\",\"name\":\"Tourisme Bosnie-Herz\u00e9govine : Visitez BiH\",\"url\":\"https:\\\/\\\/www.tourismbih.com\\\/fr\\\/\",\"logo\":{\"@type\":\"ImageObject\",\"inLanguage\":\"fr-FR\",\"@id\":\"https:\\\/\\\/www.tourismbih.com\\\/fr\\\/#\\\/schema\\\/logo\\\/image\\\/\",\"url\":\"https:\\\/\\\/www.tourismbih.com\\\/wp-content\\\/uploads\\\/2025\\\/02\\\/new-logo-white-resized.svg\",\"contentUrl\":\"https:\\\/\\\/www.tourismbih.com\\\/wp-content\\\/uploads\\\/2025\\\/02\\\/new-logo-white-resized.svg\",\"caption\":\"Tourisme Bosnie-Herz\u00e9govine : Visitez BiH\"},\"image\":{\"@id\":\"https:\\\/\\\/www.tourismbih.com\\\/fr\\\/#\\\/schema\\\/logo\\\/image\\\/\"}}]}<\/script>\n<!-- \/ Yoast SEO plugin. -->","yoast_head_json":{"title":"T\u00e9l\u00e9charger la brochure touristique de la Bosnie Herz\u00e9govine au format PDF | Visitez la Bosnie Herz\u00e9govine","description":"T\u00e9l\u00e9chargez gratuitement notre brochure touristique officielle de la Bosnie Herz\u00e9govine au format PDF avec des itin\u00e9raires inspirants, de la culture, de la nature, de la gastronomie et des conseils pratiques pour pr\u00e9parer votre voyage.","robots":{"index":"index","follow":"follow","max-snippet":"max-snippet:-1","max-image-preview":"max-image-preview:large","max-video-preview":"max-video-preview:-1"},"canonical":"https:\/\/www.tourismbih.com\/fr\/brochures\/","og_locale":"fr_FR","og_type":"article","og_title":"T\u00e9l\u00e9charger la brochure touristique de la Bosnie Herz\u00e9govine au format PDF | Visitez la Bosnie Herz\u00e9govine","og_description":"T\u00e9l\u00e9chargez gratuitement notre brochure touristique officielle de la Bosnie Herz\u00e9govine au format PDF avec des itin\u00e9raires inspirants, de la culture, de la nature, de la gastronomie et des conseils pratiques pour pr\u00e9parer votre voyage.","og_url":"https:\/\/www.tourismbih.com\/fr\/brochures\/","og_site_name":"Tourisme Bosnie-Herz\u00e9govine : Visitez BiH","article_modified_time":"2025-09-28T08:37:23+00:00","og_image":[{"width":1920,"height":800,"url":"https:\/\/www.tourismbih.com\/wp-content\/uploads\/2025\/07\/brochure-hero.jpg","type":"image\/jpeg"}],"twitter_card":"summary_large_image","schema":{"@context":"https:\/\/schema.org","@graph":[{"@type":"WebPage","@id":"https:\/\/www.tourismbih.com\/fr\/brochures\/","url":"https:\/\/www.tourismbih.com\/fr\/brochures\/","name":"T\u00e9l\u00e9charger la brochure touristique de la Bosnie Herz\u00e9govine au format PDF | Visitez la Bosnie Herz\u00e9govine","isPartOf":{"@id":"https:\/\/www.tourismbih.com\/fr\/#website"},"primaryImageOfPage":{"@id":"https:\/\/www.tourismbih.com\/fr\/brochures\/#primaryimage"},"image":{"@id":"https:\/\/www.tourismbih.com\/fr\/brochures\/#primaryimage"},"thumbnailUrl":"https:\/\/www.tourismbih.com\/wp-content\/uploads\/2025\/07\/brochure-hero.jpg","datePublished":"2025-07-29T21:52:55+00:00","dateModified":"2025-09-28T08:37:23+00:00","description":"T\u00e9l\u00e9chargez gratuitement notre brochure touristique officielle de la Bosnie Herz\u00e9govine au format PDF avec des itin\u00e9raires inspirants, de la culture, de la nature, de la gastronomie et des conseils pratiques pour pr\u00e9parer votre voyage.","breadcrumb":{"@id":"https:\/\/www.tourismbih.com\/fr\/brochures\/#breadcrumb"},"inLanguage":"fr-FR","potentialAction":[{"@type":"ReadAction","target":["https:\/\/www.tourismbih.com\/fr\/brochures\/"]}]},{"@type":"ImageObject","inLanguage":"fr-FR","@id":"https:\/\/www.tourismbih.com\/fr\/brochures\/#primaryimage","url":"https:\/\/www.tourismbih.com\/wp-content\/uploads\/2025\/07\/brochure-hero.jpg","contentUrl":"https:\/\/www.tourismbih.com\/wp-content\/uploads\/2025\/07\/brochure-hero.jpg","width":1920,"height":800},{"@type":"BreadcrumbList","@id":"https:\/\/www.tourismbih.com\/fr\/brochures\/#breadcrumb","itemListElement":[{"@type":"ListItem","position":1,"name":"Home","item":"https:\/\/www.tourismbih.com\/fr\/"},{"@type":"ListItem","position":2,"name":"Brochures"}]},{"@type":"WebSite","@id":"https:\/\/www.tourismbih.com\/fr\/#website","url":"https:\/\/www.tourismbih.com\/fr\/","name":"Tourisme Bosnie-Herz\u00e9govine : Visitez BiH","description":"The heart shaped land at your fingertips","publisher":{"@id":"https:\/\/www.tourismbih.com\/fr\/#organization"},"potentialAction":[{"@type":"SearchAction","target":{"@type":"EntryPoint","urlTemplate":"https:\/\/www.tourismbih.com\/fr\/?s={search_term_string}"},"query-input":{"@type":"PropertyValueSpecification","valueRequired":true,"valueName":"search_term_string"}}],"inLanguage":"fr-FR"},{"@type":"Organization","@id":"https:\/\/www.tourismbih.com\/fr\/#organization","name":"Tourisme Bosnie-Herz\u00e9govine : Visitez BiH","url":"https:\/\/www.tourismbih.com\/fr\/","logo":{"@type":"ImageObject","inLanguage":"fr-FR","@id":"https:\/\/www.tourismbih.com\/fr\/#\/schema\/logo\/image\/","url":"https:\/\/www.tourismbih.com\/wp-content\/uploads\/2025\/02\/new-logo-white-resized.svg","contentUrl":"https:\/\/www.tourismbih.com\/wp-content\/uploads\/2025\/02\/new-logo-white-resized.svg","caption":"Tourisme Bosnie-Herz\u00e9govine : Visitez BiH"},"image":{"@id":"https:\/\/www.tourismbih.com\/fr\/#\/schema\/logo\/image\/"}}]}},"_links":{"self":[{"href":"https:\/\/www.tourismbih.com\/fr\/wp-json\/wp\/v2\/pages\/122502","targetHints":{"allow":["GET"]}}],"collection":[{"href":"https:\/\/www.tourismbih.com\/fr\/wp-json\/wp\/v2\/pages"}],"about":[{"href":"https:\/\/www.tourismbih.com\/fr\/wp-json\/wp\/v2\/types\/page"}],"author":[{"embeddable":true,"href":"https:\/\/www.tourismbih.com\/fr\/wp-json\/wp\/v2\/users\/12"}],"replies":[{"embeddable":true,"href":"https:\/\/www.tourismbih.com\/fr\/wp-json\/wp\/v2\/comments?post=122502"}],"version-history":[{"count":1,"href":"https:\/\/www.tourismbih.com\/fr\/wp-json\/wp\/v2\/pages\/122502\/revisions"}],"predecessor-version":[{"id":122516,"href":"https:\/\/www.tourismbih.com\/fr\/wp-json\/wp\/v2\/pages\/122502\/revisions\/122516"}],"wp:featuredmedia":[{"embeddable":true,"href":"https:\/\/www.tourismbih.com\/fr\/wp-json\/wp\/v2\/media\/122504"}],"wp:attachment":[{"href":"https:\/\/www.tourismbih.com\/fr\/wp-json\/wp\/v2\/media?parent=122502"}],"curies":[{"name":"wp","href":"https:\/\/api.w.org\/{rel}","templated":true}]}}