{"id":30626,"date":"2024-07-23T18:30:20","date_gmt":"2024-07-23T18:30:20","guid":{"rendered":"https:\/\/www.tourismbih.com\/chi-siamo\/"},"modified":"2024-11-04T16:55:04","modified_gmt":"2024-11-04T16:55:04","slug":"about","status":"publish","type":"page","link":"https:\/\/www.tourismbih.com\/it\/about\/","title":{"rendered":"Di"},"content":{"rendered":"\n<h2 class=\"wp-block-heading has-text-align-center\">Scopri la Bosnia ed Erzegovina con Noi<\/h2>\n\n\n\n<hr class=\"wp-block-separator has-text-color has-base-3-color has-alpha-channel-opacity has-base-3-background-color has-background is-style-default\" style=\"margin-top:var(--wp--preset--spacing--80);margin-bottom:var(--wp--preset--spacing--80)\"\/>\n\n\n\n<div class=\"wp-block-columns are-vertically-aligned-center is-layout-flex wp-container-core-columns-is-layout-1809dc57 wp-block-columns-is-layout-flex\" style=\"margin-top:var(--wp--preset--spacing--80);margin-bottom:var(--wp--preset--spacing--80)\">\n<div class=\"wp-block-column is-vertically-aligned-center is-layout-flow wp-block-column-is-layout-flow\">\n<h2 class=\"wp-block-heading\">Chi Siamo<\/h2>\n\n\n\n<p>Benvenuti sul sito Tourism Bosnia and Herzegovina (Tourism BiH)! Come principale portale per esplorare il nostro meraviglioso e variegato paese, ci dedichiamo a mettere in luce l&#8217;unica combinazione di patrimonio culturale, paesaggi mozzafiato e comunit\u00e0 vibranti che rendono la BiH una destinazione imperdibile. La nostra missione \u00e8 rendere la Bosnia ed Erzegovina accessibile e accogliente per i viaggiatori di tutto il mondo.<\/p>\n\n\n\n<p><\/p>\n<\/div>\n\n\n\n<div class=\"wp-block-column is-vertically-aligned-center is-layout-flow wp-block-column-is-layout-flow\">\n<figure class=\"wp-block-image size-full\"><img decoding=\"async\" width=\"800\" height=\"533\" src=\"https:\/\/www.tourismbih.com\/wp-content\/uploads\/2024\/09\/Kravica_Waterfalls_Bihy.jpg\" alt=\"\" class=\"wp-image-103769\" srcset=\"https:\/\/www.tourismbih.com\/wp-content\/uploads\/2024\/09\/Kravica_Waterfalls_Bihy.jpg 800w, https:\/\/www.tourismbih.com\/wp-content\/uploads\/2024\/09\/Kravica_Waterfalls_Bihy-62x41.jpg 62w\" sizes=\"(max-width: 800px) 100vw, 800px\" \/><\/figure>\n<\/div>\n<\/div>\n\n\n\n<div class=\"wp-block-columns is-layout-flex wp-container-core-columns-is-layout-7826e347 wp-block-columns-is-layout-flex\" style=\"margin-top:var(--wp--preset--spacing--80);margin-bottom:var(--wp--preset--spacing--80)\">\n<div class=\"wp-block-column is-layout-flow wp-block-column-is-layout-flow\">\n<figure class=\"wp-block-image size-full\"><img decoding=\"async\" width=\"800\" height=\"600\" src=\"https:\/\/www.tourismbih.com\/wp-content\/uploads\/2024\/09\/Banja_Luka_Bihy.jpg\" alt=\"\" class=\"wp-image-103787\" srcset=\"https:\/\/www.tourismbih.com\/wp-content\/uploads\/2024\/09\/Banja_Luka_Bihy.jpg 800w, https:\/\/www.tourismbih.com\/wp-content\/uploads\/2024\/09\/Banja_Luka_Bihy-62x47.jpg 62w\" sizes=\"(max-width: 800px) 100vw, 800px\" \/><\/figure>\n<\/div>\n\n\n\n<div class=\"wp-block-column is-vertically-aligned-center is-layout-flow wp-block-column-is-layout-flow\">\n<h2 class=\"wp-block-heading\">La Nostra Visione<\/h2>\n\n\n\n<p>La nostra visione \u00e8 che la Bosnia ed Erzegovina sia riconosciuta a livello mondiale per la sua ricchezza culturale e bellezza naturale. Ci impegniamo a promuovere un turismo sostenibile che non solo rispetti, ma arricchisca le nostre comunit\u00e0 locali e l&#8217;ambiente. Condividendo le storie, le tradizioni e i panorami incantevoli del nostro paese, miriamo a favorire una comprensione e un apprezzamento pi\u00f9 profondi di questa regione straordinaria.<\/p>\n\n\n\n<p><\/p>\n<\/div>\n<\/div>\n\n\n\n<div class=\"wp-block-columns are-vertically-aligned-center is-layout-flex wp-container-core-columns-is-layout-1809dc57 wp-block-columns-is-layout-flex\" style=\"margin-top:var(--wp--preset--spacing--80);margin-bottom:var(--wp--preset--spacing--80)\">\n<div class=\"wp-block-column is-vertically-aligned-center is-layout-flow wp-block-column-is-layout-flow\">\n<h2 class=\"wp-block-heading\">Il Nostro Percorso<\/h2>\n\n\n\n<p>Il nostro percorso \u00e8 iniziato con un&#8217;idea semplice ma potente: aprire le porte della Bosnia ed Erzegovina al mondo. Ci\u00f2 che \u00e8 iniziato come una piccola iniziativa si \u00e8 trasformato nel principale portale digitale per il turismo nella regione. Oggi siamo orgogliosi di essere la piattaforma pi\u00f9 visitata e seguita, offrendo guide complete e risorse che connettono milioni di viaggiatori con le migliori esperienze che il nostro paese ha da offrire.<\/p>\n\n\n\n<p><\/p>\n\n\n\n<p><\/p>\n<\/div>\n\n\n\n<div class=\"wp-block-column is-vertically-aligned-center is-layout-flow wp-block-column-is-layout-flow\">\n<figure class=\"wp-block-image size-full\"><img decoding=\"async\" width=\"800\" height=\"564\" src=\"https:\/\/www.tourismbih.com\/wp-content\/uploads\/2024\/09\/TaraCanyonTourismBiH.jpg\" alt=\"\" class=\"wp-image-103803\" srcset=\"https:\/\/www.tourismbih.com\/wp-content\/uploads\/2024\/09\/TaraCanyonTourismBiH.jpg 800w, https:\/\/www.tourismbih.com\/wp-content\/uploads\/2024\/09\/TaraCanyonTourismBiH-62x44.jpg 62w\" sizes=\"(max-width: 800px) 100vw, 800px\" \/><\/figure>\n<\/div>\n<\/div>\n\n\n\n<div class=\"wp-block-columns is-layout-flex wp-container-core-columns-is-layout-7826e347 wp-block-columns-is-layout-flex\" style=\"margin-top:var(--wp--preset--spacing--80);margin-bottom:var(--wp--preset--spacing--80)\">\n<div class=\"wp-block-column is-layout-flow wp-block-column-is-layout-flow\">\n<figure class=\"wp-block-image size-full\"><img decoding=\"async\" width=\"800\" height=\"534\" src=\"https:\/\/www.tourismbih.com\/wp-content\/uploads\/2024\/09\/Crooked_Bridge_Mostar_Bihy.jpg\" alt=\"\" class=\"wp-image-103814\"\/><\/figure>\n<\/div>\n\n\n\n<div class=\"wp-block-column is-vertically-aligned-center is-layout-flow wp-block-column-is-layout-flow\">\n<h2 class=\"wp-block-heading\">Il Nostro Impegno per l&#8217;Accessibilit\u00e0 e l&#8217;Inclusivit\u00e0<\/h2>\n\n\n\n<p>In Turizam BiH crediamo che i viaggi debbano essere accessibili a tutti. Siamo l&#8217;unico portale turistico nella regione pienamente conforme agli standard internazionali di accessibilit\u00e0, garantendo che i nostri contenuti siano disponibili per tutti, comprese le persone con disabilit\u00e0. Questo impegno verso l&#8217;inclusivit\u00e0 si riflette nella nostra offerta di contenuti diversificata, disponibile in dieci delle lingue pi\u00f9 parlate al mondo, raggiungendo oltre 4,6 miliardi di persone a livello globale.<\/p>\n\n\n\n<p><\/p>\n\n\n\n<p><\/p>\n<\/div>\n<\/div>\n\n\n\n<div class=\"wp-block-columns are-vertically-aligned-center is-layout-flex wp-container-core-columns-is-layout-1809dc57 wp-block-columns-is-layout-flex\" style=\"margin-top:var(--wp--preset--spacing--80);margin-bottom:var(--wp--preset--spacing--80)\">\n<div class=\"wp-block-column is-vertically-aligned-center is-layout-flow wp-block-column-is-layout-flow\">\n<h2 class=\"wp-block-heading\">Scoprire la Bosnia ed Erzegovina<\/h2>\n\n\n\n<p>La nostra piattaforma offre un&#8217;ampia gamma di oltre 8.000 voci in 27 localit\u00e0 uniche, tra cui punti di interesse, monumenti culturali e storici, attrazioni naturali e una variegata selezione di ristoranti e alloggi. Dai maestosi picchi delle Alpi Dinariche alle vivaci strade di Sarajevo, il nostro obiettivo \u00e8 fornire ai viaggiatori tutte le informazioni necessarie per creare viaggi indimenticabili.<\/p>\n\n\n\n<p><\/p>\n\n\n\n<p><\/p>\n\n\n\n<p><\/p>\n<\/div>\n\n\n\n<div class=\"wp-block-column is-vertically-aligned-center is-layout-flow wp-block-column-is-layout-flow\">\n<figure class=\"wp-block-image size-full\"><img decoding=\"async\" width=\"800\" height=\"530\" src=\"https:\/\/www.tourismbih.com\/wp-content\/uploads\/2024\/09\/BiH_food_bihy.jpg\" alt=\"\" class=\"wp-image-103825\"\/><\/figure>\n<\/div>\n<\/div>\n\n\n\n<div class=\"wp-block-columns is-layout-flex wp-container-core-columns-is-layout-7826e347 wp-block-columns-is-layout-flex\" style=\"margin-top:var(--wp--preset--spacing--80);margin-bottom:var(--wp--preset--spacing--80)\">\n<div class=\"wp-block-column is-layout-flow wp-block-column-is-layout-flow\">\n<figure class=\"wp-block-image size-full\"><img decoding=\"async\" width=\"800\" height=\"533\" src=\"https:\/\/www.tourismbih.com\/wp-content\/uploads\/2024\/09\/Bascarsija_District_Sarajevo_Bihy.jpg\" alt=\"\" class=\"wp-image-103837\"\/><\/figure>\n<\/div>\n\n\n\n<div class=\"wp-block-column is-vertically-aligned-center is-layout-flow wp-block-column-is-layout-flow\">\n<h2 class=\"wp-block-heading\">Unisciti alla Nostra Comunit\u00e0<\/h2>\n\n\n\n<p>La nostra comunit\u00e0 vibrante di viaggiatori e ambasciatori \u00e8 al centro di tutto ci\u00f2 che facciamo. Con migliaia di post e interazioni, l&#8217;hashtag #bihy \u00e8 diventato un centro per condividere le bellezze della Bosnia ed Erzegovina. Celebriamo i contributi dei nostri appassionati sostenitori e invitiamo nuovi viaggiatori a unirsi a noi nella scoperta e promozione del nostro paese.<\/p>\n\n\n\n<p><\/p>\n\n\n\n<p><\/p>\n\n\n\n<p><\/p>\n<\/div>\n<\/div>\n\n\n\n<div class=\"wp-block-columns are-vertically-aligned-center is-layout-flex wp-container-core-columns-is-layout-1809dc57 wp-block-columns-is-layout-flex\" style=\"margin-top:var(--wp--preset--spacing--80);margin-bottom:var(--wp--preset--spacing--80)\">\n<div class=\"wp-block-column is-vertically-aligned-center is-layout-flow wp-block-column-is-layout-flow\">\n<h2 class=\"wp-block-heading\">Connettiti e Collabora<\/h2>\n\n\n\n<p>Che tu stia pianificando la tua prima visita o cercando di esplorare nuove destinazioni, ti invitiamo a immergerti nei ricchi contenuti del nostro sito web. Per aziende, operatori turistici e partner, siamo aperti a collaborazioni e partnership che migliorano l&#8217;esperienza di viaggio in Bosnia ed Erzegovina. Lavoriamo insieme per mostrare il meglio che il nostro paese ha da offrire.<\/p>\n\n\n\n<p><\/p>\n\n\n\n<p><\/p>\n\n\n\n<p><\/p>\n\n\n\n<p><\/p>\n<\/div>\n\n\n\n<div class=\"wp-block-column is-vertically-aligned-center is-layout-flow wp-block-column-is-layout-flow\">\n<figure class=\"wp-block-image size-full\"><img decoding=\"async\" width=\"800\" height=\"533\" src=\"https:\/\/www.tourismbih.com\/wp-content\/uploads\/2024\/09\/Neum_City_bihy.jpg\" alt=\"\" class=\"wp-image-103849\"\/><\/figure>\n<\/div>\n<\/div>\n\n\n\n<div class=\"wp-block-columns is-layout-flex wp-container-core-columns-is-layout-9d6595d7 wp-block-columns-is-layout-flex\">\n<div class=\"wp-block-column is-layout-flow wp-block-column-is-layout-flow\"><\/div>\n<\/div>\n","protected":false},"excerpt":{"rendered":"<p>Scopri la Bosnia ed Erzegovina con Noi Chi Siamo Benvenuti sul sito Tourism Bosnia and Herzegovina (Tourism BiH)! Come principale portale per esplorare il nostro meraviglioso e variegato paese, ci dedichiamo a mettere in luce l&#8217;unica combinazione di patrimonio culturale, paesaggi mozzafiato e comunit\u00e0 vibranti che rendono la BiH una destinazione imperdibile. La nostra missione &#8230; <a title=\"Di\" class=\"read-more\" href=\"https:\/\/www.tourismbih.com\/it\/about\/\" aria-label=\"Per saperne di pi\u00f9 su Di\">Leggi tutto<\/a><\/p>\n","protected":false},"author":13,"featured_media":30627,"parent":0,"menu_order":76,"comment_status":"closed","ping_status":"closed","template":"page-templates\/about.php","meta":{"_acf_changed":false,"footnotes":""},"class_list":["post-30626","page","type-page","status-publish","has-post-thumbnail"],"acf":[],"yoast_head":"<!-- This site is optimized with the Yoast SEO plugin v27.5 - https:\/\/yoast.com\/product\/yoast-seo-wordpress\/ -->\n<title>Di - Turismo Bosnia ed Erzegovina: Visita BiH<\/title>\n<meta name=\"robots\" content=\"index, follow, max-snippet:-1, max-image-preview:large, max-video-preview:-1\" \/>\n<link rel=\"canonical\" href=\"https:\/\/www.tourismbih.com\/it\/about\/\" \/>\n<meta property=\"og:locale\" content=\"it_IT\" \/>\n<meta property=\"og:type\" content=\"article\" \/>\n<meta property=\"og:title\" content=\"Di - Turismo Bosnia ed Erzegovina: Visita BiH\" \/>\n<meta property=\"og:description\" content=\"Scopri la Bosnia ed Erzegovina con Noi Chi Siamo Benvenuti sul sito Tourism Bosnia and Herzegovina (Tourism BiH)! Come principale portale per esplorare il nostro meraviglioso e variegato paese, ci dedichiamo a mettere in luce l&#8217;unica combinazione di patrimonio culturale, paesaggi mozzafiato e comunit\u00e0 vibranti che rendono la BiH una destinazione imperdibile. La nostra missione ... Leggi tutto\" \/>\n<meta property=\"og:url\" content=\"https:\/\/www.tourismbih.com\/it\/about\/\" \/>\n<meta property=\"og:site_name\" content=\"Turismo Bosnia ed Erzegovina: Visita BiH\" \/>\n<meta property=\"article:modified_time\" content=\"2024-11-04T16:55:04+00:00\" \/>\n<meta property=\"og:image\" content=\"https:\/\/www.tourismbih.com\/wp-content\/uploads\/2024\/01\/about-hero.jpg\" \/>\n\t<meta property=\"og:image:width\" content=\"1920\" \/>\n\t<meta property=\"og:image:height\" content=\"930\" \/>\n\t<meta property=\"og:image:type\" content=\"image\/jpeg\" \/>\n<meta name=\"twitter:card\" content=\"summary_large_image\" \/>\n<meta name=\"twitter:label1\" content=\"Tempo di lettura stimato\" \/>\n\t<meta name=\"twitter:data1\" content=\"4 minuti\" \/>\n<script type=\"application\/ld+json\" class=\"yoast-schema-graph\">{\"@context\":\"https:\\\/\\\/schema.org\",\"@graph\":[{\"@type\":\"WebPage\",\"@id\":\"https:\\\/\\\/www.tourismbih.com\\\/it\\\/about\\\/\",\"url\":\"https:\\\/\\\/www.tourismbih.com\\\/it\\\/about\\\/\",\"name\":\"Di - Turismo Bosnia ed Erzegovina: Visita BiH\",\"isPartOf\":{\"@id\":\"https:\\\/\\\/www.tourismbih.com\\\/it\\\/#website\"},\"primaryImageOfPage\":{\"@id\":\"https:\\\/\\\/www.tourismbih.com\\\/it\\\/about\\\/#primaryimage\"},\"image\":{\"@id\":\"https:\\\/\\\/www.tourismbih.com\\\/it\\\/about\\\/#primaryimage\"},\"thumbnailUrl\":\"https:\\\/\\\/www.tourismbih.com\\\/wp-content\\\/uploads\\\/2024\\\/01\\\/about-hero.jpg\",\"datePublished\":\"2024-07-23T18:30:20+00:00\",\"dateModified\":\"2024-11-04T16:55:04+00:00\",\"breadcrumb\":{\"@id\":\"https:\\\/\\\/www.tourismbih.com\\\/it\\\/about\\\/#breadcrumb\"},\"inLanguage\":\"it-IT\",\"potentialAction\":[{\"@type\":\"ReadAction\",\"target\":[\"https:\\\/\\\/www.tourismbih.com\\\/it\\\/about\\\/\"]}]},{\"@type\":\"ImageObject\",\"inLanguage\":\"it-IT\",\"@id\":\"https:\\\/\\\/www.tourismbih.com\\\/it\\\/about\\\/#primaryimage\",\"url\":\"https:\\\/\\\/www.tourismbih.com\\\/wp-content\\\/uploads\\\/2024\\\/01\\\/about-hero.jpg\",\"contentUrl\":\"https:\\\/\\\/www.tourismbih.com\\\/wp-content\\\/uploads\\\/2024\\\/01\\\/about-hero.jpg\",\"width\":1920,\"height\":930},{\"@type\":\"BreadcrumbList\",\"@id\":\"https:\\\/\\\/www.tourismbih.com\\\/it\\\/about\\\/#breadcrumb\",\"itemListElement\":[{\"@type\":\"ListItem\",\"position\":1,\"name\":\"Home\",\"item\":\"https:\\\/\\\/www.tourismbih.com\\\/it\\\/\"},{\"@type\":\"ListItem\",\"position\":2,\"name\":\"Di\"}]},{\"@type\":\"WebSite\",\"@id\":\"https:\\\/\\\/www.tourismbih.com\\\/it\\\/#website\",\"url\":\"https:\\\/\\\/www.tourismbih.com\\\/it\\\/\",\"name\":\"Turismo Bosnia ed Erzegovina: Visita BiH\",\"description\":\"The heart shaped land at your fingertips\",\"publisher\":{\"@id\":\"https:\\\/\\\/www.tourismbih.com\\\/it\\\/#organization\"},\"potentialAction\":[{\"@type\":\"SearchAction\",\"target\":{\"@type\":\"EntryPoint\",\"urlTemplate\":\"https:\\\/\\\/www.tourismbih.com\\\/it\\\/?s={search_term_string}\"},\"query-input\":{\"@type\":\"PropertyValueSpecification\",\"valueRequired\":true,\"valueName\":\"search_term_string\"}}],\"inLanguage\":\"it-IT\"},{\"@type\":\"Organization\",\"@id\":\"https:\\\/\\\/www.tourismbih.com\\\/it\\\/#organization\",\"name\":\"Turismo Bosnia ed Erzegovina: Visita BiH\",\"url\":\"https:\\\/\\\/www.tourismbih.com\\\/it\\\/\",\"logo\":{\"@type\":\"ImageObject\",\"inLanguage\":\"it-IT\",\"@id\":\"https:\\\/\\\/www.tourismbih.com\\\/it\\\/#\\\/schema\\\/logo\\\/image\\\/\",\"url\":\"https:\\\/\\\/www.tourismbih.com\\\/wp-content\\\/uploads\\\/2025\\\/02\\\/new-logo-white-resized.svg\",\"contentUrl\":\"https:\\\/\\\/www.tourismbih.com\\\/wp-content\\\/uploads\\\/2025\\\/02\\\/new-logo-white-resized.svg\",\"caption\":\"Turismo Bosnia ed Erzegovina: Visita BiH\"},\"image\":{\"@id\":\"https:\\\/\\\/www.tourismbih.com\\\/it\\\/#\\\/schema\\\/logo\\\/image\\\/\"}}]}<\/script>\n<!-- \/ Yoast SEO plugin. -->","yoast_head_json":{"title":"Di - Turismo Bosnia ed Erzegovina: Visita BiH","robots":{"index":"index","follow":"follow","max-snippet":"max-snippet:-1","max-image-preview":"max-image-preview:large","max-video-preview":"max-video-preview:-1"},"canonical":"https:\/\/www.tourismbih.com\/it\/about\/","og_locale":"it_IT","og_type":"article","og_title":"Di - Turismo Bosnia ed Erzegovina: Visita BiH","og_description":"Scopri la Bosnia ed Erzegovina con Noi Chi Siamo Benvenuti sul sito Tourism Bosnia and Herzegovina (Tourism BiH)! Come principale portale per esplorare il nostro meraviglioso e variegato paese, ci dedichiamo a mettere in luce l&#8217;unica combinazione di patrimonio culturale, paesaggi mozzafiato e comunit\u00e0 vibranti che rendono la BiH una destinazione imperdibile. La nostra missione ... Leggi tutto","og_url":"https:\/\/www.tourismbih.com\/it\/about\/","og_site_name":"Turismo Bosnia ed Erzegovina: Visita BiH","article_modified_time":"2024-11-04T16:55:04+00:00","og_image":[{"width":1920,"height":930,"url":"https:\/\/www.tourismbih.com\/wp-content\/uploads\/2024\/01\/about-hero.jpg","type":"image\/jpeg"}],"twitter_card":"summary_large_image","twitter_misc":{"Tempo di lettura stimato":"4 minuti"},"schema":{"@context":"https:\/\/schema.org","@graph":[{"@type":"WebPage","@id":"https:\/\/www.tourismbih.com\/it\/about\/","url":"https:\/\/www.tourismbih.com\/it\/about\/","name":"Di - Turismo Bosnia ed Erzegovina: Visita BiH","isPartOf":{"@id":"https:\/\/www.tourismbih.com\/it\/#website"},"primaryImageOfPage":{"@id":"https:\/\/www.tourismbih.com\/it\/about\/#primaryimage"},"image":{"@id":"https:\/\/www.tourismbih.com\/it\/about\/#primaryimage"},"thumbnailUrl":"https:\/\/www.tourismbih.com\/wp-content\/uploads\/2024\/01\/about-hero.jpg","datePublished":"2024-07-23T18:30:20+00:00","dateModified":"2024-11-04T16:55:04+00:00","breadcrumb":{"@id":"https:\/\/www.tourismbih.com\/it\/about\/#breadcrumb"},"inLanguage":"it-IT","potentialAction":[{"@type":"ReadAction","target":["https:\/\/www.tourismbih.com\/it\/about\/"]}]},{"@type":"ImageObject","inLanguage":"it-IT","@id":"https:\/\/www.tourismbih.com\/it\/about\/#primaryimage","url":"https:\/\/www.tourismbih.com\/wp-content\/uploads\/2024\/01\/about-hero.jpg","contentUrl":"https:\/\/www.tourismbih.com\/wp-content\/uploads\/2024\/01\/about-hero.jpg","width":1920,"height":930},{"@type":"BreadcrumbList","@id":"https:\/\/www.tourismbih.com\/it\/about\/#breadcrumb","itemListElement":[{"@type":"ListItem","position":1,"name":"Home","item":"https:\/\/www.tourismbih.com\/it\/"},{"@type":"ListItem","position":2,"name":"Di"}]},{"@type":"WebSite","@id":"https:\/\/www.tourismbih.com\/it\/#website","url":"https:\/\/www.tourismbih.com\/it\/","name":"Turismo Bosnia ed Erzegovina: Visita BiH","description":"The heart shaped land at your fingertips","publisher":{"@id":"https:\/\/www.tourismbih.com\/it\/#organization"},"potentialAction":[{"@type":"SearchAction","target":{"@type":"EntryPoint","urlTemplate":"https:\/\/www.tourismbih.com\/it\/?s={search_term_string}"},"query-input":{"@type":"PropertyValueSpecification","valueRequired":true,"valueName":"search_term_string"}}],"inLanguage":"it-IT"},{"@type":"Organization","@id":"https:\/\/www.tourismbih.com\/it\/#organization","name":"Turismo Bosnia ed Erzegovina: Visita BiH","url":"https:\/\/www.tourismbih.com\/it\/","logo":{"@type":"ImageObject","inLanguage":"it-IT","@id":"https:\/\/www.tourismbih.com\/it\/#\/schema\/logo\/image\/","url":"https:\/\/www.tourismbih.com\/wp-content\/uploads\/2025\/02\/new-logo-white-resized.svg","contentUrl":"https:\/\/www.tourismbih.com\/wp-content\/uploads\/2025\/02\/new-logo-white-resized.svg","caption":"Turismo Bosnia ed Erzegovina: Visita BiH"},"image":{"@id":"https:\/\/www.tourismbih.com\/it\/#\/schema\/logo\/image\/"}}]}},"_links":{"self":[{"href":"https:\/\/www.tourismbih.com\/it\/wp-json\/wp\/v2\/pages\/30626","targetHints":{"allow":["GET"]}}],"collection":[{"href":"https:\/\/www.tourismbih.com\/it\/wp-json\/wp\/v2\/pages"}],"about":[{"href":"https:\/\/www.tourismbih.com\/it\/wp-json\/wp\/v2\/types\/page"}],"author":[{"embeddable":true,"href":"https:\/\/www.tourismbih.com\/it\/wp-json\/wp\/v2\/users\/13"}],"replies":[{"embeddable":true,"href":"https:\/\/www.tourismbih.com\/it\/wp-json\/wp\/v2\/comments?post=30626"}],"version-history":[{"count":4,"href":"https:\/\/www.tourismbih.com\/it\/wp-json\/wp\/v2\/pages\/30626\/revisions"}],"predecessor-version":[{"id":105144,"href":"https:\/\/www.tourismbih.com\/it\/wp-json\/wp\/v2\/pages\/30626\/revisions\/105144"}],"wp:featuredmedia":[{"embeddable":true,"href":"https:\/\/www.tourismbih.com\/it\/wp-json\/wp\/v2\/media\/30627"}],"wp:attachment":[{"href":"https:\/\/www.tourismbih.com\/it\/wp-json\/wp\/v2\/media?parent=30626"}],"curies":[{"name":"wp","href":"https:\/\/api.w.org\/{rel}","templated":true}]}}