{"id":33139,"date":"2024-07-27T12:43:56","date_gmt":"2024-07-27T12:43:56","guid":{"rendered":"https:\/\/www.tourismbih.com\/hakkimizda\/"},"modified":"2024-11-04T17:09:46","modified_gmt":"2024-11-04T17:09:46","slug":"about","status":"publish","type":"page","link":"https:\/\/www.tourismbih.com\/tr\/about\/","title":{"rendered":"Hakk\u0131m\u0131zda"},"content":{"rendered":"\n<h2 class=\"wp-block-heading has-text-align-center\">Bizimle Bosna-Hersek&#8217;i Ke\u015ffedin<\/h2>\n\n\n\n<hr class=\"wp-block-separator has-text-color has-base-3-color has-alpha-channel-opacity has-base-3-background-color has-background is-style-default\" style=\"margin-top:var(--wp--preset--spacing--80);margin-bottom:var(--wp--preset--spacing--80)\"\/>\n\n\n\n<div class=\"wp-block-columns are-vertically-aligned-center is-layout-flex wp-container-core-columns-is-layout-1809dc57 wp-block-columns-is-layout-flex\" style=\"margin-top:var(--wp--preset--spacing--80);margin-bottom:var(--wp--preset--spacing--80)\">\n<div class=\"wp-block-column is-vertically-aligned-center is-layout-flow wp-block-column-is-layout-flow\">\n<h2 class=\"wp-block-heading\"><strong>Kim Oldu\u011fumuz<\/strong><\/h2>\n\n\n\n<p>Bosna-Hersek Turizm&#8217;e (Tourism BiH) ho\u015f geldiniz! G\u00fczel ve \u00e7e\u015fitli \u00fclkemizi ke\u015ffetmek i\u00e7in ba\u015fl\u0131ca kap\u0131 olarak, Bosna-Hersek&#8217;i mutlaka ziyaret edilmesi gereken bir destinasyon yapan benzersiz k\u00fclt\u00fcrel miras, b\u00fcy\u00fcleyici manzaralar ve canl\u0131 topluluklar\u0131 tan\u0131tmaya kendimizi adad\u0131k. Misyonumuz, Bosna-Hersek&#8217;i d\u00fcnyan\u0131n d\u00f6rt bir yan\u0131ndan gelen gezginler i\u00e7in eri\u015filebilir ve misafirperver k\u0131lmakt\u0131r.<\/p>\n\n\n\n<p><\/p>\n<\/div>\n\n\n\n<div class=\"wp-block-column is-vertically-aligned-center is-layout-flow wp-block-column-is-layout-flow\">\n<figure class=\"wp-block-image size-full\"><img decoding=\"async\" width=\"800\" height=\"533\" src=\"https:\/\/www.tourismbih.com\/wp-content\/uploads\/2024\/09\/Kravica_Waterfalls_Bihy.jpg\" alt=\"\" class=\"wp-image-103769\" srcset=\"https:\/\/www.tourismbih.com\/wp-content\/uploads\/2024\/09\/Kravica_Waterfalls_Bihy.jpg 800w, https:\/\/www.tourismbih.com\/wp-content\/uploads\/2024\/09\/Kravica_Waterfalls_Bihy-62x41.jpg 62w\" sizes=\"(max-width: 800px) 100vw, 800px\" \/><\/figure>\n<\/div>\n<\/div>\n\n\n\n<div class=\"wp-block-columns is-layout-flex wp-container-core-columns-is-layout-7826e347 wp-block-columns-is-layout-flex\" style=\"margin-top:var(--wp--preset--spacing--80);margin-bottom:var(--wp--preset--spacing--80)\">\n<div class=\"wp-block-column is-layout-flow wp-block-column-is-layout-flow\">\n<figure class=\"wp-block-image size-full\"><img decoding=\"async\" width=\"800\" height=\"600\" src=\"https:\/\/www.tourismbih.com\/wp-content\/uploads\/2024\/09\/Banja_Luka_Bihy.jpg\" alt=\"\" class=\"wp-image-103787\" srcset=\"https:\/\/www.tourismbih.com\/wp-content\/uploads\/2024\/09\/Banja_Luka_Bihy.jpg 800w, https:\/\/www.tourismbih.com\/wp-content\/uploads\/2024\/09\/Banja_Luka_Bihy-62x47.jpg 62w\" sizes=\"(max-width: 800px) 100vw, 800px\" \/><\/figure>\n<\/div>\n\n\n\n<div class=\"wp-block-column is-vertically-aligned-center is-layout-flow wp-block-column-is-layout-flow\">\n<h2 class=\"wp-block-heading\">Vizyonumuz<\/h2>\n\n\n\n<p>Bosna-Hersek&#8217;in k\u00fclt\u00fcrel zenginli\u011fi ve do\u011fal g\u00fczelli\u011fi ile d\u00fcnya \u00e7ap\u0131nda tan\u0131nmas\u0131n\u0131 hedefliyoruz. Yerel topluluklar\u0131m\u0131z\u0131 ve \u00e7evremizi hem koruyan hem de zenginle\u015ftiren s\u00fcrd\u00fcr\u00fclebilir turizmi te\u015fvik etmeye kararl\u0131y\u0131z. \u00dclkemizin hikayelerini, geleneklerini ve nefes kesen manzaralar\u0131n\u0131 payla\u015farak, bu ola\u011fan\u00fcst\u00fc b\u00f6lgeye dair daha derin bir anlay\u0131\u015f ve takdir geli\u015ftirmeyi ama\u00e7l\u0131yoruz.<\/p>\n\n\n\n<p><\/p>\n<\/div>\n<\/div>\n\n\n\n<div class=\"wp-block-columns are-vertically-aligned-center is-layout-flex wp-container-core-columns-is-layout-1809dc57 wp-block-columns-is-layout-flex\" style=\"margin-top:var(--wp--preset--spacing--80);margin-bottom:var(--wp--preset--spacing--80)\">\n<div class=\"wp-block-column is-vertically-aligned-center is-layout-flow wp-block-column-is-layout-flow\">\n<h2 class=\"wp-block-heading\">Yolculu\u011fumuz<\/h2>\n\n\n\n<p>Yolculu\u011fumuz, Bosna-Hersek&#8217;in kap\u0131lar\u0131n\u0131 d\u00fcnyaya a\u00e7ma fikriyle ba\u015flad\u0131. K\u00fc\u00e7\u00fck bir giri\u015fim olarak ba\u015flayan bu yolculuk, \u015fimdi b\u00f6lgedeki en b\u00fcy\u00fck dijital turizm portal\u0131na d\u00f6n\u00fc\u015ft\u00fc. Bug\u00fcn, \u00fclkemizin sundu\u011fu en iyi deneyimlerle milyonlarca gezgini bir araya getiren kapsaml\u0131 rehberler ve kaynaklar sunarak, en \u00e7ok ziyaret edilen ve takip edilen platform olmaktan gurur duyuyoruz.<\/p>\n\n\n\n<p><\/p>\n\n\n\n<p><\/p>\n<\/div>\n\n\n\n<div class=\"wp-block-column is-vertically-aligned-center is-layout-flow wp-block-column-is-layout-flow\">\n<figure class=\"wp-block-image size-full\"><img decoding=\"async\" width=\"800\" height=\"564\" src=\"https:\/\/www.tourismbih.com\/wp-content\/uploads\/2024\/09\/TaraCanyonTourismBiH.jpg\" alt=\"\" class=\"wp-image-103803\" srcset=\"https:\/\/www.tourismbih.com\/wp-content\/uploads\/2024\/09\/TaraCanyonTourismBiH.jpg 800w, https:\/\/www.tourismbih.com\/wp-content\/uploads\/2024\/09\/TaraCanyonTourismBiH-62x44.jpg 62w\" sizes=\"(max-width: 800px) 100vw, 800px\" \/><\/figure>\n<\/div>\n<\/div>\n\n\n\n<div class=\"wp-block-columns is-layout-flex wp-container-core-columns-is-layout-7826e347 wp-block-columns-is-layout-flex\" style=\"margin-top:var(--wp--preset--spacing--80);margin-bottom:var(--wp--preset--spacing--80)\">\n<div class=\"wp-block-column is-layout-flow wp-block-column-is-layout-flow\">\n<figure class=\"wp-block-image size-full\"><img decoding=\"async\" width=\"800\" height=\"534\" src=\"https:\/\/www.tourismbih.com\/wp-content\/uploads\/2024\/09\/Crooked_Bridge_Mostar_Bihy.jpg\" alt=\"\" class=\"wp-image-103814\"\/><\/figure>\n<\/div>\n\n\n\n<div class=\"wp-block-column is-vertically-aligned-center is-layout-flow wp-block-column-is-layout-flow\">\n<h2 class=\"wp-block-heading\">Eri\u015filebilirlik ve Kapsay\u0131c\u0131l\u0131k Taahh\u00fcd\u00fcm\u00fcz<\/h2>\n\n\n\n<p>Tourism BiH olarak, seyahatin herkes i\u00e7in eri\u015filebilir olmas\u0131 gerekti\u011fine inan\u0131yoruz. \u0130\u00e7eri\u011fimizin engelli bireyler de dahil olmak \u00fczere herkes i\u00e7in eri\u015filebilir olmas\u0131n\u0131 sa\u011flayarak, uluslararas\u0131 eri\u015filebilirlik standartlar\u0131na tam uyum g\u00f6steren b\u00f6lgemizdeki tek turizm portal\u0131y\u0131z. Kapsay\u0131c\u0131l\u0131k taahh\u00fcd\u00fcm\u00fcz, d\u00fcnya \u00e7ap\u0131nda 4,6 milyardan fazla insana ula\u015farak, en \u00e7ok konu\u015fulan on dilde sunulan \u00e7e\u015fitli i\u00e7erik teklifimizde kendini g\u00f6sterir.<\/p>\n\n\n\n<p><\/p>\n\n\n\n<p><\/p>\n<\/div>\n<\/div>\n\n\n\n<div class=\"wp-block-columns are-vertically-aligned-center is-layout-flex wp-container-core-columns-is-layout-1809dc57 wp-block-columns-is-layout-flex\" style=\"margin-top:var(--wp--preset--spacing--80);margin-bottom:var(--wp--preset--spacing--80)\">\n<div class=\"wp-block-column is-vertically-aligned-center is-layout-flow wp-block-column-is-layout-flow\">\n<h2 class=\"wp-block-heading\">Bosna-Hersek&#8217;i Ke\u015ffedin<\/h2>\n\n\n\n<p>Platformumuz, 27 benzersiz lokasyonda 8.000&#8217;den fazla listeyi kapsayan geni\u015f bir yelpaze sunar; ilgi \u00e7ekici yerler, k\u00fclt\u00fcrel ve tarihi an\u0131tlar, do\u011fal g\u00fczellikler ve \u00e7e\u015fitli restoranlar ile konaklama se\u00e7enekleri i\u00e7erir. Dinar Alpleri&#8217;nin muhte\u015fem zirvelerinden Saraybosna&#8217;n\u0131n hareketli sokaklar\u0131na kadar, gezginlere unutulmaz seyahatler olu\u015fturmak i\u00e7in gerekli t\u00fcm bilgileri sa\u011flamay\u0131 hedefliyoruz.<\/p>\n\n\n\n<p><\/p>\n\n\n\n<p><\/p>\n\n\n\n<p><\/p>\n<\/div>\n\n\n\n<div class=\"wp-block-column is-vertically-aligned-center is-layout-flow wp-block-column-is-layout-flow\">\n<figure class=\"wp-block-image size-full\"><img decoding=\"async\" width=\"800\" height=\"530\" src=\"https:\/\/www.tourismbih.com\/wp-content\/uploads\/2024\/09\/BiH_food_bihy.jpg\" alt=\"\" class=\"wp-image-103825\"\/><\/figure>\n<\/div>\n<\/div>\n\n\n\n<div class=\"wp-block-columns is-layout-flex wp-container-core-columns-is-layout-7826e347 wp-block-columns-is-layout-flex\" style=\"margin-top:var(--wp--preset--spacing--80);margin-bottom:var(--wp--preset--spacing--80)\">\n<div class=\"wp-block-column is-layout-flow wp-block-column-is-layout-flow\">\n<figure class=\"wp-block-image size-full\"><img decoding=\"async\" width=\"800\" height=\"533\" src=\"https:\/\/www.tourismbih.com\/wp-content\/uploads\/2024\/09\/Bascarsija_District_Sarajevo_Bihy.jpg\" alt=\"\" class=\"wp-image-103837\"\/><\/figure>\n<\/div>\n\n\n\n<div class=\"wp-block-column is-vertically-aligned-center is-layout-flow wp-block-column-is-layout-flow\">\n<h2 class=\"wp-block-heading\">Toplulu\u011fumuza Kat\u0131l\u0131n<\/h2>\n\n\n\n<p>Canl\u0131 gezginler ve el\u00e7iler toplulu\u011fumuz, yapt\u0131\u011f\u0131m\u0131z her \u015feyin merkezinde yer al\u0131r. #bihy etiketiyle binlerce g\u00f6nderi ve etkile\u015fimle, Bosna-Hersek&#8217;in g\u00fczelliklerini payla\u015fmak i\u00e7in bir merkez haline geldik. Tutkulu destek\u00e7ilerimizin katk\u0131lar\u0131n\u0131 kutluyoruz ve yeni gezginleri \u00fclkemizi ke\u015ffetmeye ve tan\u0131tmaya davet ediyoruz.<\/p>\n\n\n\n<p><\/p>\n\n\n\n<p><\/p>\n\n\n\n<p><\/p>\n<\/div>\n<\/div>\n\n\n\n<div class=\"wp-block-columns are-vertically-aligned-center is-layout-flex wp-container-core-columns-is-layout-1809dc57 wp-block-columns-is-layout-flex\" style=\"margin-top:var(--wp--preset--spacing--80);margin-bottom:var(--wp--preset--spacing--80)\">\n<div class=\"wp-block-column is-vertically-aligned-center is-layout-flow wp-block-column-is-layout-flow\">\n<h2 class=\"wp-block-heading\">Ba\u011flant\u0131 ve \u0130\u015fbirli\u011fi<\/h2>\n\n\n\n<p>\u0130lk ziyaretinizi planl\u0131yor ya da yeni destinasyonlar\u0131 ke\u015ffetmek istiyor olun, web sitemizdeki zengin i\u00e7eri\u011fe dalman\u0131z\u0131 tavsiye ediyoruz. \u0130\u015fletmeler, tur operat\u00f6rleri ve i\u015f ortaklar\u0131 i\u00e7in, Bosna-Hersek&#8217;teki seyahat deneyimini geli\u015ftiren i\u015fbirlikleri ve ortakl\u0131klar i\u00e7in kap\u0131m\u0131z a\u00e7\u0131k. \u00dclkemizin sunabilece\u011fi en iyi \u015feyleri birlikte tan\u0131tal\u0131m.<\/p>\n\n\n\n<p><\/p>\n\n\n\n<p><\/p>\n\n\n\n<p><\/p>\n\n\n\n<p><\/p>\n<\/div>\n\n\n\n<div class=\"wp-block-column is-vertically-aligned-center is-layout-flow wp-block-column-is-layout-flow\">\n<figure class=\"wp-block-image size-full\"><img decoding=\"async\" width=\"800\" height=\"533\" src=\"https:\/\/www.tourismbih.com\/wp-content\/uploads\/2024\/09\/Neum_City_bihy.jpg\" alt=\"\" class=\"wp-image-103849\"\/><\/figure>\n<\/div>\n<\/div>\n\n\n\n<div class=\"wp-block-columns is-layout-flex wp-container-core-columns-is-layout-9d6595d7 wp-block-columns-is-layout-flex\">\n<div class=\"wp-block-column is-layout-flow wp-block-column-is-layout-flow\"><\/div>\n<\/div>\n","protected":false},"excerpt":{"rendered":"<p>Bizimle Bosna-Hersek&#8217;i Ke\u015ffedin Kim Oldu\u011fumuz Bosna-Hersek Turizm&#8217;e (Tourism BiH) ho\u015f geldiniz! G\u00fczel ve \u00e7e\u015fitli \u00fclkemizi ke\u015ffetmek i\u00e7in ba\u015fl\u0131ca kap\u0131 olarak, Bosna-Hersek&#8217;i mutlaka ziyaret edilmesi gereken bir destinasyon yapan benzersiz k\u00fclt\u00fcrel miras, b\u00fcy\u00fcleyici manzaralar ve canl\u0131 topluluklar\u0131 tan\u0131tmaya kendimizi adad\u0131k. Misyonumuz, Bosna-Hersek&#8217;i d\u00fcnyan\u0131n d\u00f6rt bir yan\u0131ndan gelen gezginler i\u00e7in eri\u015filebilir ve misafirperver k\u0131lmakt\u0131r. Vizyonumuz Bosna-Hersek&#8217;in k\u00fclt\u00fcrel &#8230; <a title=\"Hakk\u0131m\u0131zda\" class=\"read-more\" href=\"https:\/\/www.tourismbih.com\/tr\/about\/\" aria-label=\"Read more about Hakk\u0131m\u0131zda\">Devam\u0131n\u0131 oku<\/a><\/p>\n","protected":false},"author":13,"featured_media":33140,"parent":0,"menu_order":77,"comment_status":"closed","ping_status":"closed","template":"page-templates\/about.php","meta":{"_acf_changed":false,"footnotes":""},"class_list":["post-33139","page","type-page","status-publish","has-post-thumbnail"],"acf":[],"yoast_head":"<!-- This site is optimized with the Yoast SEO plugin v27.5 - https:\/\/yoast.com\/product\/yoast-seo-wordpress\/ -->\n<title>Hakk\u0131m\u0131zda - Bosna Hersek Turizmi: BiH&#039;yi Ziyaret Edin<\/title>\n<meta name=\"robots\" content=\"index, follow, max-snippet:-1, max-image-preview:large, max-video-preview:-1\" \/>\n<link rel=\"canonical\" href=\"https:\/\/www.tourismbih.com\/tr\/about\/\" \/>\n<meta property=\"og:locale\" content=\"tr_TR\" \/>\n<meta property=\"og:type\" content=\"article\" \/>\n<meta property=\"og:title\" content=\"Hakk\u0131m\u0131zda - Bosna Hersek Turizmi: BiH&#039;yi Ziyaret Edin\" \/>\n<meta property=\"og:description\" content=\"Bizimle Bosna-Hersek&#8217;i Ke\u015ffedin Kim Oldu\u011fumuz Bosna-Hersek Turizm&#8217;e (Tourism BiH) ho\u015f geldiniz! G\u00fczel ve \u00e7e\u015fitli \u00fclkemizi ke\u015ffetmek i\u00e7in ba\u015fl\u0131ca kap\u0131 olarak, Bosna-Hersek&#8217;i mutlaka ziyaret edilmesi gereken bir destinasyon yapan benzersiz k\u00fclt\u00fcrel miras, b\u00fcy\u00fcleyici manzaralar ve canl\u0131 topluluklar\u0131 tan\u0131tmaya kendimizi adad\u0131k. Misyonumuz, Bosna-Hersek&#8217;i d\u00fcnyan\u0131n d\u00f6rt bir yan\u0131ndan gelen gezginler i\u00e7in eri\u015filebilir ve misafirperver k\u0131lmakt\u0131r. Vizyonumuz Bosna-Hersek&#8217;in k\u00fclt\u00fcrel ... Devam\u0131n\u0131 oku\" \/>\n<meta property=\"og:url\" content=\"https:\/\/www.tourismbih.com\/tr\/about\/\" \/>\n<meta property=\"og:site_name\" content=\"Bosna Hersek Turizmi: BiH&#039;yi Ziyaret Edin\" \/>\n<meta property=\"article:modified_time\" content=\"2024-11-04T17:09:46+00:00\" \/>\n<meta property=\"og:image\" content=\"https:\/\/www.tourismbih.com\/wp-content\/uploads\/2024\/01\/about-hero.jpg\" \/>\n\t<meta property=\"og:image:width\" content=\"1920\" \/>\n\t<meta property=\"og:image:height\" content=\"930\" \/>\n\t<meta property=\"og:image:type\" content=\"image\/jpeg\" \/>\n<meta name=\"twitter:card\" content=\"summary_large_image\" \/>\n<meta name=\"twitter:label1\" content=\"Tahmini okuma s\u00fcresi\" \/>\n\t<meta name=\"twitter:data1\" content=\"4 dakika\" \/>\n<script type=\"application\/ld+json\" class=\"yoast-schema-graph\">{\"@context\":\"https:\\\/\\\/schema.org\",\"@graph\":[{\"@type\":\"WebPage\",\"@id\":\"https:\\\/\\\/www.tourismbih.com\\\/tr\\\/about\\\/\",\"url\":\"https:\\\/\\\/www.tourismbih.com\\\/tr\\\/about\\\/\",\"name\":\"Hakk\u0131m\u0131zda - Bosna Hersek Turizmi: BiH'yi Ziyaret Edin\",\"isPartOf\":{\"@id\":\"https:\\\/\\\/www.tourismbih.com\\\/tr\\\/#website\"},\"primaryImageOfPage\":{\"@id\":\"https:\\\/\\\/www.tourismbih.com\\\/tr\\\/about\\\/#primaryimage\"},\"image\":{\"@id\":\"https:\\\/\\\/www.tourismbih.com\\\/tr\\\/about\\\/#primaryimage\"},\"thumbnailUrl\":\"https:\\\/\\\/www.tourismbih.com\\\/wp-content\\\/uploads\\\/2024\\\/01\\\/about-hero.jpg\",\"datePublished\":\"2024-07-27T12:43:56+00:00\",\"dateModified\":\"2024-11-04T17:09:46+00:00\",\"breadcrumb\":{\"@id\":\"https:\\\/\\\/www.tourismbih.com\\\/tr\\\/about\\\/#breadcrumb\"},\"inLanguage\":\"tr\",\"potentialAction\":[{\"@type\":\"ReadAction\",\"target\":[\"https:\\\/\\\/www.tourismbih.com\\\/tr\\\/about\\\/\"]}]},{\"@type\":\"ImageObject\",\"inLanguage\":\"tr\",\"@id\":\"https:\\\/\\\/www.tourismbih.com\\\/tr\\\/about\\\/#primaryimage\",\"url\":\"https:\\\/\\\/www.tourismbih.com\\\/wp-content\\\/uploads\\\/2024\\\/01\\\/about-hero.jpg\",\"contentUrl\":\"https:\\\/\\\/www.tourismbih.com\\\/wp-content\\\/uploads\\\/2024\\\/01\\\/about-hero.jpg\",\"width\":1920,\"height\":930},{\"@type\":\"BreadcrumbList\",\"@id\":\"https:\\\/\\\/www.tourismbih.com\\\/tr\\\/about\\\/#breadcrumb\",\"itemListElement\":[{\"@type\":\"ListItem\",\"position\":1,\"name\":\"Home\",\"item\":\"https:\\\/\\\/www.tourismbih.com\\\/tr\\\/\"},{\"@type\":\"ListItem\",\"position\":2,\"name\":\"Hakk\u0131m\u0131zda\"}]},{\"@type\":\"WebSite\",\"@id\":\"https:\\\/\\\/www.tourismbih.com\\\/tr\\\/#website\",\"url\":\"https:\\\/\\\/www.tourismbih.com\\\/tr\\\/\",\"name\":\"Bosna Hersek Turizmi: BiH'yi Ziyaret Edin\",\"description\":\"The heart shaped land at your fingertips\",\"publisher\":{\"@id\":\"https:\\\/\\\/www.tourismbih.com\\\/tr\\\/#organization\"},\"potentialAction\":[{\"@type\":\"SearchAction\",\"target\":{\"@type\":\"EntryPoint\",\"urlTemplate\":\"https:\\\/\\\/www.tourismbih.com\\\/tr\\\/?s={search_term_string}\"},\"query-input\":{\"@type\":\"PropertyValueSpecification\",\"valueRequired\":true,\"valueName\":\"search_term_string\"}}],\"inLanguage\":\"tr\"},{\"@type\":\"Organization\",\"@id\":\"https:\\\/\\\/www.tourismbih.com\\\/tr\\\/#organization\",\"name\":\"Bosna Hersek Turizmi: BiH'yi Ziyaret Edin\",\"url\":\"https:\\\/\\\/www.tourismbih.com\\\/tr\\\/\",\"logo\":{\"@type\":\"ImageObject\",\"inLanguage\":\"tr\",\"@id\":\"https:\\\/\\\/www.tourismbih.com\\\/tr\\\/#\\\/schema\\\/logo\\\/image\\\/\",\"url\":\"https:\\\/\\\/www.tourismbih.com\\\/wp-content\\\/uploads\\\/2025\\\/02\\\/new-logo-white-resized.svg\",\"contentUrl\":\"https:\\\/\\\/www.tourismbih.com\\\/wp-content\\\/uploads\\\/2025\\\/02\\\/new-logo-white-resized.svg\",\"caption\":\"Bosna Hersek Turizmi: BiH'yi Ziyaret Edin\"},\"image\":{\"@id\":\"https:\\\/\\\/www.tourismbih.com\\\/tr\\\/#\\\/schema\\\/logo\\\/image\\\/\"}}]}<\/script>\n<!-- \/ Yoast SEO plugin. -->","yoast_head_json":{"title":"Hakk\u0131m\u0131zda - Bosna Hersek Turizmi: BiH'yi Ziyaret Edin","robots":{"index":"index","follow":"follow","max-snippet":"max-snippet:-1","max-image-preview":"max-image-preview:large","max-video-preview":"max-video-preview:-1"},"canonical":"https:\/\/www.tourismbih.com\/tr\/about\/","og_locale":"tr_TR","og_type":"article","og_title":"Hakk\u0131m\u0131zda - Bosna Hersek Turizmi: BiH'yi Ziyaret Edin","og_description":"Bizimle Bosna-Hersek&#8217;i Ke\u015ffedin Kim Oldu\u011fumuz Bosna-Hersek Turizm&#8217;e (Tourism BiH) ho\u015f geldiniz! G\u00fczel ve \u00e7e\u015fitli \u00fclkemizi ke\u015ffetmek i\u00e7in ba\u015fl\u0131ca kap\u0131 olarak, Bosna-Hersek&#8217;i mutlaka ziyaret edilmesi gereken bir destinasyon yapan benzersiz k\u00fclt\u00fcrel miras, b\u00fcy\u00fcleyici manzaralar ve canl\u0131 topluluklar\u0131 tan\u0131tmaya kendimizi adad\u0131k. Misyonumuz, Bosna-Hersek&#8217;i d\u00fcnyan\u0131n d\u00f6rt bir yan\u0131ndan gelen gezginler i\u00e7in eri\u015filebilir ve misafirperver k\u0131lmakt\u0131r. Vizyonumuz Bosna-Hersek&#8217;in k\u00fclt\u00fcrel ... Devam\u0131n\u0131 oku","og_url":"https:\/\/www.tourismbih.com\/tr\/about\/","og_site_name":"Bosna Hersek Turizmi: BiH'yi Ziyaret Edin","article_modified_time":"2024-11-04T17:09:46+00:00","og_image":[{"width":1920,"height":930,"url":"https:\/\/www.tourismbih.com\/wp-content\/uploads\/2024\/01\/about-hero.jpg","type":"image\/jpeg"}],"twitter_card":"summary_large_image","twitter_misc":{"Tahmini okuma s\u00fcresi":"4 dakika"},"schema":{"@context":"https:\/\/schema.org","@graph":[{"@type":"WebPage","@id":"https:\/\/www.tourismbih.com\/tr\/about\/","url":"https:\/\/www.tourismbih.com\/tr\/about\/","name":"Hakk\u0131m\u0131zda - Bosna Hersek Turizmi: BiH'yi Ziyaret Edin","isPartOf":{"@id":"https:\/\/www.tourismbih.com\/tr\/#website"},"primaryImageOfPage":{"@id":"https:\/\/www.tourismbih.com\/tr\/about\/#primaryimage"},"image":{"@id":"https:\/\/www.tourismbih.com\/tr\/about\/#primaryimage"},"thumbnailUrl":"https:\/\/www.tourismbih.com\/wp-content\/uploads\/2024\/01\/about-hero.jpg","datePublished":"2024-07-27T12:43:56+00:00","dateModified":"2024-11-04T17:09:46+00:00","breadcrumb":{"@id":"https:\/\/www.tourismbih.com\/tr\/about\/#breadcrumb"},"inLanguage":"tr","potentialAction":[{"@type":"ReadAction","target":["https:\/\/www.tourismbih.com\/tr\/about\/"]}]},{"@type":"ImageObject","inLanguage":"tr","@id":"https:\/\/www.tourismbih.com\/tr\/about\/#primaryimage","url":"https:\/\/www.tourismbih.com\/wp-content\/uploads\/2024\/01\/about-hero.jpg","contentUrl":"https:\/\/www.tourismbih.com\/wp-content\/uploads\/2024\/01\/about-hero.jpg","width":1920,"height":930},{"@type":"BreadcrumbList","@id":"https:\/\/www.tourismbih.com\/tr\/about\/#breadcrumb","itemListElement":[{"@type":"ListItem","position":1,"name":"Home","item":"https:\/\/www.tourismbih.com\/tr\/"},{"@type":"ListItem","position":2,"name":"Hakk\u0131m\u0131zda"}]},{"@type":"WebSite","@id":"https:\/\/www.tourismbih.com\/tr\/#website","url":"https:\/\/www.tourismbih.com\/tr\/","name":"Bosna Hersek Turizmi: BiH'yi Ziyaret Edin","description":"The heart shaped land at your fingertips","publisher":{"@id":"https:\/\/www.tourismbih.com\/tr\/#organization"},"potentialAction":[{"@type":"SearchAction","target":{"@type":"EntryPoint","urlTemplate":"https:\/\/www.tourismbih.com\/tr\/?s={search_term_string}"},"query-input":{"@type":"PropertyValueSpecification","valueRequired":true,"valueName":"search_term_string"}}],"inLanguage":"tr"},{"@type":"Organization","@id":"https:\/\/www.tourismbih.com\/tr\/#organization","name":"Bosna Hersek Turizmi: BiH'yi Ziyaret Edin","url":"https:\/\/www.tourismbih.com\/tr\/","logo":{"@type":"ImageObject","inLanguage":"tr","@id":"https:\/\/www.tourismbih.com\/tr\/#\/schema\/logo\/image\/","url":"https:\/\/www.tourismbih.com\/wp-content\/uploads\/2025\/02\/new-logo-white-resized.svg","contentUrl":"https:\/\/www.tourismbih.com\/wp-content\/uploads\/2025\/02\/new-logo-white-resized.svg","caption":"Bosna Hersek Turizmi: BiH'yi Ziyaret Edin"},"image":{"@id":"https:\/\/www.tourismbih.com\/tr\/#\/schema\/logo\/image\/"}}]}},"_links":{"self":[{"href":"https:\/\/www.tourismbih.com\/tr\/wp-json\/wp\/v2\/pages\/33139","targetHints":{"allow":["GET"]}}],"collection":[{"href":"https:\/\/www.tourismbih.com\/tr\/wp-json\/wp\/v2\/pages"}],"about":[{"href":"https:\/\/www.tourismbih.com\/tr\/wp-json\/wp\/v2\/types\/page"}],"author":[{"embeddable":true,"href":"https:\/\/www.tourismbih.com\/tr\/wp-json\/wp\/v2\/users\/13"}],"replies":[{"embeddable":true,"href":"https:\/\/www.tourismbih.com\/tr\/wp-json\/wp\/v2\/comments?post=33139"}],"version-history":[{"count":5,"href":"https:\/\/www.tourismbih.com\/tr\/wp-json\/wp\/v2\/pages\/33139\/revisions"}],"predecessor-version":[{"id":105154,"href":"https:\/\/www.tourismbih.com\/tr\/wp-json\/wp\/v2\/pages\/33139\/revisions\/105154"}],"wp:featuredmedia":[{"embeddable":true,"href":"https:\/\/www.tourismbih.com\/tr\/wp-json\/wp\/v2\/media\/33140"}],"wp:attachment":[{"href":"https:\/\/www.tourismbih.com\/tr\/wp-json\/wp\/v2\/media?parent=33139"}],"curies":[{"name":"wp","href":"https:\/\/api.w.org\/{rel}","templated":true}]}}